{"id":883,"date":"2021-06-10T03:08:14","date_gmt":"2021-06-10T07:08:14","guid":{"rendered":"https:\/\/local.somnomed.com\/en\/?page_id=883"},"modified":"2025-10-30T15:45:07","modified_gmt":"2025-10-30T14:45:07","slug":"somtabs","status":"publish","type":"page","link":"https:\/\/somnomed.com\/chgerman\/patients\/products\/somtabs\/","title":{"rendered":"SomTabs"},"content":{"rendered":"\t\t<div data-elementor-type=\"wp-page\" data-elementor-id=\"883\" class=\"elementor elementor-883\" data-elementor-post-type=\"page\">\n\t\t\t\t\t\t<section data-particle_enable=\"false\" data-particle-mobile-disabled=\"false\" class=\"elementor-section elementor-top-section elementor-element elementor-element-72f52a7c elementor-section-content-middle elementor-reverse-mobile elementor-section-boxed elementor-section-height-default elementor-section-height-default\" data-id=\"72f52a7c\" data-element_type=\"section\" data-e-type=\"section\">\n\t\t\t\t\t\t<div class=\"elementor-container elementor-column-gap-default\">\n\t\t\t\t\t<div class=\"elementor-column elementor-col-50 elementor-top-column elementor-element elementor-element-2403d00b\" data-id=\"2403d00b\" data-element_type=\"column\" data-e-type=\"column\">\n\t\t\t<div class=\"elementor-widget-wrap elementor-element-populated\">\n\t\t\t\t\t\t<section data-particle_enable=\"false\" data-particle-mobile-disabled=\"false\" class=\"elementor-section elementor-inner-section elementor-element elementor-element-1b9c5562 elementor-section-full_width elementor-section-height-default elementor-section-height-default\" data-id=\"1b9c5562\" data-element_type=\"section\" data-e-type=\"section\">\n\t\t\t\t\t\t<div class=\"elementor-container elementor-column-gap-no\">\n\t\t\t\t\t<div class=\"elementor-column elementor-col-100 elementor-inner-column elementor-element elementor-element-6d4e0d43\" data-id=\"6d4e0d43\" data-element_type=\"column\" data-e-type=\"column\">\n\t\t\t<div class=\"elementor-widget-wrap elementor-element-populated\">\n\t\t\t\t\t\t<div class=\"elementor-element elementor-element-480f3dc elementor-widget elementor-widget-heading\" data-id=\"480f3dc\" data-element_type=\"widget\" data-e-type=\"widget\" data-widget_type=\"heading.default\">\n\t\t\t\t<div class=\"elementor-widget-container\">\n\t\t\t\t\t<h1 class=\"elementor-heading-title elementor-size-default\">Reinigen der Schlafapnoe-Schiene<\/h1>\t\t\t\t<\/div>\n\t\t\t\t<\/div>\n\t\t\t\t<div class=\"elementor-element elementor-element-45e291f9 elementor-widget elementor-widget-text-editor\" data-id=\"45e291f9\" data-element_type=\"widget\" data-e-type=\"widget\" data-widget_type=\"text-editor.default\">\n\t\t\t\t<div class=\"elementor-widget-container\">\n\t\t\t\t\t\t\t\t\t<p>Es ist wichtig, dass Sie Ihre Schiene sauber halten. SomnoMed<sup>\u00ae<\/sup> empfiehlt die Verwendung von SomTabs, damit Ihre Schiene in einem guten Zustand bleibt.<br \/>SomTabs sind Reinigungstabletten, die exklusiv f\u00fcr SomnoMed entwickelt und hergestellt wurden. Sie reinigen Ihre Schiene sanft und dennoch gr\u00fcndlich, damit sie in einem tadellosen Zustand bleibt. SomTabs reinigen schwer zug\u00e4ngliche Bereiche Ihrer Schiene und beseitigen effektiv Ger\u00fcche.<br \/>SomTabs sind in der Packungsgr\u00f6sse mit 30 Tabs erh\u00e4ltlich.<\/p>\t\t\t\t\t\t\t\t<\/div>\n\t\t\t\t<\/div>\n\t\t\t\t<div class=\"elementor-element elementor-element-5af11cd elementor-widget elementor-widget-button\" data-id=\"5af11cd\" data-element_type=\"widget\" data-e-type=\"widget\" data-widget_type=\"button.default\">\n\t\t\t\t<div class=\"elementor-widget-container\">\n\t\t\t\t\t\t\t\t\t<div class=\"elementor-button-wrapper\">\n\t\t\t\t\t<a class=\"elementor-button elementor-button-link elementor-size-sm\" href=\"https:\/\/somaccount.somnomed.com\/ch_de\/\">\n\t\t\t\t\t\t<span class=\"elementor-button-content-wrapper\">\n\t\t\t\t\t\t\t\t\t<span class=\"elementor-button-text\">Jetzt bestellen<\/span>\n\t\t\t\t\t<\/span>\n\t\t\t\t\t<\/a>\n\t\t\t\t<\/div>\n\t\t\t\t\t\t\t\t<\/div>\n\t\t\t\t<\/div>\n\t\t\t\t\t<\/div>\n\t\t<\/div>\n\t\t\t\t\t<\/div>\n\t\t<\/section>\n\t\t\t\t\t<\/div>\n\t\t<\/div>\n\t\t\t\t<div class=\"elementor-column elementor-col-50 elementor-top-column elementor-element elementor-element-61d3090d\" data-id=\"61d3090d\" data-element_type=\"column\" data-e-type=\"column\">\n\t\t\t<div class=\"elementor-widget-wrap elementor-element-populated\">\n\t\t\t\t\t\t<div class=\"elementor-element elementor-element-f6cff25 elementor-widget elementor-widget-image\" data-id=\"f6cff25\" data-element_type=\"widget\" data-e-type=\"widget\" data-widget_type=\"image.default\">\n\t\t\t\t<div class=\"elementor-widget-container\">\n\t\t\t\t\t\t\t\t\t\t\t\t\t\t\t<img fetchpriority=\"high\" decoding=\"async\" width=\"1640\" height=\"924\" src=\"https:\/\/somnomed.com\/chgerman\/wp-content\/uploads\/sites\/23\/2025\/10\/SomTabs-box.png\" class=\"attachment-2048x2048 size-2048x2048 wp-image-16596\" alt=\"\" srcset=\"https:\/\/somnomed.com\/chgerman\/wp-content\/uploads\/sites\/23\/2025\/10\/SomTabs-box.png 1640w, https:\/\/somnomed.com\/chgerman\/wp-content\/uploads\/sites\/23\/2025\/10\/SomTabs-box-300x169.png 300w, https:\/\/somnomed.com\/chgerman\/wp-content\/uploads\/sites\/23\/2025\/10\/SomTabs-box-1024x577.png 1024w, https:\/\/somnomed.com\/chgerman\/wp-content\/uploads\/sites\/23\/2025\/10\/SomTabs-box-768x433.png 768w, https:\/\/somnomed.com\/chgerman\/wp-content\/uploads\/sites\/23\/2025\/10\/SomTabs-box-1536x865.png 1536w\" sizes=\"(max-width: 1640px) 100vw, 1640px\" \/>\t\t\t\t\t\t\t\t\t\t\t\t\t\t\t<\/div>\n\t\t\t\t<\/div>\n\t\t\t\t\t<\/div>\n\t\t<\/div>\n\t\t\t\t\t<\/div>\n\t\t<\/section>\n\t\t\t\t<section data-particle_enable=\"false\" data-particle-mobile-disabled=\"false\" class=\"elementor-section elementor-top-section elementor-element elementor-element-42b3dec4 elementor-section-boxed elementor-section-height-default elementor-section-height-default\" data-id=\"42b3dec4\" data-element_type=\"section\" data-e-type=\"section\" data-settings=\"{&quot;background_background&quot;:&quot;classic&quot;}\">\n\t\t\t\t\t\t\t<div class=\"elementor-background-overlay\"><\/div>\n\t\t\t\t\t\t\t<div class=\"elementor-container elementor-column-gap-default\">\n\t\t\t\t\t<div class=\"elementor-column elementor-col-100 elementor-top-column elementor-element elementor-element-1f58bca2\" data-id=\"1f58bca2\" data-element_type=\"column\" data-e-type=\"column\">\n\t\t\t<div class=\"elementor-widget-wrap elementor-element-populated\">\n\t\t\t\t\t\t<div class=\"elementor-element elementor-element-76306d03 elementor-widget elementor-widget-Custom_El_Slider_Vertical\" data-id=\"76306d03\" data-element_type=\"widget\" data-e-type=\"widget\" data-widget_type=\"Custom_El_Slider_Vertical.default\">\n\t\t\t\t<div class=\"elementor-widget-container\">\n\t\t\t\t\t      <div id=\"el-slider-vertical-69ebd699e4309\" class=\"el-slider-vertical\">\r\n        <div class=\"row align-items-center \">\r\n          <div class=\"col-xl-6 pe-xl-5\">\r\n            <div class=\"el-slider-vertical__images\">\r\n                                                <div class=\"el-slider-vertical__image bg-center\" style=\"background-image:url('https:\/\/somnomed.com\/chgerman\/wp-content\/uploads\/sites\/23\/2025\/10\/Intersection-142.jpg')\"><\/div>\r\n                                                                <div class=\"el-slider-vertical__image bg-center\" style=\"background-image:url('https:\/\/somnomed.com\/chgerman\/wp-content\/uploads\/sites\/23\/2025\/10\/Untitled-11-1024x1024.jpg')\"><\/div>\r\n                                                                <div class=\"el-slider-vertical__image bg-center\" style=\"background-image:url('https:\/\/somnomed.com\/chgerman\/wp-content\/uploads\/sites\/23\/2025\/10\/Untitled-12-1024x1024.jpg')\"><\/div>\r\n                                                                <div class=\"el-slider-vertical__image bg-center\" style=\"background-image:url('https:\/\/somnomed.com\/chgerman\/wp-content\/uploads\/sites\/23\/2025\/10\/Untitled-15-1024x1024.jpg')\"><\/div>\r\n                                                                <div class=\"el-slider-vertical__image bg-center\" style=\"background-image:url('https:\/\/somnomed.com\/chgerman\/wp-content\/uploads\/sites\/23\/2025\/10\/Untitled-17-1024x1024.jpg')\"><\/div>\r\n                                                                <div class=\"el-slider-vertical__image bg-center\" style=\"background-image:url('https:\/\/somnomed.com\/chgerman\/wp-content\/uploads\/sites\/23\/2025\/10\/Untitled-18-1024x1024.jpg')\"><\/div>\r\n                                                                <div class=\"el-slider-vertical__image bg-center\" style=\"background-image:url('https:\/\/somnomed.com\/chgerman\/wp-content\/uploads\/sites\/23\/2025\/10\/Untitled-19-1024x1024.jpg')\"><\/div>\r\n                                                                <div class=\"el-slider-vertical__image bg-center\" style=\"background-image:url('https:\/\/somnomed.com\/chgerman\/wp-content\/uploads\/sites\/23\/2025\/10\/Untitled-20-1024x1024.jpg')\"><\/div>\r\n                                          <\/div>\r\n          <\/div>\r\n\r\n          <div class=\"col-xl-6\">\r\n            <div class=\"row g-0 align-items-center \">\r\n              <div class=\"col-xl-4 text-center\">\r\n                                  <div class=\"el-slider-vertical__nav d-flex flex-wrap flex-xl-column py-4 align-items-center justify-content-center\">\r\n                    <a href=\"#\" class=\"el-slider-vertical__nav--prev px-3\">\r\n                      <img decoding=\"async\" src=\"https:\/\/somnomed.com\/chgerman\/wp-content\/themes\/somnomed-2021\/assets\/images\/chev-up.svg\" alt=\"Arrow\" class=\"img-fluid\" width=\"30\">\r\n                    <\/a>\r\n\r\n                    <span class=\"el-slider-vertical__nav--current\">01<\/span>\r\n\r\n                    <a href=\"#\" class=\"el-slider-vertical__nav--next px-3\">\r\n                      <img decoding=\"async\" src=\"https:\/\/somnomed.com\/chgerman\/wp-content\/themes\/somnomed-2021\/assets\/images\/chev-down.svg\" alt=\"Arrow\" class=\"img-fluid\" width=\"30\">\r\n                    <\/a>\r\n                  <\/div>\r\n                              <\/div>\r\n\r\n              <div class=\"col-xl-8\">\r\n                                  <h2 class=\"mb-4\">Reinigen Ihrer Schlafapnoe-Schiene mit SomTabs<\/h2>\r\n                \r\n                <div class=\"el-slider-vertical__content\">\r\n                                      <div class=\"el-slider-vertical__content-inner\">\r\n                      <h4><strong>Schritt 1: Aufl\u00f6sen der Tablette<\/strong><\/h4>\n<p>L\u00f6sen Sie eine SomTabs-Tablette in ausreichend warmem Wasser (ca. 35 \u00b0C) im Aufbewahrungsbeh\u00e4lter der Schiene auf.\u00a0<\/p>\n<h6><em><strong>*Verwenden Sie niemals hei\u00dfes Wasser, da hei\u00dfes Wasser Ihre Schiene besch\u00e4digt und zum Erl\u00f6schen der Garantie f\u00fchrt.<\/strong><\/em><\/h6>\n<p>Scrollen Sie weiter, indem Sie links auf die Pfeile klicken.\u00a0<\/p>\n\r\n                                          <\/div>\r\n                                      <div class=\"el-slider-vertical__content-inner\">\r\n                      <h4><strong>Schritt 2: Legen Sie Ihre Schiene in\u00a0 L\u00f6sung, nachdem sich die SomTabs vollst\u00e4ndig aufgel\u00f6st hat<\/strong><\/h4>\n<p>Legen Sie Ihre Schlafapnoe-Schiene vorsichtig in den Aufbewahrungsbeh\u00e4lter. Alle Teile m\u00fcssen vollst\u00e4ndig von der Reinigungsl\u00f6sung bedeckt sein.<\/p>\n\r\n                                          <\/div>\r\n                                      <div class=\"el-slider-vertical__content-inner\">\r\n                      <h4>Schritt 3: Entfernen Sie nach ca. 15 Minuten die Schiene aus dem Aufbewahrungsbeh\u00e4lter<\/h4>\n<p>Achten Sie darauf, dabei keine kleinen Teile zu verlieren. Leeren Sie die Reinigungsl\u00f6sung aus dem Aufbewahrungsbeh\u00e4lter.<\/p>\n<h6><em>Entsorgen Sie die verbleibende L\u00f6sung nach der Anwendung.<\/em><\/h6>\n\r\n                                          <\/div>\r\n                                      <div class=\"el-slider-vertical__content-inner\">\r\n                      <h4>Schritt 4: B\u00fcrsten mit der Zahnb\u00fcrste<\/h4>\n<p>Nachdem Sie die Schiene aus dem Aufbewahrungsbeh\u00e4lter entfernt haben, putzen Sie sie gr\u00fcndlich mit einer Zahnb\u00fcrste.<\/p>\n\r\n                                          <\/div>\r\n                                      <div class=\"el-slider-vertical__content-inner\">\r\n                      <h4>Schritt 5: Verwenden Sie f\u00fcr bestimmte Schienen zus\u00e4tzlich eine kleine B\u00fcrste<\/h4>\n<p>F\u00fcr die SommnoDent Flex und SommnoDent Fusion wird eine kleine B\u00fcrste mitgeliefert, um die Metallkomponenten zu reinigen.\u00a0<\/p>\n\r\n                                          <\/div>\r\n                                      <div class=\"el-slider-vertical__content-inner\">\r\n                      <h4>Schritt 6: Absp\u00fclen<\/h4>\n<p>Sp\u00fclen Sie die Schiene unter flie\u00dfendem Wasser ab.<\/p>\n\r\n                                          <\/div>\r\n                                      <div class=\"el-slider-vertical__content-inner\">\r\n                      <h4>Schritt 7: Trocknen<\/h4>\n<p>Trocknen Sie alle Teile der Schiene und den Aufbewahrungsbeh\u00e4lter sorgf\u00e4ltig mit einem sauberen Handtuch.<\/p>\n\r\n                                          <\/div>\r\n                                      <div class=\"el-slider-vertical__content-inner\">\r\n                      <p>Bei Nichtgebrauch sollte Ihre SomnoDent-Schiene trocken gelagert werden. Weitere Informationen finden Sie in der Gebrauchsanweisungen Ihrer SomnoDent-Schlafapnoe-Schiene.<\/p>\n\r\n                                          <\/div>\r\n                                  <\/div>\r\n              <\/div>\r\n            <\/div>\r\n          <\/div>\r\n        <\/div>\r\n      <\/div>\r\n\r\n      <script>\r\n        jQuery(document).ready(function($) {\r\n          $('#el-slider-vertical-69ebd699e4309 .el-slider-vertical__images').slick({\r\n            slidesToShow: 1,\r\n            slidesToScroll: 1,\r\n            arrows: false,\r\n            dots: false,\r\n            fade: true,\r\n            asNavFor: '#el-slider-vertical-69ebd699e4309 .el-slider-vertical__content',\r\n            responsive: [\r\n              {\r\n                breakpoint: 1200,\r\n                settings: {\r\n                  fade: false,\r\n                }\r\n              }\r\n            ]\r\n          });\r\n\r\n          $('#el-slider-vertical-69ebd699e4309 .el-slider-vertical__content').slick({\r\n            slidesToShow: 1,\r\n            slidesToScroll: 1,\r\n            asNavFor: '#el-slider-vertical-69ebd699e4309 .el-slider-vertical__images',\r\n            prevArrow: '#el-slider-vertical-69ebd699e4309 .el-slider-vertical__nav--prev',\r\n            nextArrow: '#el-slider-vertical-69ebd699e4309 .el-slider-vertical__nav--next',\r\n            arrows: true,\r\n            fade: true,\r\n            dots: false,\r\n            responsive: [\r\n              {\r\n                breakpoint: 1200,\r\n                settings: {\r\n                  adaptiveHeight: true,\r\n                  fade: false,\r\n                }\r\n              }\r\n            ]\r\n          });\r\n\r\n          $('#el-slider-vertical-69ebd699e4309 .el-slider-vertical__content').on('beforeChange', function(event, slick, currentSlide, nextSlide) {\r\n            $('#el-slider-vertical-69ebd699e4309 .el-slider-vertical__nav--current').text('0' + (nextSlide + 1));\r\n          });\r\n        });\r\n      <\/script>\r\n        \t\t\t\t<\/div>\n\t\t\t\t<\/div>\n\t\t\t\t\t<\/div>\n\t\t<\/div>\n\t\t\t\t\t<\/div>\n\t\t<\/section>\n\t\t\t\t<section data-particle_enable=\"false\" data-particle-mobile-disabled=\"false\" class=\"elementor-section elementor-top-section elementor-element elementor-element-65beaac5 elementor-section-content-middle elementor-section-boxed elementor-section-height-default elementor-section-height-default\" data-id=\"65beaac5\" data-element_type=\"section\" data-e-type=\"section\" data-settings=\"{&quot;background_background&quot;:&quot;classic&quot;}\">\n\t\t\t\t\t\t<div class=\"elementor-container elementor-column-gap-no\">\n\t\t\t\t\t<div class=\"elementor-column elementor-col-50 elementor-top-column elementor-element elementor-element-f7ccb4e\" data-id=\"f7ccb4e\" data-element_type=\"column\" data-e-type=\"column\">\n\t\t\t<div class=\"elementor-widget-wrap elementor-element-populated\">\n\t\t\t\t\t\t<div class=\"elementor-element elementor-element-3c57b3d4 elementor-widget elementor-widget-heading\" data-id=\"3c57b3d4\" data-element_type=\"widget\" data-e-type=\"widget\" data-widget_type=\"heading.default\">\n\t\t\t\t<div class=\"elementor-widget-container\">\n\t\t\t\t\t<h1 class=\"elementor-heading-title elementor-size-default\"><b>Gebrauchsanweisung f\u00fcr  SomTabs<\/b><\/h1>\t\t\t\t<\/div>\n\t\t\t\t<\/div>\n\t\t\t\t\t<\/div>\n\t\t<\/div>\n\t\t\t\t<div class=\"elementor-column elementor-col-50 elementor-top-column elementor-element elementor-element-74829e4c\" data-id=\"74829e4c\" data-element_type=\"column\" data-e-type=\"column\">\n\t\t\t<div class=\"elementor-widget-wrap elementor-element-populated\">\n\t\t\t\t\t\t<div class=\"elementor-element elementor-element-58c1ad3c elementor-align-center elementor-widget elementor-widget-button\" data-id=\"58c1ad3c\" data-element_type=\"widget\" data-e-type=\"widget\" data-widget_type=\"button.default\">\n\t\t\t\t<div class=\"elementor-widget-container\">\n\t\t\t\t\t\t\t\t\t<div class=\"elementor-button-wrapper\">\n\t\t\t\t\t<a class=\"elementor-button elementor-button-link elementor-size-sm\" href=\"https:\/\/cdn.somnomed.com\/uploads\/LTwpKgnFGAvfTwtSN\/original.pdf\">\n\t\t\t\t\t\t<span class=\"elementor-button-content-wrapper\">\n\t\t\t\t\t\t\t\t\t<span class=\"elementor-button-text\">Download<\/span>\n\t\t\t\t\t<\/span>\n\t\t\t\t\t<\/a>\n\t\t\t\t<\/div>\n\t\t\t\t\t\t\t\t<\/div>\n\t\t\t\t<\/div>\n\t\t\t\t\t<\/div>\n\t\t<\/div>\n\t\t\t\t\t<\/div>\n\t\t<\/section>\n\t\t\t\t<section data-particle_enable=\"false\" data-particle-mobile-disabled=\"false\" class=\"elementor-section elementor-top-section elementor-element elementor-element-f941545 elementor-section-content-middle elementor-reverse-mobile elementor-section-boxed elementor-section-height-default elementor-section-height-default\" data-id=\"f941545\" data-element_type=\"section\" data-e-type=\"section\">\n\t\t\t\t\t\t<div class=\"elementor-container elementor-column-gap-default\">\n\t\t\t\t\t<div class=\"elementor-column elementor-col-50 elementor-top-column elementor-element elementor-element-c07fc42\" data-id=\"c07fc42\" data-element_type=\"column\" data-e-type=\"column\">\n\t\t\t<div class=\"elementor-widget-wrap elementor-element-populated\">\n\t\t\t\t\t\t<section data-particle_enable=\"false\" data-particle-mobile-disabled=\"false\" class=\"elementor-section elementor-inner-section elementor-element elementor-element-16a4265 elementor-section-full_width elementor-section-height-default elementor-section-height-default\" data-id=\"16a4265\" data-element_type=\"section\" data-e-type=\"section\">\n\t\t\t\t\t\t<div class=\"elementor-container elementor-column-gap-no\">\n\t\t\t\t\t<div class=\"elementor-column elementor-col-100 elementor-inner-column elementor-element elementor-element-f48fa64\" data-id=\"f48fa64\" data-element_type=\"column\" data-e-type=\"column\">\n\t\t\t<div class=\"elementor-widget-wrap elementor-element-populated\">\n\t\t\t\t\t\t<div class=\"elementor-element elementor-element-9f870cf elementor-widget elementor-widget-heading\" data-id=\"9f870cf\" data-element_type=\"widget\" data-e-type=\"widget\" data-widget_type=\"heading.default\">\n\t\t\t\t<div class=\"elementor-widget-container\">\n\t\t\t\t\t<h2 class=\"elementor-heading-title elementor-size-default\">Wichtige Hinweise zu Ihrer Schlafapnoe-Schiene und SomTabs<\/h2>\t\t\t\t<\/div>\n\t\t\t\t<\/div>\n\t\t\t\t<div class=\"elementor-element elementor-element-ec59ab0 elementor-icon-list--layout-traditional elementor-list-item-link-full_width elementor-widget elementor-widget-icon-list\" data-id=\"ec59ab0\" data-element_type=\"widget\" data-e-type=\"widget\" data-widget_type=\"icon-list.default\">\n\t\t\t\t<div class=\"elementor-widget-container\">\n\t\t\t\t\t\t\t<ul class=\"elementor-icon-list-items\">\n\t\t\t\t\t\t\t<li class=\"elementor-icon-list-item\">\n\t\t\t\t\t\t\t\t\t\t<span class=\"elementor-icon-list-text\">Halten Sie Ihre Schiene von direkter Sonneneinstrahlung fern<\/span>\n\t\t\t\t\t\t\t\t\t<\/li>\n\t\t\t\t\t\t\t\t<li class=\"elementor-icon-list-item\">\n\t\t\t\t\t\t\t\t\t\t<span class=\"elementor-icon-list-text\">Verwenden Sie keine Zahnpasta, um die Schiene zu reinigen, da es Schleifmittel enth\u00e4lt und die Schienen besch\u00e4digen kann.<\/span>\n\t\t\t\t\t\t\t\t\t<\/li>\n\t\t\t\t\t\t\t\t<li class=\"elementor-icon-list-item\">\n\t\t\t\t\t\t\t\t\t\t<span class=\"elementor-icon-list-text\">Nehmen Sie SomTabs-Tabletten nicht in den Mund.<\/span>\n\t\t\t\t\t\t\t\t\t<\/li>\n\t\t\t\t\t\t\t\t<li class=\"elementor-icon-list-item\">\n\t\t\t\t\t\t\t\t\t\t<span class=\"elementor-icon-list-text\">Schlucken Sie die Reinigungsl\u00f6sung nicht und verwenden Sie sie nicht als Mundsp\u00fclung.<\/span>\n\t\t\t\t\t\t\t\t\t<\/li>\n\t\t\t\t\t\t\t\t<li class=\"elementor-icon-list-item\">\n\t\t\t\t\t\t\t\t\t\t<span class=\"elementor-icon-list-text\">Verwenden Sie zum Reinigen Ihrer Schiene kein hei\u00dfes Wasser, da dies die Schiene besch\u00e4digen kann.<\/span>\n\t\t\t\t\t\t\t\t\t<\/li>\n\t\t\t\t\t\t<\/ul>\n\t\t\t\t\t\t<\/div>\n\t\t\t\t<\/div>\n\t\t\t\t<div class=\"elementor-element elementor-element-0ac9eaf elementor-widget elementor-widget-text-editor\" data-id=\"0ac9eaf\" data-element_type=\"widget\" data-e-type=\"widget\" data-widget_type=\"text-editor.default\">\n\t\t\t\t<div class=\"elementor-widget-container\">\n\t\t\t\t\t\t\t\t\t<p><strong>VORSICHT<\/strong><\/p><p>Bewahren Sie die Tabletten au\u00dferhalb der Reichweite von Kindern, Haustieren und Personen auf, bei denen die Gefahr besteht, dass die Tablette oder L\u00f6sung versehentlich verschluckt wird<\/p><p>Bei Verschlucken sofort einen Arzt aufsuchen<\/p><p>Nicht empfohlen f\u00fcr Benutzer mit bekannter \u00dcberempfindlichkeit gegen Persulfate.<\/p><p><strong>Inhalt:<\/strong><br \/>Natriumbicarbonat, Kaliumcaroat, Zitronens\u00e4ure, Natriumcitrat, Sorbit, Natriumlaurylsulfat, Natriumpercarbonat, CI 73015.<\/p><p><strong>Bestellung von SomTabs-Nachf\u00fcllungen:<\/strong><br \/>Stellen Sie sicher, dass Ihre SomTabs nie ausgehen, um Ihre Schiene zu reinigen. Bestellen Sie Ihre SomTabs-Nachf\u00fcllpackungen fr\u00fchzeitig.<\/p>\t\t\t\t\t\t\t\t<\/div>\n\t\t\t\t<\/div>\n\t\t\t\t\t<\/div>\n\t\t<\/div>\n\t\t\t\t\t<\/div>\n\t\t<\/section>\n\t\t\t\t\t<\/div>\n\t\t<\/div>\n\t\t\t\t<div class=\"elementor-column elementor-col-50 elementor-top-column elementor-element elementor-element-b6ede2a\" data-id=\"b6ede2a\" data-element_type=\"column\" data-e-type=\"column\">\n\t\t\t<div class=\"elementor-widget-wrap elementor-element-populated\">\n\t\t\t\t\t\t<div class=\"elementor-element elementor-element-892bf0d elementor-widget elementor-widget-image\" data-id=\"892bf0d\" data-element_type=\"widget\" data-e-type=\"widget\" data-widget_type=\"image.default\">\n\t\t\t\t<div class=\"elementor-widget-container\">\n\t\t\t\t\t\t\t\t\t\t\t\t\t\t\t<img decoding=\"async\" width=\"1640\" height=\"924\" src=\"https:\/\/somnomed.com\/chgerman\/wp-content\/uploads\/sites\/23\/2025\/10\/SomTabs.png\" class=\"attachment-2048x2048 size-2048x2048 wp-image-16597\" alt=\"\" srcset=\"https:\/\/somnomed.com\/chgerman\/wp-content\/uploads\/sites\/23\/2025\/10\/SomTabs.png 1640w, https:\/\/somnomed.com\/chgerman\/wp-content\/uploads\/sites\/23\/2025\/10\/SomTabs-300x169.png 300w, https:\/\/somnomed.com\/chgerman\/wp-content\/uploads\/sites\/23\/2025\/10\/SomTabs-1024x577.png 1024w, https:\/\/somnomed.com\/chgerman\/wp-content\/uploads\/sites\/23\/2025\/10\/SomTabs-768x433.png 768w, https:\/\/somnomed.com\/chgerman\/wp-content\/uploads\/sites\/23\/2025\/10\/SomTabs-1536x865.png 1536w\" sizes=\"(max-width: 1640px) 100vw, 1640px\" \/>\t\t\t\t\t\t\t\t\t\t\t\t\t\t\t<\/div>\n\t\t\t\t<\/div>\n\t\t\t\t\t<\/div>\n\t\t<\/div>\n\t\t\t\t\t<\/div>\n\t\t<\/section>\n\t\t\t\t<section data-particle_enable=\"false\" data-particle-mobile-disabled=\"false\" class=\"elementor-section elementor-top-section elementor-element elementor-element-51b4eed elementor-section-boxed elementor-section-height-default elementor-section-height-default\" data-id=\"51b4eed\" data-element_type=\"section\" data-e-type=\"section\">\n\t\t\t\t\t\t<div class=\"elementor-container elementor-column-gap-default\">\n\t\t\t\t\t<div class=\"elementor-column elementor-col-100 elementor-top-column elementor-element elementor-element-4801b12\" data-id=\"4801b12\" data-element_type=\"column\" data-e-type=\"column\">\n\t\t\t<div class=\"elementor-widget-wrap\">\n\t\t\t\t\t\t\t<\/div>\n\t\t<\/div>\n\t\t\t\t\t<\/div>\n\t\t<\/section>\n\t\t\t\t<\/div>\n\t\t","protected":false},"excerpt":{"rendered":"<p>Reinigen der Schlafapnoe-Schiene Es ist wichtig, dass Sie Ihre Schiene sauber halten. SomnoMed\u00ae empfiehlt die Verwendung von SomTabs, damit Ihre Schiene in einem guten Zustand bleibt.SomTabs sind Reinigungstabletten, die exklusiv f\u00fcr SomnoMed entwickelt und hergestellt wurden. Sie reinigen Ihre Schiene sanft und dennoch gr\u00fcndlich, damit sie in einem tadellosen Zustand bleibt. SomTabs reinigen schwer zug\u00e4ngliche &#8230;<\/p>\n","protected":false},"author":96,"featured_media":0,"parent":577,"menu_order":0,"comment_status":"closed","ping_status":"closed","template":"","meta":{"_acf_changed":false,"footnotes":""},"class_list":["post-883","page","type-page","status-publish","hentry"],"acf":[],"_links":{"self":[{"href":"https:\/\/somnomed.com\/chgerman\/wp-json\/wp\/v2\/pages\/883","targetHints":{"allow":["GET"]}}],"collection":[{"href":"https:\/\/somnomed.com\/chgerman\/wp-json\/wp\/v2\/pages"}],"about":[{"href":"https:\/\/somnomed.com\/chgerman\/wp-json\/wp\/v2\/types\/page"}],"author":[{"embeddable":true,"href":"https:\/\/somnomed.com\/chgerman\/wp-json\/wp\/v2\/users\/96"}],"replies":[{"embeddable":true,"href":"https:\/\/somnomed.com\/chgerman\/wp-json\/wp\/v2\/comments?post=883"}],"version-history":[{"count":6,"href":"https:\/\/somnomed.com\/chgerman\/wp-json\/wp\/v2\/pages\/883\/revisions"}],"predecessor-version":[{"id":16615,"href":"https:\/\/somnomed.com\/chgerman\/wp-json\/wp\/v2\/pages\/883\/revisions\/16615"}],"up":[{"embeddable":true,"href":"https:\/\/somnomed.com\/chgerman\/wp-json\/wp\/v2\/pages\/577"}],"wp:attachment":[{"href":"https:\/\/somnomed.com\/chgerman\/wp-json\/wp\/v2\/media?parent=883"}],"curies":[{"name":"wp","href":"https:\/\/api.w.org\/{rel}","templated":true}]}}