{"id":11534,"date":"2021-09-10T02:38:46","date_gmt":"2021-09-10T06:38:46","guid":{"rendered":"https:\/\/somnomed.com\/es\/?page_id=11534"},"modified":"2023-03-28T16:56:17","modified_gmt":"2023-03-28T14:56:17","slug":"somtabs-order-form","status":"publish","type":"page","link":"https:\/\/somnomed.com\/es\/patients\/somtabs-order-form\/","title":{"rendered":"Comprar SomTabs"},"content":{"rendered":"\t\t<div data-elementor-type=\"wp-page\" data-elementor-id=\"11534\" class=\"elementor elementor-11534\" data-elementor-post-type=\"page\">\n\t\t\t\t\t\t<section data-particle_enable=\"false\" data-particle-mobile-disabled=\"false\" class=\"elementor-section elementor-top-section elementor-element elementor-element-10801d1 elementor-section-boxed elementor-section-height-default elementor-section-height-default\" data-id=\"10801d1\" data-element_type=\"section\" data-e-type=\"section\">\n\t\t\t\t\t\t<div class=\"elementor-container elementor-column-gap-default\">\n\t\t\t\t\t<div class=\"elementor-column elementor-col-100 elementor-top-column elementor-element elementor-element-b002943\" data-id=\"b002943\" data-element_type=\"column\" data-e-type=\"column\">\n\t\t\t<div class=\"elementor-widget-wrap elementor-element-populated\">\n\t\t\t\t\t\t<div class=\"elementor-element elementor-element-39b2ace elementor-widget elementor-widget-spacer\" data-id=\"39b2ace\" data-element_type=\"widget\" data-e-type=\"widget\" data-widget_type=\"spacer.default\">\n\t\t\t\t<div class=\"elementor-widget-container\">\n\t\t\t\t\t\t\t<div class=\"elementor-spacer\">\n\t\t\t<div class=\"elementor-spacer-inner\"><\/div>\n\t\t<\/div>\n\t\t\t\t\t\t<\/div>\n\t\t\t\t<\/div>\n\t\t\t\t\t<\/div>\n\t\t<\/div>\n\t\t\t\t\t<\/div>\n\t\t<\/section>\n\t\t\t\t<section data-particle_enable=\"false\" data-particle-mobile-disabled=\"false\" class=\"elementor-section elementor-top-section elementor-element elementor-element-2701835 elementor-section-boxed elementor-section-height-default elementor-section-height-default\" data-id=\"2701835\" data-element_type=\"section\" data-e-type=\"section\">\n\t\t\t\t\t\t<div class=\"elementor-container elementor-column-gap-default\">\n\t\t\t\t\t<div class=\"elementor-column elementor-col-100 elementor-top-column elementor-element elementor-element-4f4f4df\" data-id=\"4f4f4df\" data-element_type=\"column\" data-e-type=\"column\">\n\t\t\t<div class=\"elementor-widget-wrap\">\n\t\t\t\t\t\t\t<\/div>\n\t\t<\/div>\n\t\t\t\t\t<\/div>\n\t\t<\/section>\n\t\t\t\t<section data-particle_enable=\"false\" data-particle-mobile-disabled=\"false\" class=\"elementor-section elementor-top-section elementor-element elementor-element-4c73665 elementor-section-boxed elementor-section-height-default elementor-section-height-default\" data-id=\"4c73665\" data-element_type=\"section\" data-e-type=\"section\">\n\t\t\t\t\t\t<div class=\"elementor-container elementor-column-gap-default\">\n\t\t\t\t\t<div class=\"elementor-column elementor-col-50 elementor-top-column elementor-element elementor-element-109b436\" data-id=\"109b436\" data-element_type=\"column\" data-e-type=\"column\">\n\t\t\t<div class=\"elementor-widget-wrap elementor-element-populated\">\n\t\t\t\t\t\t<div class=\"elementor-element elementor-element-19edc1c elementor-widget elementor-widget-heading\" data-id=\"19edc1c\" data-element_type=\"widget\" data-e-type=\"widget\" data-widget_type=\"heading.default\">\n\t\t\t\t<div class=\"elementor-widget-container\">\n\t\t\t\t\t<h2 class=\"elementor-heading-title elementor-size-default\">SomTabs<\/h2>\t\t\t\t<\/div>\n\t\t\t\t<\/div>\n\t\t\t\t<div class=\"elementor-element elementor-element-300de52 elementor-widget elementor-widget-text-editor\" data-id=\"300de52\" data-element_type=\"widget\" data-e-type=\"widget\" data-widget_type=\"text-editor.default\">\n\t\t\t\t<div class=\"elementor-widget-container\">\n\t\t\t\t\t\t\t\t\t<h5>Pastillas de limpieza suaves y profundas para sus dispositivos orales<\/h5>\t\t\t\t\t\t\t\t<\/div>\n\t\t\t\t<\/div>\n\t\t\t\t<div class=\"elementor-element elementor-element-44ab241 elementor-widget elementor-widget-text-editor\" data-id=\"44ab241\" data-element_type=\"widget\" data-e-type=\"widget\" data-widget_type=\"text-editor.default\">\n\t\t\t\t<div class=\"elementor-widget-container\">\n\t\t\t\t\t\t\t\t\t<p>Exclusivamente de SomnoMed<sup>\u00ae<\/sup>, las pastillas de limpieza SomTabs para los dispositivos orales ayudan a mantener su f\u00e9rula SomnoDent<sup>\u00ae<\/sup> en perfecto estado.\u00a0\u00a0SomTabs limpia las zonas de dif\u00edcil acceso de su dispositivo y elimina eficazmente los olores. Cada caja contiene 30 pastillas.<\/p><p>Es importante mantener limpio su dispositivo oral, y SomnoMed<span style=\"position: relative; font-size: 0.75em; line-height: 0; vertical-align: baseline; top: -0.5em;\"><sup>\u00ae<\/sup><\/span>\u00a0recomienda que use SomTabs para mantenerlo en buenas condiciones.<span style=\"color: var( --e-global-color-text );\">\u00a0<\/span><\/p><p><span style=\"color: var( --e-global-color-text );\">\u00a0<\/span><\/p>\t\t\t\t\t\t\t\t<\/div>\n\t\t\t\t<\/div>\n\t\t\t\t<div class=\"elementor-element elementor-element-dd5aa59 elementor-widget elementor-widget-button\" data-id=\"dd5aa59\" data-element_type=\"widget\" data-e-type=\"widget\" data-widget_type=\"button.default\">\n\t\t\t\t<div class=\"elementor-widget-container\">\n\t\t\t\t\t\t\t\t\t<div class=\"elementor-button-wrapper\">\n\t\t\t\t\t<a class=\"elementor-button elementor-button-link elementor-size-sm\" href=\"https:\/\/somnomed.com\/es\/patients\/productos\/somtabs\/\">\n\t\t\t\t\t\t<span class=\"elementor-button-content-wrapper\">\n\t\t\t\t\t\t\t\t\t<span class=\"elementor-button-text\">C\u00f3mo usar SomTabs<\/span>\n\t\t\t\t\t<\/span>\n\t\t\t\t\t<\/a>\n\t\t\t\t<\/div>\n\t\t\t\t\t\t\t\t<\/div>\n\t\t\t\t<\/div>\n\t\t\t\t<div class=\"elementor-element elementor-element-6b3f7cf elementor-align-left elementor-widget elementor-widget-button\" data-id=\"6b3f7cf\" data-element_type=\"widget\" data-e-type=\"widget\" data-widget_type=\"button.default\">\n\t\t\t\t<div class=\"elementor-widget-container\">\n\t\t\t\t\t\t\t\t\t<div class=\"elementor-button-wrapper\">\n\t\t\t\t\t<a class=\"elementor-button elementor-button-link elementor-size-sm\" href=\"https:\/\/shop.somnomed.com\/es\/?v=3a52f3c22ed6\" target=\"_blank\">\n\t\t\t\t\t\t<span class=\"elementor-button-content-wrapper\">\n\t\t\t\t\t\t\t\t\t<span class=\"elementor-button-text\">Tienda online<\/span>\n\t\t\t\t\t<\/span>\n\t\t\t\t\t<\/a>\n\t\t\t\t<\/div>\n\t\t\t\t\t\t\t\t<\/div>\n\t\t\t\t<\/div>\n\t\t\t\t\t<\/div>\n\t\t<\/div>\n\t\t\t\t<div class=\"elementor-column elementor-col-50 elementor-top-column elementor-element elementor-element-3c87f8c\" data-id=\"3c87f8c\" data-element_type=\"column\" data-e-type=\"column\">\n\t\t\t<div class=\"elementor-widget-wrap elementor-element-populated\">\n\t\t\t\t\t\t<div class=\"elementor-element elementor-element-045fd40 elementor-arrows-position-inside elementor-pagination-position-outside elementor-widget elementor-widget-image-carousel\" data-id=\"045fd40\" data-element_type=\"widget\" data-e-type=\"widget\" data-settings=\"{&quot;slides_to_show&quot;:&quot;1&quot;,&quot;autoplay&quot;:&quot;no&quot;,&quot;navigation&quot;:&quot;both&quot;,&quot;infinite&quot;:&quot;yes&quot;,&quot;effect&quot;:&quot;slide&quot;,&quot;speed&quot;:500}\" data-widget_type=\"image-carousel.default\">\n\t\t\t\t<div class=\"elementor-widget-container\">\n\t\t\t\t\t\t\t<div class=\"elementor-image-carousel-wrapper swiper\" role=\"region\" aria-roledescription=\"carousel\" aria-label=\"Carrusel de im\u00e1genes\" dir=\"rtl\">\n\t\t\t<div class=\"elementor-image-carousel swiper-wrapper\" aria-live=\"polite\">\n\t\t\t\t\t\t\t\t<div class=\"swiper-slide\" role=\"group\" aria-roledescription=\"slide\" aria-label=\"1 de 2\"><figure class=\"swiper-slide-inner\"><img decoding=\"async\" class=\"swiper-slide-image\" src=\"https:\/\/somnomed.com\/es\/wp-content\/uploads\/sites\/14\/elementor\/thumbs\/Untitled-7-pfshewbkbpwcfkwkmwxr738jz0uu04mg0nnnxxwuq0.jpg\" alt=\"SomTabs Cleaning Avant\" \/><\/figure><\/div><div class=\"swiper-slide\" role=\"group\" aria-roledescription=\"slide\" aria-label=\"2 de 2\"><figure class=\"swiper-slide-inner\"><img decoding=\"async\" class=\"swiper-slide-image\" src=\"https:\/\/somnomed.com\/es\/wp-content\/uploads\/sites\/14\/elementor\/thumbs\/Image-for-website-pfshewbkbpwcfkwkmwxr738jz0uu04mg0nnnxxwuq0.jpg\" alt=\"SomTabs\" \/><\/figure><\/div>\t\t\t<\/div>\n\t\t\t\t\t\t\t\t\t\t\t\t<div class=\"elementor-swiper-button elementor-swiper-button-prev\" role=\"button\" tabindex=\"0\">\n\t\t\t\t\t\t<i aria-hidden=\"true\" class=\"eicon-chevron-left\"><\/i>\t\t\t\t\t<\/div>\n\t\t\t\t\t<div class=\"elementor-swiper-button elementor-swiper-button-next\" role=\"button\" tabindex=\"0\">\n\t\t\t\t\t\t<i aria-hidden=\"true\" class=\"eicon-chevron-right\"><\/i>\t\t\t\t\t<\/div>\n\t\t\t\t\n\t\t\t\t\t\t\t\t\t<div class=\"swiper-pagination\"><\/div>\n\t\t\t\t\t\t\t\t\t<\/div>\n\t\t\t\t\t\t<\/div>\n\t\t\t\t<\/div>\n\t\t\t\t\t<\/div>\n\t\t<\/div>\n\t\t\t\t\t<\/div>\n\t\t<\/section>\n\t\t\t\t<section data-particle_enable=\"false\" data-particle-mobile-disabled=\"false\" class=\"elementor-section elementor-top-section elementor-element elementor-element-8c4f6c9 elementor-section-boxed elementor-section-height-default elementor-section-height-default\" data-id=\"8c4f6c9\" data-element_type=\"section\" data-e-type=\"section\">\n\t\t\t\t\t\t<div class=\"elementor-container elementor-column-gap-default\">\n\t\t\t\t\t<div class=\"elementor-column elementor-col-100 elementor-top-column elementor-element elementor-element-665af76\" data-id=\"665af76\" data-element_type=\"column\" data-e-type=\"column\">\n\t\t\t<div class=\"elementor-widget-wrap elementor-element-populated\">\n\t\t\t\t\t\t<div class=\"elementor-element elementor-element-4664ebb elementor-widget elementor-widget-spacer\" data-id=\"4664ebb\" data-element_type=\"widget\" data-e-type=\"widget\" data-widget_type=\"spacer.default\">\n\t\t\t\t<div class=\"elementor-widget-container\">\n\t\t\t\t\t\t\t<div class=\"elementor-spacer\">\n\t\t\t<div class=\"elementor-spacer-inner\"><\/div>\n\t\t<\/div>\n\t\t\t\t\t\t<\/div>\n\t\t\t\t<\/div>\n\t\t\t\t\t<\/div>\n\t\t<\/div>\n\t\t\t\t\t<\/div>\n\t\t<\/section>\n\t\t\t\t<section data-particle_enable=\"false\" data-particle-mobile-disabled=\"false\" class=\"elementor-section elementor-top-section elementor-element elementor-element-bb574ba elementor-section-boxed elementor-section-height-default elementor-section-height-default\" data-id=\"bb574ba\" data-element_type=\"section\" data-e-type=\"section\">\n\t\t\t\t\t\t<div class=\"elementor-container elementor-column-gap-default\">\n\t\t\t\t\t<div class=\"elementor-column elementor-col-100 elementor-top-column elementor-element elementor-element-cc19e3b\" data-id=\"cc19e3b\" data-element_type=\"column\" data-e-type=\"column\">\n\t\t\t<div class=\"elementor-widget-wrap elementor-element-populated\">\n\t\t\t\t\t\t<div class=\"elementor-element elementor-element-dd1e547 elementor-widget elementor-widget-eael-adv-tabs\" data-id=\"dd1e547\" data-element_type=\"widget\" data-e-type=\"widget\" data-widget_type=\"eael-adv-tabs.default\">\n\t\t\t\t<div class=\"elementor-widget-container\">\n\t\t\t\t\t        <div data-scroll-on-click=\"no\" data-scroll-speed=\"300\" id=\"eael-advance-tabs-dd1e547\" class=\"eael-advance-tabs eael-tabs-horizontal eael-tab-auto-active \" data-tabid=\"dd1e547\">\n            <div class=\"eael-tabs-nav \">\n                <ul class=\"eael-tab-inline-icon\" role=\"tablist\">\n                                            <li id=\"contenido\" class=\"inactive eael-tab-item-trigger eael-tab-nav-item\" aria-selected=\"true\" data-tab=\"1\" role=\"tab\" tabindex=\"0\" aria-controls=\"contenido-tab\" aria-expanded=\"false\">\n                            \n                                                        \n                                                            <span class=\"eael-tab-title title-after-icon\" >Contenido<\/span>                            \n                                                    <\/li>\n                                            <li id=\"envases\" class=\"inactive eael-tab-item-trigger eael-tab-nav-item\" aria-selected=\"false\" data-tab=\"2\" role=\"tab\" tabindex=\"-1\" aria-controls=\"envases-tab\" aria-expanded=\"false\">\n                            \n                                                        \n                                                            <span class=\"eael-tab-title title-after-icon\" >Envases<\/span>                            \n                                                    <\/li>\n                                            <li id=\"precaucin\" class=\"inactive eael-tab-item-trigger eael-tab-nav-item\" aria-selected=\"false\" data-tab=\"3\" role=\"tab\" tabindex=\"-1\" aria-controls=\"precaucin-tab\" aria-expanded=\"false\">\n                            \n                                                        \n                                                            <span class=\"eael-tab-title title-after-icon\" >PRECAUCI\u00d3N<\/span>                            \n                                                    <\/li>\n                                            <li id=\"cuidado-del-dispositivo-oral\" class=\"inactive eael-tab-item-trigger eael-tab-nav-item\" aria-selected=\"false\" data-tab=\"4\" role=\"tab\" tabindex=\"-1\" aria-controls=\"cuidado-del-dispositivo-oral-tab\" aria-expanded=\"false\">\n                            \n                                                        \n                                                            <span class=\"eael-tab-title title-after-icon\" >Cuidado del dispositivo oral<\/span>                            \n                                                    <\/li>\n                    \n                                  <\/ul>\n            <\/div>\n            \n            <div class=\"eael-tabs-content\">\n\t\t        \n                    <div id=\"contenido-tab\" class=\"clearfix eael-tab-content-item inactive\" data-title-link=\"contenido-tab\">\n\t\t\t\t        <strong>Contenido<\/strong>\nBicarbonato de sodio, caroato de potasio, \u00e1cido c\u00edtrico, citrato de sodio, sorbitol, lauril sulfato de sodio, percarbonato de sodio, CI 73015.                    <\/div>\n\t\t        \n                    <div id=\"envases-tab\" class=\"clearfix eael-tab-content-item inactive\" data-title-link=\"envases-tab\">\n\t\t\t\t        Mensual: 30 pastillas SomTabs.<br \/>\n3 meses: 90 pastillas SomTabs.<br \/>\n6 meses: 180 pastillas SomTabs.                    <\/div>\n\t\t        \n                    <div id=\"precaucin-tab\" class=\"clearfix eael-tab-content-item inactive\" data-title-link=\"precaucin-tab\">\n\t\t\t\t        <strong>PRECAUCI\u00d3N<\/strong>\nMantenga las SomTabs fuera del alcance de los ni\u00f1os y animales dom\u00e9sticos para evitar que se ingesta accidentalmente. En caso de ingesti\u00f3n acuda al m\u00e9dico. No recomendado a personas con hipersensibilidad o alergia al persulfato.                    <\/div>\n\t\t        \n                    <div id=\"cuidado-del-dispositivo-oral-tab\" class=\"clearfix eael-tab-content-item inactive\" data-title-link=\"cuidado-del-dispositivo-oral-tab\">\n\t\t\t\t        <div class=\"page\"><div class=\"section\"><div class=\"layoutArea\"><div class=\"column\"><p>Todas las man\u0303anas, despue\u0301s de quitarse el dispositivo oral, enjua\u0301gelo con agua fri\u0301a y la\u0301velo con una pequen\u0303a cantidad de jabo\u0301n li\u0301quido neutro y un cepillo de dientes suave. Llene el recipiente de su dispositivo con agua fri\u0301a y gua\u0301rdelo en e\u0301l durante todo el di\u0301a sin la tapa para garantizar una correcta ventilacio\u0301n.<\/p><p>Cuando su dispositivo oral requiera una limpieza ma\u0301s profunda, recomendamos las SomTabs. Esta\u0301n disponibles en nuestra tienda online y se pueden usar segu\u0301n sea necesario.<br \/>Llene el recipiente con agua tibia y an\u0303ada una SomTab; de\u0301jela en remojo so\u0301lo durante 15 minutos. Despue\u0301s limpie su dispositivo oral con un cepillo de dientes suave, enjua\u0301guelo con agua fria y gua\u0301rdelo sumergido en agua en el recipiente como de costumbre.<\/p><p>Otros consejos u\u0301tiles para el cuidado:<\/p><ul><li><p>Mantenga su dispositivo oral alejado de la luz solar directa.<\/p><\/li><li><p>No utilice nunca pasta de dientes para su limpieza, ya que contiene abrasivos y puede dan\u0303arlo.<\/p><\/li><li><p>No utilice nunca agua caliente o hirviendo para limpiar su dispositivo oral.<\/p><\/li><li><p>Cepi\u0301llese siempre bien los dientes antes de colocarse la fe\u0301rula por la noche.<\/p><p>Nota: Las pastillas de limpieza que contienen oxi\u0301geno activo para pro\u0301tesis dentales pueden dan\u0303ar permanentemente el pla\u0301stico de su dispositivo. El uso de cualquier producto de limpieza no recomendado por SomnoMed anulara\u0301 la garanti\u0301a del dispositivo oral.<\/p><\/li><\/ul><\/div><\/div><\/div><\/div>                    <\/div>\n\t\t                    <\/div>\n        <\/div>\n\t\t\t\t<\/div>\n\t\t\t\t<\/div>\n\t\t\t\t\t<\/div>\n\t\t<\/div>\n\t\t\t\t\t<\/div>\n\t\t<\/section>\n\t\t\t\t<\/div>\n\t\t","protected":false},"excerpt":{"rendered":"<p>SomTabs Pastillas de limpieza suaves y profundas para sus dispositivos orales Exclusivamente de SomnoMed\u00ae, las pastillas de limpieza SomTabs para los dispositivos orales ayudan a mantener su f\u00e9rula SomnoDent\u00ae en perfecto estado.\u00a0\u00a0SomTabs limpia las zonas de dif\u00edcil acceso de su dispositivo y elimina eficazmente los olores. Cada caja contiene 30 pastillas. Es importante mantener limpio &#8230;<\/p>\n","protected":false},"author":2,"featured_media":0,"parent":1044,"menu_order":0,"comment_status":"closed","ping_status":"closed","template":"","meta":{"_acf_changed":false,"footnotes":""},"class_list":["post-11534","page","type-page","status-publish","hentry"],"acf":[],"_links":{"self":[{"href":"https:\/\/somnomed.com\/es\/wp-json\/wp\/v2\/pages\/11534","targetHints":{"allow":["GET"]}}],"collection":[{"href":"https:\/\/somnomed.com\/es\/wp-json\/wp\/v2\/pages"}],"about":[{"href":"https:\/\/somnomed.com\/es\/wp-json\/wp\/v2\/types\/page"}],"author":[{"embeddable":true,"href":"https:\/\/somnomed.com\/es\/wp-json\/wp\/v2\/users\/2"}],"replies":[{"embeddable":true,"href":"https:\/\/somnomed.com\/es\/wp-json\/wp\/v2\/comments?post=11534"}],"version-history":[{"count":0,"href":"https:\/\/somnomed.com\/es\/wp-json\/wp\/v2\/pages\/11534\/revisions"}],"up":[{"embeddable":true,"href":"https:\/\/somnomed.com\/es\/wp-json\/wp\/v2\/pages\/1044"}],"wp:attachment":[{"href":"https:\/\/somnomed.com\/es\/wp-json\/wp\/v2\/media?parent=11534"}],"curies":[{"name":"wp","href":"https:\/\/api.w.org\/{rel}","templated":true}]}}