{"id":14583,"date":"2022-07-03T21:32:24","date_gmt":"2022-07-03T11:32:24","guid":{"rendered":"https:\/\/somnomed.com\/es\/?page_id=14583"},"modified":"2023-01-10T13:04:34","modified_gmt":"2023-01-10T12:04:34","slug":"diagnostico","status":"publish","type":"page","link":"https:\/\/somnomed.com\/es\/diagnostico\/","title":{"rendered":"Diagn\u00f3stico"},"content":{"rendered":"\t\t<div data-elementor-type=\"wp-page\" data-elementor-id=\"14583\" class=\"elementor elementor-14583\" data-elementor-post-type=\"page\">\n\t\t\t\t\t\t<section data-particle_enable=\"false\" data-particle-mobile-disabled=\"false\" class=\"elementor-section elementor-top-section elementor-element elementor-element-46f5dd7 elementor-section-boxed elementor-section-height-default elementor-section-height-default\" data-id=\"46f5dd7\" data-element_type=\"section\" data-e-type=\"section\" data-settings=\"{&quot;background_background&quot;:&quot;classic&quot;}\">\n\t\t\t\t\t\t<div class=\"elementor-container elementor-column-gap-default\">\n\t\t\t\t\t<div class=\"elementor-column elementor-col-100 elementor-top-column elementor-element elementor-element-deaff4f\" data-id=\"deaff4f\" data-element_type=\"column\" data-e-type=\"column\">\n\t\t\t<div class=\"elementor-widget-wrap elementor-element-populated\">\n\t\t\t\t\t\t<div class=\"elementor-element elementor-element-fe08acc elementor-widget elementor-widget-heading\" data-id=\"fe08acc\" data-element_type=\"widget\" data-e-type=\"widget\" data-widget_type=\"heading.default\">\n\t\t\t\t<div class=\"elementor-widget-container\">\n\t\t\t\t\t<h2 class=\"elementor-heading-title elementor-size-default\">Diagn\u00f3stico de la apnea del sue\u00f1o<\/h2>\t\t\t\t<\/div>\n\t\t\t\t<\/div>\n\t\t\t\t<div class=\"elementor-element elementor-element-933dbf6 elementor-widget elementor-widget-text-editor\" data-id=\"933dbf6\" data-element_type=\"widget\" data-e-type=\"widget\" data-widget_type=\"text-editor.default\">\n\t\t\t\t<div class=\"elementor-widget-container\">\n\t\t\t\t\t\t\t\t\t<p>Si sospecha que puede tener apnea del sue\u00f1o, siga los siguientes pasos:<\/p>\t\t\t\t\t\t\t\t<\/div>\n\t\t\t\t<\/div>\n\t\t\t\t\t<\/div>\n\t\t<\/div>\n\t\t\t\t\t<\/div>\n\t\t<\/section>\n\t\t\t\t<section data-particle_enable=\"false\" data-particle-mobile-disabled=\"false\" class=\"elementor-section elementor-top-section elementor-element elementor-element-0dde9cb elementor-section-full_width elementor-section-height-default elementor-section-height-default\" data-id=\"0dde9cb\" data-element_type=\"section\" data-e-type=\"section\" data-settings=\"{&quot;background_background&quot;:&quot;classic&quot;}\">\n\t\t\t\t\t\t<div class=\"elementor-container elementor-column-gap-no\">\n\t\t\t\t\t<div class=\"elementor-column elementor-col-100 elementor-top-column elementor-element elementor-element-a6774e6\" data-id=\"a6774e6\" data-element_type=\"column\" data-e-type=\"column\">\n\t\t\t<div class=\"elementor-widget-wrap elementor-element-populated\">\n\t\t\t\t\t\t<div class=\"elementor-element elementor-element-77edd1b elementor-widget elementor-widget-Custom_El_Tabs_Items\" data-id=\"77edd1b\" data-element_type=\"widget\" data-e-type=\"widget\" data-widget_type=\"Custom_El_Tabs_Items.default\">\n\t\t\t\t<div class=\"elementor-widget-container\">\n\t\t\t\t\t      <div id=\"el-tabs-items-6a07425562e70\" class=\"el-tabs-items\">\r\n        <div class=\"row align-items-center\">\r\n          <div class=\"col-xl-6 pe-xl-5\">\r\n            <div class=\"el-tabs-items__content\" style=\"max-width: 600px;\">\r\n                              <div class=\"el-tabs-items__content-inner\">\r\n                  <div class=\"el-tabs-items__content-index text-center text-xl-start\">01<\/div>\r\n\r\n                  <div class=\"text-center\">\r\n                                          <div class=\"mb-4\">\r\n                        <img decoding=\"async\" src=\"https:\/\/somnomed.com\/es\/wp-content\/uploads\/sites\/14\/2021\/06\/Desktop-Computer-Icon.svg\" alt=\"Icon\" height=\"140\" class=\"mx-auto\">\r\n                      <\/div>\r\n                    \r\n                    <h6 class=\"fw-bold mb-3\">Test online<\/h6>\r\n                    <p>Conteste nuestra <a href=\"https:\/\/www.sleepapnea.org\/diagnosis\/at-home-sleep-apnea-test\/\" target=\"_blank\" rel=\"noopener\"><span style=\"text-decoration: underline;\">evaluaci\u00f3n del sue\u00f1o online<\/span><\/a> y descubra si debe concertar una cita con su m\u00e9dico.<\/p>\n                  <\/div>\r\n                <\/div>\r\n                              <div class=\"el-tabs-items__content-inner\">\r\n                  <div class=\"el-tabs-items__content-index text-center text-xl-start\">02<\/div>\r\n\r\n                  <div class=\"text-center\">\r\n                                          <div class=\"mb-4\">\r\n                        <img decoding=\"async\" src=\"https:\/\/somnomed.com\/es\/wp-content\/uploads\/sites\/14\/2021\/06\/Doctor-With-Stethoscope-Icon.svg\" alt=\"Icon\" height=\"140\" class=\"mx-auto\">\r\n                      <\/div>\r\n                    \r\n                    <h6 class=\"fw-bold mb-3\">Consulte a su m\u00e9dico<\/h6>\r\n                    <p>Hable con su m\u00e9dico. Le examinar\u00e1 para saber si padece alg\u00fan trastorno de salud com\u00fan que explique sus problemas de sue\u00f1o e incluso podr\u00eda emplear alguna herramienta de an\u00e1lisis del sue\u00f1o para determinar si presenta los s\u00edntomas t\u00edpicos de apnea obstructiva del sue\u00f1o.<\/p>\n                  <\/div>\r\n                <\/div>\r\n                              <div class=\"el-tabs-items__content-inner\">\r\n                  <div class=\"el-tabs-items__content-index text-center text-xl-start\">03<\/div>\r\n\r\n                  <div class=\"text-center\">\r\n                                          <div class=\"mb-4\">\r\n                        <img decoding=\"async\" src=\"https:\/\/somnomed.com\/es\/wp-content\/uploads\/sites\/14\/2021\/06\/Person-Sleeping-With-Heart-Beat-Icon.svg\" alt=\"Icon\" height=\"140\" class=\"mx-auto\">\r\n                      <\/div>\r\n                    \r\n                    <h6 class=\"fw-bold mb-3\">Consulte a un m\u00e9dico especialista en trastornos del sue\u00f1o<\/h6>\r\n                    <p>Su m\u00e9dico le someter\u00e1 a un estudio\/examen del sue\u00f1o, probablemente ingresado en un hospital o cl\u00ednica durante una noche (procedimiento conocido como polisomnograf\u00eda o prueba PSG), o quiz\u00e1 pueda incluso realizarlo en su casa a trav\u00e9s de un estudio del sue\u00f1o domiciliario o HST.<\/p>\n<p>Este estudio determinar\u00e1 su \u00edndice de apnea-hipopnea (IAH).<\/p>\n                  <\/div>\r\n                <\/div>\r\n                              <div class=\"el-tabs-items__content-inner\">\r\n                  <div class=\"el-tabs-items__content-index text-center text-xl-start\">04<\/div>\r\n\r\n                  <div class=\"text-center\">\r\n                                          <div class=\"mb-4\">\r\n                        <img decoding=\"async\" src=\"https:\/\/somnomed.com\/es\/wp-content\/uploads\/sites\/14\/2021\/06\/Dental-Chair-Icon.svg\" alt=\"Icon\" height=\"140\" class=\"mx-auto\">\r\n                      <\/div>\r\n                    \r\n                    <h6 class=\"fw-bold mb-3\">Consulte a un odont\u00f3logo sobre las f\u00e9rulas SomnoDent<\/h6>\r\n                    <p>Puede que el especialista del sue\u00f1o lo derive a un odont\u00f3logo para que le confeccionen una f\u00e9rula. El odont\u00f3logo le examinar\u00e1 la dentadura para ver si es un candidato id\u00f3neo al uso de una f\u00e9rula y, a continuaci\u00f3n, le realizar\u00e1 un esc\u00e1ner o efectuar\u00e1 un molde de su dentadura que SomnoMed utilizar\u00e1 para producir la f\u00e9rula. El dentista tambi\u00e9n le dar\u00e1 una segunda cita para que la recoja cuando est\u00e9 lista.<\/p>\n                  <\/div>\r\n                <\/div>\r\n                              <div class=\"el-tabs-items__content-inner\">\r\n                  <div class=\"el-tabs-items__content-index text-center text-xl-start\">05<\/div>\r\n\r\n                  <div class=\"text-center\">\r\n                                          <div class=\"mb-4\">\r\n                        <img decoding=\"async\" src=\"https:\/\/somnomed.com\/es\/wp-content\/uploads\/sites\/14\/2021\/06\/SomnoMed.svg\" alt=\"Icon\" height=\"140\" class=\"mx-auto\">\r\n                      <\/div>\r\n                    \r\n                    <h6 class=\"fw-bold mb-3\">Recepci\u00f3n y ajuste de la f\u00e9rula<\/h6>\r\n                    <p>Gracias a los avanzados procesos de fabricaci\u00f3n de SomnoMed, su segunda visita deber\u00eda ser muy r\u00e1pida y sencilla. Su dentista le indicar\u00e1 c\u00f3mo colocarse la f\u00e9rula en la boca, c\u00f3mo ajustarla y c\u00f3mo lavarla. Nuestro objetivo es lograr un encaje perfecto a la primera, as\u00ed como en todas las ocasiones sucesivas, para que pueda empezar a usar la f\u00e9rula esa misma noche y disfrutar de las ventajas de tratar su apnea del sue\u00f1o.<\/p>\n                  <\/div>\r\n                <\/div>\r\n                          <\/div>\r\n          <\/div>\r\n\r\n          <div class=\"col-xl-6\">\r\n            <ul class=\"el-tabs-items__tabs list-unstyled py-4\">\r\n                              <li>\r\n                  <a href=\"#\" data-index=\"0\" class=\"d-flex align-items-center active\">\r\n                    <span>01<\/span>\r\n                    <div>Test online<\/div>\r\n                  <\/a>\r\n                <\/li>\r\n                              <li>\r\n                  <a href=\"#\" data-index=\"1\" class=\"d-flex align-items-center \">\r\n                    <span>02<\/span>\r\n                    <div>Consulte a su m\u00e9dico<\/div>\r\n                  <\/a>\r\n                <\/li>\r\n                              <li>\r\n                  <a href=\"#\" data-index=\"2\" class=\"d-flex align-items-center \">\r\n                    <span>03<\/span>\r\n                    <div>Consulte a un m\u00e9dico especialista en trastornos del sue\u00f1o<\/div>\r\n                  <\/a>\r\n                <\/li>\r\n                              <li>\r\n                  <a href=\"#\" data-index=\"3\" class=\"d-flex align-items-center \">\r\n                    <span>04<\/span>\r\n                    <div>Consulte a un odont\u00f3logo sobre las f\u00e9rulas SomnoDent<\/div>\r\n                  <\/a>\r\n                <\/li>\r\n                              <li>\r\n                  <a href=\"#\" data-index=\"4\" class=\"d-flex align-items-center \">\r\n                    <span>05<\/span>\r\n                    <div>Recepci\u00f3n y ajuste de la f\u00e9rula<\/div>\r\n                  <\/a>\r\n                <\/li>\r\n                          <\/ul>\r\n          <\/div>\r\n        <\/div>\r\n      <\/div>\r\n\r\n      <script>\r\n        jQuery(document).ready(function($) {\r\n          $('#el-tabs-items-6a07425562e70 .el-tabs-items__tabs').on('click', 'a', function(e) {\r\n            e.preventDefault();\r\n            var _this = $(this);\r\n            var index = _this.data('index');\r\n            $('#el-tabs-items-6a07425562e70 .el-tabs-items__content').slick('slickGoTo', index);\r\n            _this.closest('.el-tabs-items__tabs').find('.active').removeClass('active');\r\n            _this.addClass('active');\r\n          });\r\n\r\n          $('#el-tabs-items-6a07425562e70 .el-tabs-items__content').slick({\r\n            slidesToShow: 1,\r\n            slidesToScroll: 1,\r\n            arrows: false,\r\n            dots: false,\r\n            draggable: false,\r\n            fade: true,\r\n            responsive: [\r\n              {\r\n                breakpoint: 1200,\r\n                settings: {\r\n                  adaptiveHeight: true,\r\n                }\r\n              }\r\n            ]\r\n          });\r\n        });\r\n      <\/script>\r\n        \t\t\t\t<\/div>\n\t\t\t\t<\/div>\n\t\t\t\t\t<\/div>\n\t\t<\/div>\n\t\t\t\t\t<\/div>\n\t\t<\/section>\n\t\t\t\t<\/div>\n\t\t","protected":false},"excerpt":{"rendered":"<p>Diagn\u00f3stico de la apnea del sue\u00f1o Si sospecha que puede tener apnea del sue\u00f1o, siga los siguientes pasos: 01 Test online Conteste nuestra evaluaci\u00f3n del sue\u00f1o online y descubra si debe concertar una cita con su m\u00e9dico. 02 Consulte a su m\u00e9dico Hable con su m\u00e9dico. Le examinar\u00e1 para saber si padece alg\u00fan trastorno de &#8230;<\/p>\n","protected":false},"author":32,"featured_media":0,"parent":0,"menu_order":0,"comment_status":"closed","ping_status":"closed","template":"","meta":{"_acf_changed":false,"footnotes":""},"class_list":["post-14583","page","type-page","status-publish","hentry"],"acf":[],"_links":{"self":[{"href":"https:\/\/somnomed.com\/es\/wp-json\/wp\/v2\/pages\/14583","targetHints":{"allow":["GET"]}}],"collection":[{"href":"https:\/\/somnomed.com\/es\/wp-json\/wp\/v2\/pages"}],"about":[{"href":"https:\/\/somnomed.com\/es\/wp-json\/wp\/v2\/types\/page"}],"author":[{"embeddable":true,"href":"https:\/\/somnomed.com\/es\/wp-json\/wp\/v2\/users\/32"}],"replies":[{"embeddable":true,"href":"https:\/\/somnomed.com\/es\/wp-json\/wp\/v2\/comments?post=14583"}],"version-history":[{"count":0,"href":"https:\/\/somnomed.com\/es\/wp-json\/wp\/v2\/pages\/14583\/revisions"}],"wp:attachment":[{"href":"https:\/\/somnomed.com\/es\/wp-json\/wp\/v2\/media?parent=14583"}],"curies":[{"name":"wp","href":"https:\/\/api.w.org\/{rel}","templated":true}]}}