{"id":447,"date":"2021-06-09T03:43:33","date_gmt":"2021-06-09T07:43:33","guid":{"rendered":"https:\/\/local.somnomed.com\/en\/?page_id=447"},"modified":"2025-08-01T16:56:26","modified_gmt":"2025-08-01T14:56:26","slug":"somnodent","status":"publish","type":"page","link":"https:\/\/somnomed.com\/es\/patients\/products\/somnodent\/","title":{"rendered":"SomnoDent<sup>\u00ae<\/sup>"},"content":{"rendered":"\t\t<div data-elementor-type=\"wp-page\" data-elementor-id=\"447\" class=\"elementor elementor-447\" data-elementor-post-type=\"page\">\n\t\t\t\t\t\t<section data-particle_enable=\"false\" data-particle-mobile-disabled=\"false\" class=\"elementor-section elementor-top-section elementor-element elementor-element-5ac85ff4 elementor-section-content-middle elementor-section-full_width elementor-section-height-default elementor-section-height-default\" data-id=\"5ac85ff4\" data-element_type=\"section\" data-e-type=\"section\" data-settings=\"{&quot;background_background&quot;:&quot;classic&quot;}\">\n\t\t\t\t\t\t<div class=\"elementor-container elementor-column-gap-default\">\n\t\t\t\t\t<div class=\"elementor-column elementor-col-50 elementor-top-column elementor-element elementor-element-5db404ec\" data-id=\"5db404ec\" data-element_type=\"column\" data-e-type=\"column\">\n\t\t\t<div class=\"elementor-widget-wrap elementor-element-populated\">\n\t\t\t\t\t\t<div class=\"elementor-element elementor-element-22b5487 elementor-widget elementor-widget-image\" data-id=\"22b5487\" data-element_type=\"widget\" data-e-type=\"widget\" data-widget_type=\"image.default\">\n\t\t\t\t<div class=\"elementor-widget-container\">\n\t\t\t\t\t\t\t\t\t\t\t\t\t\t\t<img fetchpriority=\"high\" decoding=\"async\" width=\"768\" height=\"614\" src=\"https:\/\/somnomed.com\/es\/wp-content\/uploads\/sites\/14\/2025\/08\/SomnoDent-Avant-With-Container-Low-Res-768x614.jpg\" class=\"attachment-medium_large size-medium_large wp-image-17853\" alt=\"Imagen de la f\u00e9rula SomnoDent Avant con caja de almacenamiento\" srcset=\"https:\/\/somnomed.com\/es\/wp-content\/uploads\/sites\/14\/2025\/08\/SomnoDent-Avant-With-Container-Low-Res-768x614.jpg 768w, https:\/\/somnomed.com\/es\/wp-content\/uploads\/sites\/14\/2025\/08\/SomnoDent-Avant-With-Container-Low-Res-300x240.jpg 300w, https:\/\/somnomed.com\/es\/wp-content\/uploads\/sites\/14\/2025\/08\/SomnoDent-Avant-With-Container-Low-Res-1024x819.jpg 1024w, https:\/\/somnomed.com\/es\/wp-content\/uploads\/sites\/14\/2025\/08\/SomnoDent-Avant-With-Container-Low-Res-1536x1229.jpg 1536w, https:\/\/somnomed.com\/es\/wp-content\/uploads\/sites\/14\/2025\/08\/SomnoDent-Avant-With-Container-Low-Res.jpg 2000w\" sizes=\"(max-width: 768px) 100vw, 768px\" \/>\t\t\t\t\t\t\t\t\t\t\t\t\t\t\t<\/div>\n\t\t\t\t<\/div>\n\t\t\t\t\t<\/div>\n\t\t<\/div>\n\t\t\t\t<div class=\"elementor-column elementor-col-50 elementor-top-column elementor-element elementor-element-2eb24230 padding-col--right\" data-id=\"2eb24230\" data-element_type=\"column\" data-e-type=\"column\">\n\t\t\t<div class=\"elementor-widget-wrap elementor-element-populated\">\n\t\t\t\t\t\t<section data-particle_enable=\"false\" data-particle-mobile-disabled=\"false\" class=\"elementor-section elementor-inner-section elementor-element elementor-element-6d3b2cdc elementor-section-full_width elementor-section-height-default elementor-section-height-default\" data-id=\"6d3b2cdc\" data-element_type=\"section\" data-e-type=\"section\">\n\t\t\t\t\t\t<div class=\"elementor-container elementor-column-gap-no\">\n\t\t\t\t\t<div class=\"elementor-column elementor-col-100 elementor-inner-column elementor-element elementor-element-787a0029\" data-id=\"787a0029\" data-element_type=\"column\" data-e-type=\"column\">\n\t\t\t<div class=\"elementor-widget-wrap elementor-element-populated\">\n\t\t\t\t\t\t<div class=\"elementor-element elementor-element-4ac5f824 elementor-widget elementor-widget-heading\" data-id=\"4ac5f824\" data-element_type=\"widget\" data-e-type=\"widget\" data-widget_type=\"heading.default\">\n\t\t\t\t<div class=\"elementor-widget-container\">\n\t\t\t\t\t<h2 class=\"elementor-heading-title elementor-size-default\">Dispositivos orales SomnoDent<sup>\u00ae<\/sup> <\/h2>\t\t\t\t<\/div>\n\t\t\t\t<\/div>\n\t\t\t\t<div class=\"elementor-element elementor-element-7bb94491 elementor-widget elementor-widget-text-editor\" data-id=\"7bb94491\" data-element_type=\"widget\" data-e-type=\"widget\" data-widget_type=\"text-editor.default\">\n\t\t\t\t<div class=\"elementor-widget-container\">\n\t\t\t\t\t\t\t\t\t<p>SomnoMed<sup>\u00ae<\/sup>\u00a0sabe que no hay dos pacientes iguales, por lo que nos enorgullecemos de ofrecer dispositivos orales con una amplia gama de opciones para tratar a sus pacientes con Apnea Obstructiva del Sue\u00f1o (AOS).<\/p><p><span style=\"color: var( --e-global-color-text );\">SomnoMed<\/span><span style=\"color: var( --e-global-color-text );\">\u00a0ha desarrollado los dispositivos orales\u00a0<\/span><span style=\"color: var( --e-global-color-text );\">SomnoDent<\/span><span style=\"color: var( --e-global-color-text );\">: diferentes dispositivos orales cl\u00ednicamente probados fabricados con la tecnolog\u00eda m\u00e1s innovadora.<\/span><\/p><p>En nuestras instalaciones de \u00faltima generaci\u00f3n con certificaci\u00f3n ISO 13485, los especialistas de laboratorio capacitados de SomnoMed trabajan utilizando el m\u00e1ximo cuidado, exactitud y precisi\u00f3n para conseguir los m\u00e1s altos est\u00e1ndares de calidad.<\/p>\t\t\t\t\t\t\t\t<\/div>\n\t\t\t\t<\/div>\n\t\t\t\t\t<\/div>\n\t\t<\/div>\n\t\t\t\t\t<\/div>\n\t\t<\/section>\n\t\t\t\t\t<\/div>\n\t\t<\/div>\n\t\t\t\t\t<\/div>\n\t\t<\/section>\n\t\t\t\t<section data-particle_enable=\"false\" data-particle-mobile-disabled=\"false\" class=\"elementor-section elementor-top-section elementor-element elementor-element-d9ab75c elementor-section-boxed elementor-section-height-default elementor-section-height-default\" data-id=\"d9ab75c\" data-element_type=\"section\" data-e-type=\"section\" data-settings=\"{&quot;background_background&quot;:&quot;classic&quot;}\">\n\t\t\t\t\t\t<div class=\"elementor-container elementor-column-gap-default\">\n\t\t\t\t\t<div class=\"elementor-column elementor-col-100 elementor-top-column elementor-element elementor-element-55d0fa1\" data-id=\"55d0fa1\" data-element_type=\"column\" data-e-type=\"column\">\n\t\t\t<div class=\"elementor-widget-wrap elementor-element-populated\">\n\t\t\t\t\t\t<div class=\"elementor-element elementor-element-45f7fd9 elementor-widget elementor-widget-spacer\" data-id=\"45f7fd9\" data-element_type=\"widget\" data-e-type=\"widget\" data-widget_type=\"spacer.default\">\n\t\t\t\t<div class=\"elementor-widget-container\">\n\t\t\t\t\t\t\t<div class=\"elementor-spacer\">\n\t\t\t<div class=\"elementor-spacer-inner\"><\/div>\n\t\t<\/div>\n\t\t\t\t\t\t<\/div>\n\t\t\t\t<\/div>\n\t\t\t\t\t<\/div>\n\t\t<\/div>\n\t\t\t\t\t<\/div>\n\t\t<\/section>\n\t\t\t\t<section data-particle_enable=\"false\" data-particle-mobile-disabled=\"false\" class=\"elementor-section elementor-top-section elementor-element elementor-element-38f544df elementor-section-content-middle elementor-section-full_width elementor-reverse-mobile elementor-section-height-default elementor-section-height-default\" data-id=\"38f544df\" data-element_type=\"section\" data-e-type=\"section\" data-settings=\"{&quot;background_background&quot;:&quot;classic&quot;}\">\n\t\t\t\t\t\t<div class=\"elementor-container elementor-column-gap-default\">\n\t\t\t\t\t<div class=\"elementor-column elementor-col-50 elementor-top-column elementor-element elementor-element-774bfe00 padding-col--left\" data-id=\"774bfe00\" data-element_type=\"column\" data-e-type=\"column\">\n\t\t\t<div class=\"elementor-widget-wrap elementor-element-populated\">\n\t\t\t\t\t\t<section data-particle_enable=\"false\" data-particle-mobile-disabled=\"false\" class=\"elementor-section elementor-inner-section elementor-element elementor-element-66201380 elementor-section-full_width elementor-section-height-default elementor-section-height-default\" data-id=\"66201380\" data-element_type=\"section\" data-e-type=\"section\">\n\t\t\t\t\t\t<div class=\"elementor-container elementor-column-gap-no\">\n\t\t\t\t\t<div class=\"elementor-column elementor-col-100 elementor-inner-column elementor-element elementor-element-6b70eef3\" data-id=\"6b70eef3\" data-element_type=\"column\" data-e-type=\"column\">\n\t\t\t<div class=\"elementor-widget-wrap elementor-element-populated\">\n\t\t\t\t\t\t<div class=\"elementor-element elementor-element-1fdda1ce elementor-widget elementor-widget-heading\" data-id=\"1fdda1ce\" data-element_type=\"widget\" data-e-type=\"widget\" data-widget_type=\"heading.default\">\n\t\t\t\t<div class=\"elementor-widget-container\">\n\t\t\t\t\t<h1 class=\"elementor-heading-title elementor-size-default\">Est\u00e1ndar de comodidad y efectividad<\/h1>\t\t\t\t<\/div>\n\t\t\t\t<\/div>\n\t\t\t\t<div class=\"elementor-element elementor-element-371eeaa8 elementor-widget elementor-widget-text-editor\" data-id=\"371eeaa8\" data-element_type=\"widget\" data-e-type=\"widget\" data-widget_type=\"text-editor.default\">\n\t\t\t\t<div class=\"elementor-widget-container\">\n\t\t\t\t\t\t\t\t\t<p>SomnoMed es l\u00edder mundial en dise\u00f1o y fabricaci\u00f3n de dispositivos orales para tratar la apnea del sue\u00f1o.<\/p><p>Desde que empezamos a fabricar f\u00e9rulas en 2004, SomnoMed ha ido mejorando continuamente la gama SomnoDent, centr\u00e1ndose en aumentar la comodiad y la mejorar el tratamiento de la apnea del sue\u00f1o.<\/p><p>La comodidad de los aparatos SomnoDent<sup>\u00a0<\/sup> se debe nuestro revestimiento exclusivo b-flex Comfort Liner<sup>\u00ae<\/sup>, que se amolda y se fija a la dentadura.\u00a0<\/p><p>Nuestras \u00faltimas innovaciones est\u00e1n incorporadas en la f\u00e9rula\u00a0 SomnoDent Avant<sup>\u00ae<\/sup>, con ella respira por la nariz en lugar de por la boca; as\u00ed conseguimos una noche de sue\u00f1o m\u00e1s c\u00f3moda.\u00a0<\/p>\t\t\t\t\t\t\t\t<\/div>\n\t\t\t\t<\/div>\n\t\t\t\t\t<\/div>\n\t\t<\/div>\n\t\t\t\t\t<\/div>\n\t\t<\/section>\n\t\t\t\t\t<\/div>\n\t\t<\/div>\n\t\t\t\t<div class=\"elementor-column elementor-col-50 elementor-top-column elementor-element elementor-element-573cc18\" data-id=\"573cc18\" data-element_type=\"column\" data-e-type=\"column\">\n\t\t\t<div class=\"elementor-widget-wrap elementor-element-populated\">\n\t\t\t\t\t\t<div class=\"elementor-element elementor-element-4d663632 elementor-widget elementor-widget-video\" data-id=\"4d663632\" data-element_type=\"widget\" data-e-type=\"widget\" data-settings=\"{&quot;video_type&quot;:&quot;hosted&quot;,&quot;autoplay&quot;:&quot;yes&quot;,&quot;play_on_mobile&quot;:&quot;yes&quot;,&quot;loop&quot;:&quot;yes&quot;,&quot;mute&quot;:&quot;yes&quot;}\" data-widget_type=\"video.default\">\n\t\t\t\t<div class=\"elementor-widget-container\">\n\t\t\t\t\t\t\t<div class=\"e-hosted-video elementor-wrapper elementor-open-inline\">\n\t\t\t\t\t<video class=\"elementor-video\" src=\"https:\/\/somnomed.com\/es\/wp-content\/uploads\/sites\/14\/2022\/05\/BFlex.mp4\" autoplay=\"\" loop=\"\" muted=\"muted\" playsinline=\"\" controlsList=\"nodownload\"><\/video>\n\t\t\t\t<\/div>\n\t\t\t\t\t\t<\/div>\n\t\t\t\t<\/div>\n\t\t\t\t\t<\/div>\n\t\t<\/div>\n\t\t\t\t\t<\/div>\n\t\t<\/section>\n\t\t\t\t<section data-particle_enable=\"false\" data-particle-mobile-disabled=\"false\" class=\"elementor-section elementor-top-section elementor-element elementor-element-9fd6d39 elementor-section-content-middle elementor-section-boxed elementor-section-height-default elementor-section-height-default\" data-id=\"9fd6d39\" data-element_type=\"section\" data-e-type=\"section\" data-settings=\"{&quot;background_background&quot;:&quot;classic&quot;}\">\n\t\t\t\t\t\t<div class=\"elementor-container elementor-column-gap-default\">\n\t\t\t\t\t<div class=\"elementor-column elementor-col-50 elementor-top-column elementor-element elementor-element-146748f\" data-id=\"146748f\" data-element_type=\"column\" data-e-type=\"column\">\n\t\t\t<div class=\"elementor-widget-wrap elementor-element-populated\">\n\t\t\t\t\t\t<div class=\"elementor-element elementor-element-05ff35f elementor-widget__width-initial e-transform elementor-widget elementor-widget-image\" data-id=\"05ff35f\" data-element_type=\"widget\" data-e-type=\"widget\" data-settings=\"{&quot;_transform_flipX_effect&quot;:&quot;transform&quot;}\" data-widget_type=\"image.default\">\n\t\t\t\t<div class=\"elementor-widget-container\">\n\t\t\t\t\t\t\t\t\t\t\t\t\t\t\t<img decoding=\"async\" src=\"https:\/\/somnomed.com\/es\/wp-content\/uploads\/sites\/14\/elementor\/thumbs\/Wake-up-woman-cover-English-2-r9mej4oqqbiywklhz5632169ajdl3ttuxgbr4rcv2w.png\" title=\"Pacientes de todo el mundo conf\u00edan en la terapia dental.\" alt=\"Hombre que lleva una SomnoDent Avant, confiando en SomnoMed para el tratamiento de su apnea del sue\u00f1o.\" loading=\"lazy\" \/>\t\t\t\t\t\t\t\t\t\t\t\t\t\t\t<\/div>\n\t\t\t\t<\/div>\n\t\t\t\t\t<\/div>\n\t\t<\/div>\n\t\t\t\t<div class=\"elementor-column elementor-col-50 elementor-top-column elementor-element elementor-element-4b8eed9\" data-id=\"4b8eed9\" data-element_type=\"column\" data-e-type=\"column\">\n\t\t\t<div class=\"elementor-widget-wrap elementor-element-populated\">\n\t\t\t\t\t\t<section data-particle_enable=\"false\" data-particle-mobile-disabled=\"false\" class=\"elementor-section elementor-inner-section elementor-element elementor-element-bdb984c elementor-section-full_width elementor-section-height-default elementor-section-height-default\" data-id=\"bdb984c\" data-element_type=\"section\" data-e-type=\"section\">\n\t\t\t\t\t\t<div class=\"elementor-container elementor-column-gap-no\">\n\t\t\t\t\t<div class=\"elementor-column elementor-col-100 elementor-inner-column elementor-element elementor-element-9c2c98d\" data-id=\"9c2c98d\" data-element_type=\"column\" data-e-type=\"column\">\n\t\t\t<div class=\"elementor-widget-wrap elementor-element-populated\">\n\t\t\t\t\t\t<div class=\"elementor-element elementor-element-687dcf4 elementor-widget elementor-widget-heading\" data-id=\"687dcf4\" data-element_type=\"widget\" data-e-type=\"widget\" data-widget_type=\"heading.default\">\n\t\t\t\t<div class=\"elementor-widget-container\">\n\t\t\t\t\t<h2 class=\"elementor-heading-title elementor-size-default\">El tratamiento con dispositivos orales en el que conf\u00edan pacientes de todo el mundo<\/h2>\t\t\t\t<\/div>\n\t\t\t\t<\/div>\n\t\t\t\t<div class=\"elementor-element elementor-element-6dbc2a9 elementor-widget elementor-widget-text-editor\" data-id=\"6dbc2a9\" data-element_type=\"widget\" data-e-type=\"widget\" data-widget_type=\"text-editor.default\">\n\t\t\t\t<div class=\"elementor-widget-container\">\n\t\t\t\t\t\t\t\t\t<h6>\u00a0<\/h6><p><span style=\"font-family: Roboto, sans-serif; color: var( --e-global-color-text ); font-weight: var( --e-global-typography-text-font-weight );\">Basado en la original invenci\u00f3n del Dr. Richard Palmisano, SomnoMed<\/span><span style=\"color: var( --e-global-color-text ); font-family: Roboto, sans-serif; font-weight: var( --e-global-typography-text-font-weight );\">\u00a0fabrica dispositivos a nivel mundial. Con una mejora continua y resultados validados cient\u00edficamente, SomnoMed<\/span><span style=\"color: var( --e-global-color-text ); font-family: Roboto, sans-serif; font-weight: var( --e-global-typography-text-font-weight );\">\u00a0se ha convertido en una de las mayores empresas de dispositivos orales para tratar la Apnea Obstructiva del Sue\u00f1o (AOS) en todo el mundo.<\/span><\/p>\t\t\t\t\t\t\t\t<\/div>\n\t\t\t\t<\/div>\n\t\t\t\t\t<\/div>\n\t\t<\/div>\n\t\t\t\t\t<\/div>\n\t\t<\/section>\n\t\t\t\t\t<\/div>\n\t\t<\/div>\n\t\t\t\t\t<\/div>\n\t\t<\/section>\n\t\t\t\t<\/div>\n\t\t","protected":false},"excerpt":{"rendered":"<p>Dispositivos orales SomnoDent\u00ae SomnoMed\u00ae\u00a0sabe que no hay dos pacientes iguales, por lo que nos enorgullecemos de ofrecer dispositivos orales con una amplia gama de opciones para tratar a sus pacientes con Apnea Obstructiva del Sue\u00f1o (AOS). SomnoMed\u00a0ha desarrollado los dispositivos orales\u00a0SomnoDent: diferentes dispositivos orales cl\u00ednicamente probados fabricados con la tecnolog\u00eda m\u00e1s innovadora. En nuestras instalaciones &#8230;<\/p>\n","protected":false},"author":2,"featured_media":0,"parent":577,"menu_order":0,"comment_status":"closed","ping_status":"closed","template":"","meta":{"_acf_changed":false,"footnotes":""},"class_list":["post-447","page","type-page","status-publish","hentry"],"acf":[],"_links":{"self":[{"href":"https:\/\/somnomed.com\/es\/wp-json\/wp\/v2\/pages\/447","targetHints":{"allow":["GET"]}}],"collection":[{"href":"https:\/\/somnomed.com\/es\/wp-json\/wp\/v2\/pages"}],"about":[{"href":"https:\/\/somnomed.com\/es\/wp-json\/wp\/v2\/types\/page"}],"author":[{"embeddable":true,"href":"https:\/\/somnomed.com\/es\/wp-json\/wp\/v2\/users\/2"}],"replies":[{"embeddable":true,"href":"https:\/\/somnomed.com\/es\/wp-json\/wp\/v2\/comments?post=447"}],"version-history":[{"count":3,"href":"https:\/\/somnomed.com\/es\/wp-json\/wp\/v2\/pages\/447\/revisions"}],"predecessor-version":[{"id":17858,"href":"https:\/\/somnomed.com\/es\/wp-json\/wp\/v2\/pages\/447\/revisions\/17858"}],"up":[{"embeddable":true,"href":"https:\/\/somnomed.com\/es\/wp-json\/wp\/v2\/pages\/577"}],"wp:attachment":[{"href":"https:\/\/somnomed.com\/es\/wp-json\/wp\/v2\/media?parent=447"}],"curies":[{"name":"wp","href":"https:\/\/api.w.org\/{rel}","templated":true}]}}