{"id":11534,"date":"2021-09-10T02:38:46","date_gmt":"2021-09-10T06:38:46","guid":{"rendered":"https:\/\/staging.somnomed.com\/fi\/?page_id=11534"},"modified":"2026-02-13T14:16:53","modified_gmt":"2026-02-13T12:16:53","slug":"somtabs-order-form","status":"publish","type":"page","link":"https:\/\/somnomed.com\/fi\/patients\/somtabs-order-form\/","title":{"rendered":"Somtabs-tilauslomake"},"content":{"rendered":"\t\t<div data-elementor-type=\"wp-page\" data-elementor-id=\"11534\" class=\"elementor elementor-11534\" data-elementor-post-type=\"page\">\n\t\t\t\t\t\t<section data-particle_enable=\"false\" data-particle-mobile-disabled=\"false\" class=\"elementor-section elementor-top-section elementor-element elementor-element-10801d1 elementor-section-boxed elementor-section-height-default elementor-section-height-default\" data-id=\"10801d1\" data-element_type=\"section\" data-e-type=\"section\">\n\t\t\t\t\t\t<div class=\"elementor-container elementor-column-gap-default\">\n\t\t\t\t\t<div class=\"elementor-column elementor-col-100 elementor-top-column elementor-element elementor-element-b002943\" data-id=\"b002943\" data-element_type=\"column\" data-e-type=\"column\">\n\t\t\t<div class=\"elementor-widget-wrap elementor-element-populated\">\n\t\t\t\t\t\t<div class=\"elementor-element elementor-element-39b2ace elementor-widget elementor-widget-spacer\" data-id=\"39b2ace\" data-element_type=\"widget\" data-e-type=\"widget\" data-widget_type=\"spacer.default\">\n\t\t\t\t<div class=\"elementor-widget-container\">\n\t\t\t\t\t\t\t<div class=\"elementor-spacer\">\n\t\t\t<div class=\"elementor-spacer-inner\"><\/div>\n\t\t<\/div>\n\t\t\t\t\t\t<\/div>\n\t\t\t\t<\/div>\n\t\t\t\t\t<\/div>\n\t\t<\/div>\n\t\t\t\t\t<\/div>\n\t\t<\/section>\n\t\t\t\t<section data-particle_enable=\"false\" data-particle-mobile-disabled=\"false\" class=\"elementor-section elementor-top-section elementor-element elementor-element-2701835 elementor-section-boxed elementor-section-height-default elementor-section-height-default\" data-id=\"2701835\" data-element_type=\"section\" data-e-type=\"section\">\n\t\t\t\t\t\t<div class=\"elementor-container elementor-column-gap-default\">\n\t\t\t\t\t<div class=\"elementor-column elementor-col-100 elementor-top-column elementor-element elementor-element-4f4f4df\" data-id=\"4f4f4df\" data-element_type=\"column\" data-e-type=\"column\">\n\t\t\t<div class=\"elementor-widget-wrap\">\n\t\t\t\t\t\t\t<\/div>\n\t\t<\/div>\n\t\t\t\t\t<\/div>\n\t\t<\/section>\n\t\t\t\t<section data-particle_enable=\"false\" data-particle-mobile-disabled=\"false\" class=\"elementor-section elementor-top-section elementor-element elementor-element-4c73665 elementor-section-boxed elementor-section-height-default elementor-section-height-default\" data-id=\"4c73665\" data-element_type=\"section\" data-e-type=\"section\">\n\t\t\t\t\t\t<div class=\"elementor-container elementor-column-gap-default\">\n\t\t\t\t\t<div class=\"elementor-column elementor-col-50 elementor-top-column elementor-element elementor-element-109b436\" data-id=\"109b436\" data-element_type=\"column\" data-e-type=\"column\">\n\t\t\t<div class=\"elementor-widget-wrap elementor-element-populated\">\n\t\t\t\t\t\t<div class=\"elementor-element elementor-element-19edc1c elementor-widget elementor-widget-heading\" data-id=\"19edc1c\" data-element_type=\"widget\" data-e-type=\"widget\" data-widget_type=\"heading.default\">\n\t\t\t\t<div class=\"elementor-widget-container\">\n\t\t\t\t\t<h2 class=\"elementor-heading-title elementor-size-default\">SomTabs<\/h2>\t\t\t\t<\/div>\n\t\t\t\t<\/div>\n\t\t\t\t<div class=\"elementor-element elementor-element-300de52 elementor-widget elementor-widget-text-editor\" data-id=\"300de52\" data-element_type=\"widget\" data-e-type=\"widget\" data-widget_type=\"text-editor.default\">\n\t\t\t\t<div class=\"elementor-widget-container\">\n\t\t\t\t\t\t\t\t\t<h5>Hoitavat ja tehokkaasti puhdistavat puhdistustabletit sinun uniapneakiskoillesi<\/h5>\t\t\t\t\t\t\t\t<\/div>\n\t\t\t\t<\/div>\n\t\t\t\t<div class=\"elementor-element elementor-element-44ab241 elementor-widget elementor-widget-text-editor\" data-id=\"44ab241\" data-element_type=\"widget\" data-e-type=\"widget\" data-widget_type=\"text-editor.default\">\n\t\t\t\t<div class=\"elementor-widget-container\">\n\t\t\t\t\t\t\t\t\t<p>Yksinoikeudella SomnoMedilt\u00e4<sup>\u00ae<\/sup><strong>, <\/strong>SomTabs-puhdistustabletit pit\u00e4v\u00e4t SomnoDent<sup>\u00ae<\/sup>-kiskot moitteettomassa kunnossa. Ne puhdistavat kiskon hell\u00e4varoen, mutta perusteellisesti ja auttavat sit\u00e4 pysym\u00e4\u00e4n virheett\u00f6m\u00e4ss\u00e4 kunnossa. SomTabs-tabletit puhdistavat kiskon vaikeasti puhdistettavatkin osat ja poistavat tehokkaasti hajuja. Yksi (1) paketti sis\u00e4lt\u00e4\u00e4 30 tablettia.<\/p><p>Tilaa SomTabs-tabletteja alla olevalla lomakkeella.<\/p><p>SomTabs-k\u00e4ytt\u00f6ohjeet l\u00f6yd\u00e4t klikkaamalla alla olevaa nappia.<\/p>\t\t\t\t\t\t\t\t<\/div>\n\t\t\t\t<\/div>\n\t\t\t\t<div class=\"elementor-element elementor-element-dd5aa59 elementor-widget elementor-widget-button\" data-id=\"dd5aa59\" data-element_type=\"widget\" data-e-type=\"widget\" data-widget_type=\"button.default\">\n\t\t\t\t<div class=\"elementor-widget-container\">\n\t\t\t\t\t\t\t\t\t<div class=\"elementor-button-wrapper\">\n\t\t\t\t\t<a class=\"elementor-button elementor-button-link elementor-size-sm\" href=\"https:\/\/cdn.somnomed.com\/uploads\/kGrHeRwgt5cbbugfh\/original.pdf\" target=\"_blank\">\n\t\t\t\t\t\t<span class=\"elementor-button-content-wrapper\">\n\t\t\t\t\t\t\t\t\t<span class=\"elementor-button-text\">Lataa ohje<\/span>\n\t\t\t\t\t<\/span>\n\t\t\t\t\t<\/a>\n\t\t\t\t<\/div>\n\t\t\t\t\t\t\t\t<\/div>\n\t\t\t\t<\/div>\n\t\t\t\t<div class=\"elementor-element elementor-element-a2c210b elementor-widget elementor-widget-button\" data-id=\"a2c210b\" data-element_type=\"widget\" data-e-type=\"widget\" data-widget_type=\"button.default\">\n\t\t\t\t<div class=\"elementor-widget-container\">\n\t\t\t\t\t\t\t\t\t<div class=\"elementor-button-wrapper\">\n\t\t\t\t\t<a class=\"elementor-button elementor-button-link elementor-size-lg\" href=\"https:\/\/shop.somnomed.com\/fi\/?v=3a52f3c22ed6\">\n\t\t\t\t\t\t<span class=\"elementor-button-content-wrapper\">\n\t\t\t\t\t\t\t\t\t<span class=\"elementor-button-text\">Tilaa SomTabseja t\u00e4\u00e4lt\u00e4<\/span>\n\t\t\t\t\t<\/span>\n\t\t\t\t\t<\/a>\n\t\t\t\t<\/div>\n\t\t\t\t\t\t\t\t<\/div>\n\t\t\t\t<\/div>\n\t\t\t\t\t<\/div>\n\t\t<\/div>\n\t\t\t\t<div class=\"elementor-column elementor-col-50 elementor-top-column elementor-element elementor-element-3c87f8c\" data-id=\"3c87f8c\" data-element_type=\"column\" data-e-type=\"column\">\n\t\t\t<div class=\"elementor-widget-wrap elementor-element-populated\">\n\t\t\t\t\t\t<div class=\"elementor-element elementor-element-045fd40 elementor-arrows-position-inside elementor-pagination-position-outside elementor-widget elementor-widget-image-carousel\" data-id=\"045fd40\" data-element_type=\"widget\" data-e-type=\"widget\" data-settings=\"{&quot;slides_to_show&quot;:&quot;1&quot;,&quot;autoplay&quot;:&quot;no&quot;,&quot;navigation&quot;:&quot;both&quot;,&quot;infinite&quot;:&quot;yes&quot;,&quot;effect&quot;:&quot;slide&quot;,&quot;speed&quot;:500}\" data-widget_type=\"image-carousel.default\">\n\t\t\t\t<div class=\"elementor-widget-container\">\n\t\t\t\t\t\t\t<div class=\"elementor-image-carousel-wrapper swiper\" role=\"region\" aria-roledescription=\"carousel\" aria-label=\"Image Carousel\" dir=\"rtl\">\n\t\t\t<div class=\"elementor-image-carousel swiper-wrapper\" aria-live=\"polite\">\n\t\t\t\t\t\t\t\t<div class=\"swiper-slide\" role=\"group\" aria-roledescription=\"slide\" aria-label=\"1 of 3\"><figure class=\"swiper-slide-inner\"><img decoding=\"async\" class=\"swiper-slide-image\" src=\"https:\/\/somnomed.com\/fi\/wp-content\/uploads\/sites\/18\/elementor\/thumbs\/Untitled-8-pfsi5ud08qs995rjak8qoag90o1mnrlfq0wr7hykco.jpg\" alt=\"SomTabs\" \/><\/figure><\/div><div class=\"swiper-slide\" role=\"group\" aria-roledescription=\"slide\" aria-label=\"2 of 3\"><figure class=\"swiper-slide-inner\"><img decoding=\"async\" class=\"swiper-slide-image\" src=\"https:\/\/somnomed.com\/fi\/wp-content\/uploads\/sites\/18\/elementor\/thumbs\/Image-for-website-pfsi5vaufktjkrq652nd8s7pm1wzvgp625k8orx66g.jpg\" alt=\"SomTabs\" \/><\/figure><\/div><div class=\"swiper-slide\" role=\"group\" aria-roledescription=\"slide\" aria-label=\"3 of 3\"><figure class=\"swiper-slide-inner\"><img decoding=\"async\" class=\"swiper-slide-image\" src=\"https:\/\/somnomed.com\/fi\/wp-content\/uploads\/sites\/18\/elementor\/thumbs\/Untitled-7-pfsi5ud08qs995rjak8qoag90o1mnrlfq0wr7hykco.jpg\" alt=\"SomTabs Cleaning Avant\" \/><\/figure><\/div>\t\t\t<\/div>\n\t\t\t\t\t\t\t\t\t\t\t\t<div class=\"elementor-swiper-button elementor-swiper-button-prev\" role=\"button\" tabindex=\"0\">\n\t\t\t\t\t\t<i aria-hidden=\"true\" class=\"eicon-chevron-left\"><\/i>\t\t\t\t\t<\/div>\n\t\t\t\t\t<div class=\"elementor-swiper-button elementor-swiper-button-next\" role=\"button\" tabindex=\"0\">\n\t\t\t\t\t\t<i aria-hidden=\"true\" class=\"eicon-chevron-right\"><\/i>\t\t\t\t\t<\/div>\n\t\t\t\t\n\t\t\t\t\t\t\t\t\t<div class=\"swiper-pagination\"><\/div>\n\t\t\t\t\t\t\t\t\t<\/div>\n\t\t\t\t\t\t<\/div>\n\t\t\t\t<\/div>\n\t\t\t\t\t<\/div>\n\t\t<\/div>\n\t\t\t\t\t<\/div>\n\t\t<\/section>\n\t\t\t\t<section data-particle_enable=\"false\" data-particle-mobile-disabled=\"false\" class=\"elementor-section elementor-top-section elementor-element elementor-element-8c4f6c9 elementor-section-boxed elementor-section-height-default elementor-section-height-default\" data-id=\"8c4f6c9\" data-element_type=\"section\" data-e-type=\"section\">\n\t\t\t\t\t\t<div class=\"elementor-container elementor-column-gap-default\">\n\t\t\t\t\t<div class=\"elementor-column elementor-col-100 elementor-top-column elementor-element elementor-element-665af76\" data-id=\"665af76\" data-element_type=\"column\" data-e-type=\"column\">\n\t\t\t<div class=\"elementor-widget-wrap elementor-element-populated\">\n\t\t\t\t\t\t<div class=\"elementor-element elementor-element-4664ebb elementor-widget elementor-widget-spacer\" data-id=\"4664ebb\" data-element_type=\"widget\" data-e-type=\"widget\" data-widget_type=\"spacer.default\">\n\t\t\t\t<div class=\"elementor-widget-container\">\n\t\t\t\t\t\t\t<div class=\"elementor-spacer\">\n\t\t\t<div class=\"elementor-spacer-inner\"><\/div>\n\t\t<\/div>\n\t\t\t\t\t\t<\/div>\n\t\t\t\t<\/div>\n\t\t\t\t\t<\/div>\n\t\t<\/div>\n\t\t\t\t\t<\/div>\n\t\t<\/section>\n\t\t\t\t<section data-particle_enable=\"false\" data-particle-mobile-disabled=\"false\" class=\"elementor-section elementor-top-section elementor-element elementor-element-bb574ba elementor-section-boxed elementor-section-height-default elementor-section-height-default\" data-id=\"bb574ba\" data-element_type=\"section\" data-e-type=\"section\">\n\t\t\t\t\t\t<div class=\"elementor-container elementor-column-gap-default\">\n\t\t\t\t\t<div class=\"elementor-column elementor-col-100 elementor-top-column elementor-element elementor-element-cc19e3b\" data-id=\"cc19e3b\" data-element_type=\"column\" data-e-type=\"column\">\n\t\t\t<div class=\"elementor-widget-wrap elementor-element-populated\">\n\t\t\t\t\t\t<div class=\"elementor-element elementor-element-dd1e547 elementor-widget elementor-widget-eael-adv-tabs\" data-id=\"dd1e547\" data-element_type=\"widget\" data-e-type=\"widget\" data-widget_type=\"eael-adv-tabs.default\">\n\t\t\t\t<div class=\"elementor-widget-container\">\n\t\t\t\t\t        <div data-scroll-on-click=\"no\" data-scroll-speed=\"300\" id=\"eael-advance-tabs-dd1e547\" class=\"eael-advance-tabs eael-tabs-horizontal eael-tab-auto-active \" data-tabid=\"dd1e547\">\n            <div class=\"eael-tabs-nav \">\n                <ul class=\"eael-tab-inline-icon\" role=\"tablist\">\n                                            <li id=\"tuoteseloste\" class=\"inactive eael-tab-item-trigger eael-tab-nav-item\" aria-selected=\"true\" data-tab=\"1\" role=\"tab\" tabindex=\"0\" aria-controls=\"tuoteseloste-tab\" aria-expanded=\"false\">\n                            \n                                                        \n                                                            <span class=\"eael-tab-title title-after-icon\" >Tuoteseloste<\/span>                            \n                                                    <\/li>\n                                            <li id=\"sislt\" class=\"inactive eael-tab-item-trigger eael-tab-nav-item\" aria-selected=\"false\" data-tab=\"2\" role=\"tab\" tabindex=\"-1\" aria-controls=\"sislt-tab\" aria-expanded=\"false\">\n                            \n                                                        \n                                                            <span class=\"eael-tab-title title-after-icon\" >Sis\u00e4lt\u00f6<\/span>                            \n                                                    <\/li>\n                                            <li id=\"varoitus\" class=\"inactive eael-tab-item-trigger eael-tab-nav-item\" aria-selected=\"false\" data-tab=\"3\" role=\"tab\" tabindex=\"-1\" aria-controls=\"varoitus-tab\" aria-expanded=\"false\">\n                            \n                                                        \n                                                            <span class=\"eael-tab-title title-after-icon\" >Varoitus<\/span>                            \n                                                    <\/li>\n                                            <li id=\"huolto-ja-puhdistus\" class=\"inactive eael-tab-item-trigger eael-tab-nav-item\" aria-selected=\"false\" data-tab=\"4\" role=\"tab\" tabindex=\"-1\" aria-controls=\"huolto-ja-puhdistus-tab\" aria-expanded=\"false\">\n                            \n                                                        \n                                                            <span class=\"eael-tab-title title-after-icon\" >Huolto ja puhdistus<\/span>                            \n                                                    <\/li>\n                    \n                                  <\/ul>\n            <\/div>\n            \n            <div class=\"eael-tabs-content\">\n\t\t        \n                    <div id=\"tuoteseloste-tab\" class=\"clearfix eael-tab-content-item inactive\" data-title-link=\"tuoteseloste-tab\">\n\t\t\t\t        <p><strong>Tuoteseloste<\/strong><br \/>Natriumbikarbonaatti, kaliummonopersulfaatti, sitruunahappo, natriumsitraatti, sorbitoli, natriumlauryylisulfaatti, natriumperkarbonaatti, Cl 73015.<\/p>                    <\/div>\n\t\t        \n                    <div id=\"sislt-tab\" class=\"clearfix eael-tab-content-item inactive\" data-title-link=\"sislt-tab\">\n\t\t\t\t        <p>Yksi (1) paketti sis\u00e4lt\u00e4\u00e4 30 tablettia.<\/p>                    <\/div>\n\t\t        \n                    <div id=\"varoitus-tab\" class=\"clearfix eael-tab-content-item inactive\" data-title-link=\"varoitus-tab\">\n\t\t\t\t        <p><strong>Varoitus<\/strong><br \/>Pid\u00e4 tabletit lasten sek\u00e4 lemmikkiel\u00e4imien ulottumattomissa ja joilla on riski vahingossa nielaista tabletti ja pesuliuos. Ota v\u00e4litt\u00f6m\u00e4sti yhteys ensiapuun, jos tuotetta joutuu suuhun. <\/p><p>Tuotetta ei suositella henkil\u00f6ille, joilla on persulfaatti-yliherkkyys.<\/p>                    <\/div>\n\t\t        \n                    <div id=\"huolto-ja-puhdistus-tab\" class=\"clearfix eael-tab-content-item inactive\" data-title-link=\"huolto-ja-puhdistus-tab\">\n\t\t\t\t        <p>Liuota yksi SomTabs-puhdistustabletti riitt\u00e4v\u00e4n m\u00e4\u00e4r\u00e4n k\u00e4denl\u00e4mp\u00f6ist\u00e4 vett\u00e4 (noin 1 dl) sis\u00e4lt\u00e4v\u00e4ss\u00e4 kuljetuskotelossa (noin 35\u00baC). \u00c4l\u00e4 koskaan k\u00e4yt\u00e4 kuumaa vett\u00e4! Kuuma vesi tuhoaa laitteen, mik\u00e4 johtaa takuun raukeamiseen.<\/p><p>Aseta SomnoDent<sup>\u00ae<\/sup>-laitteen osat varovasti kuljetuskoteloon. Kaikkien osien on oltava kokonaan puhdistusliuoksessa. \u00c4l\u00e4 sulje koteloa kannella, vaan anna kiskon olla vapaassa ilmatilassa. Ota kisko ja kaikki pienet osat kuljetuskotelosta noin 15 minuutin kuluttua. Varo, etteiv\u00e4t pienet osat h\u00e4vi\u00e4! Tyhjenn\u00e4 puhdistusliuos kuljetuskotelosta, huuhtele viile\u00e4ll\u00e4 vedell\u00e4 ja kuivaa.<\/p><p>Otettuasi laitteen puhdistusliuoksesta harjaa se huolellisesti hammasharjalla ja huuhtele viile\u00e4ll\u00e4 juoksevalla vedell\u00e4. Harjaa SomnoDent<sup>\u00ae<\/sup> Flex-, Fusion- tai Avant -laitteesi puhdistusharjalla tai hammasharjalla.<\/p><p>Kuivaa laitteen kaikki osat huolellisesti ja perusteellisesti puhtaalla liinalla. Kun SomnoDent<sup>\u00ae<\/sup>-laite ei ole k\u00e4yt\u00f6ss\u00e4, s\u00e4ilyt\u00e4 sit\u00e4 laitteen k\u00e4ytt\u00f6ohjeen mukaisesti.<\/p><p><strong>T\u00e4rke\u00e4\u00e4<\/strong><\/p><ul><li>Suojaa laite suoralta auringonvalolta<\/li><li>\u00c4l\u00e4 k\u00e4yt\u00e4 hammastahnaa, sill\u00e4 se sis\u00e4lt\u00e4\u00e4 hankaavia aineita ja saattaa vahingoittaa laitetta<\/li><li>SomTabs-puhdistustabletteja ei saa laittaa suuhun<\/li><li>Puhdistusliuosta ei saa juoda tai k\u00e4ytt\u00e4\u00e4 suuveten\u00e4<\/li><\/ul><p><strong>Huom!<br \/><br \/><\/strong>\u00c4l\u00e4 k\u00e4yt\u00e4 hammastahnaa puhdistukseen, sill\u00e4 se sis\u00e4lt\u00e4\u00e4 hankaavia aineita ja saattaa vahingoittaa laitetta. Jotkut vastaavat puhdistustuotteet soveltuvat SomnoDent<sup>\u00ae<\/sup> -uniapneakiskoille, kysy t\u00e4st\u00e4 lis\u00e4\u00e4 asiakaspalvelustamme.<\/p>                    <\/div>\n\t\t                    <\/div>\n        <\/div>\n\t\t\t\t<\/div>\n\t\t\t\t<\/div>\n\t\t\t\t\t<\/div>\n\t\t<\/div>\n\t\t\t\t\t<\/div>\n\t\t<\/section>\n\t\t\t\t<section data-particle_enable=\"false\" data-particle-mobile-disabled=\"false\" class=\"elementor-section elementor-top-section elementor-element elementor-element-b1d6178 elementor-section-boxed elementor-section-height-default elementor-section-height-default\" data-id=\"b1d6178\" data-element_type=\"section\" data-e-type=\"section\">\n\t\t\t\t\t\t<div class=\"elementor-container elementor-column-gap-default\">\n\t\t\t\t\t<div class=\"elementor-column elementor-col-100 elementor-top-column elementor-element elementor-element-4334d09\" data-id=\"4334d09\" data-element_type=\"column\" data-e-type=\"column\">\n\t\t\t<div class=\"elementor-widget-wrap elementor-element-populated\">\n\t\t\t\t\t\t<div class=\"elementor-element elementor-element-5a25d52 elementor-widget elementor-widget-spacer\" data-id=\"5a25d52\" data-element_type=\"widget\" data-e-type=\"widget\" data-widget_type=\"spacer.default\">\n\t\t\t\t<div class=\"elementor-widget-container\">\n\t\t\t\t\t\t\t<div class=\"elementor-spacer\">\n\t\t\t<div class=\"elementor-spacer-inner\"><\/div>\n\t\t<\/div>\n\t\t\t\t\t\t<\/div>\n\t\t\t\t<\/div>\n\t\t\t\t\t<\/div>\n\t\t<\/div>\n\t\t\t\t\t<\/div>\n\t\t<\/section>\n\t\t\t\t<section data-particle_enable=\"false\" data-particle-mobile-disabled=\"false\" class=\"elementor-section elementor-top-section elementor-element elementor-element-36b5727 elementor-section-boxed elementor-section-height-default elementor-section-height-default\" data-id=\"36b5727\" data-element_type=\"section\" data-e-type=\"section\">\n\t\t\t\t\t\t<div class=\"elementor-container elementor-column-gap-default\">\n\t\t\t\t\t<div class=\"elementor-column elementor-col-100 elementor-top-column elementor-element elementor-element-245d2d2\" data-id=\"245d2d2\" data-element_type=\"column\" data-e-type=\"column\">\n\t\t\t<div class=\"elementor-widget-wrap\">\n\t\t\t\t\t\t\t<\/div>\n\t\t<\/div>\n\t\t\t\t\t<\/div>\n\t\t<\/section>\n\t\t\t\t<section data-particle_enable=\"false\" data-particle-mobile-disabled=\"false\" class=\"elementor-section elementor-top-section elementor-element elementor-element-89f5b80 elementor-section-boxed elementor-section-height-default elementor-section-height-default\" data-id=\"89f5b80\" data-element_type=\"section\" data-e-type=\"section\">\n\t\t\t\t\t\t<div class=\"elementor-container elementor-column-gap-default\">\n\t\t\t\t\t<div class=\"elementor-column elementor-col-100 elementor-top-column elementor-element elementor-element-ddfdc95\" data-id=\"ddfdc95\" data-element_type=\"column\" data-e-type=\"column\">\n\t\t\t<div class=\"elementor-widget-wrap elementor-element-populated\">\n\t\t\t\t\t\t<div class=\"elementor-element elementor-element-1b68b11 elementor-widget elementor-widget-spacer\" data-id=\"1b68b11\" data-element_type=\"widget\" data-e-type=\"widget\" data-widget_type=\"spacer.default\">\n\t\t\t\t<div class=\"elementor-widget-container\">\n\t\t\t\t\t\t\t<div class=\"elementor-spacer\">\n\t\t\t<div class=\"elementor-spacer-inner\"><\/div>\n\t\t<\/div>\n\t\t\t\t\t\t<\/div>\n\t\t\t\t<\/div>\n\t\t\t\t\t<\/div>\n\t\t<\/div>\n\t\t\t\t\t<\/div>\n\t\t<\/section>\n\t\t\t\t<\/div>\n\t\t","protected":false},"excerpt":{"rendered":"<p>SomTabs Hoitavat ja tehokkaasti puhdistavat puhdistustabletit sinun uniapneakiskoillesi Yksinoikeudella SomnoMedilt\u00e4\u00ae, SomTabs-puhdistustabletit pit\u00e4v\u00e4t SomnoDent\u00ae-kiskot moitteettomassa kunnossa. Ne puhdistavat kiskon hell\u00e4varoen, mutta perusteellisesti ja auttavat sit\u00e4 pysym\u00e4\u00e4n virheett\u00f6m\u00e4ss\u00e4 kunnossa. SomTabs-tabletit puhdistavat kiskon vaikeasti puhdistettavatkin osat ja poistavat tehokkaasti hajuja. Yksi (1) paketti sis\u00e4lt\u00e4\u00e4 30 tablettia. Tilaa SomTabs-tabletteja alla olevalla lomakkeella. SomTabs-k\u00e4ytt\u00f6ohjeet l\u00f6yd\u00e4t klikkaamalla alla olevaa nappia. Lataa &#8230;<\/p>\n","protected":false},"author":92,"featured_media":0,"parent":1044,"menu_order":0,"comment_status":"closed","ping_status":"closed","template":"","meta":{"_acf_changed":false,"footnotes":""},"class_list":["post-11534","page","type-page","status-publish","hentry"],"acf":[],"_links":{"self":[{"href":"https:\/\/somnomed.com\/fi\/wp-json\/wp\/v2\/pages\/11534","targetHints":{"allow":["GET"]}}],"collection":[{"href":"https:\/\/somnomed.com\/fi\/wp-json\/wp\/v2\/pages"}],"about":[{"href":"https:\/\/somnomed.com\/fi\/wp-json\/wp\/v2\/types\/page"}],"author":[{"embeddable":true,"href":"https:\/\/somnomed.com\/fi\/wp-json\/wp\/v2\/users\/92"}],"replies":[{"embeddable":true,"href":"https:\/\/somnomed.com\/fi\/wp-json\/wp\/v2\/comments?post=11534"}],"version-history":[{"count":3,"href":"https:\/\/somnomed.com\/fi\/wp-json\/wp\/v2\/pages\/11534\/revisions"}],"predecessor-version":[{"id":17765,"href":"https:\/\/somnomed.com\/fi\/wp-json\/wp\/v2\/pages\/11534\/revisions\/17765"}],"up":[{"embeddable":true,"href":"https:\/\/somnomed.com\/fi\/wp-json\/wp\/v2\/pages\/1044"}],"wp:attachment":[{"href":"https:\/\/somnomed.com\/fi\/wp-json\/wp\/v2\/media?parent=11534"}],"curies":[{"name":"wp","href":"https:\/\/api.w.org\/{rel}","templated":true}]}}