{"id":322,"date":"2021-06-09T01:43:41","date_gmt":"2021-06-09T05:43:41","guid":{"rendered":"https:\/\/local.somnomed.com\/en\/?page_id=322"},"modified":"2023-06-16T14:30:58","modified_gmt":"2023-06-16T11:30:58","slug":"obstructive-sleep-apnea-osa","status":"publish","type":"page","link":"https:\/\/somnomed.com\/fi\/patients\/sleep\/obstructive-sleep-apnea-osa\/","title":{"rendered":"Obstruktiivinen Uniapnea (OSA)"},"content":{"rendered":"\t\t<div data-elementor-type=\"wp-page\" data-elementor-id=\"322\" class=\"elementor elementor-322\" data-elementor-post-type=\"page\">\n\t\t\t\t\t\t<section data-particle_enable=\"false\" data-particle-mobile-disabled=\"false\" class=\"elementor-section elementor-top-section elementor-element elementor-element-4ed0627b elementor-section-content-top elementor-section-full_width elementor-reverse-mobile elementor-section-height-default elementor-section-height-default\" data-id=\"4ed0627b\" data-element_type=\"section\" data-e-type=\"section\" data-settings=\"{&quot;background_background&quot;:&quot;classic&quot;}\">\n\t\t\t\t\t\t<div class=\"elementor-container elementor-column-gap-default\">\n\t\t\t\t\t<div class=\"elementor-column elementor-col-50 elementor-top-column elementor-element elementor-element-729a920a padding-col--left\" data-id=\"729a920a\" data-element_type=\"column\" data-e-type=\"column\">\n\t\t\t<div class=\"elementor-widget-wrap elementor-element-populated\">\n\t\t\t\t\t\t<section data-particle_enable=\"false\" data-particle-mobile-disabled=\"false\" class=\"elementor-section elementor-inner-section elementor-element elementor-element-57331af6 elementor-section-full_width elementor-section-height-default elementor-section-height-default\" data-id=\"57331af6\" data-element_type=\"section\" data-e-type=\"section\">\n\t\t\t\t\t\t<div class=\"elementor-container elementor-column-gap-no\">\n\t\t\t\t\t<div class=\"elementor-column elementor-col-100 elementor-inner-column elementor-element elementor-element-7f0dfbd5\" data-id=\"7f0dfbd5\" data-element_type=\"column\" data-e-type=\"column\">\n\t\t\t<div class=\"elementor-widget-wrap elementor-element-populated\">\n\t\t\t\t\t\t<div class=\"elementor-element elementor-element-349fc121 elementor-widget elementor-widget-heading\" data-id=\"349fc121\" data-element_type=\"widget\" data-e-type=\"widget\" data-widget_type=\"heading.default\">\n\t\t\t\t<div class=\"elementor-widget-container\">\n\t\t\t\t\t<h1 class=\"elementor-heading-title elementor-size-default\">Mit\u00e4 obstruktiivinen uniapnea tarkoittaa?<\/h1>\t\t\t\t<\/div>\n\t\t\t\t<\/div>\n\t\t\t\t<div class=\"elementor-element elementor-element-4319eb08 elementor-widget elementor-widget-text-editor\" data-id=\"4319eb08\" data-element_type=\"widget\" data-e-type=\"widget\" data-widget_type=\"text-editor.default\">\n\t\t\t\t<div class=\"elementor-widget-container\">\n\t\t\t\t\t\t\t\t\t<h6><b>Obstruktiivinen uniapnea on hengitysh\u00e4iri\u00f6, joka aiheuttaa lyhyit\u00e4, tahdosta riippumattomia hengityskatkoksia unen aikana. Syyn\u00e4 on yleens\u00e4 nielun takaosan hengitysteiden ahtautuminen. Hengityskatkoksia kutsutaan apneoiksi tai apneatapahtumiksi.<\/b><\/h6>\nKuvaa napsauttamalla saat lyhyen tietopaketin obstruktiivisesta uniapneasta ja siit\u00e4, miten se voi vaikuttaa unenlaatuusi ja hyvinvointiisi.\t\t\t\t\t\t\t\t<\/div>\n\t\t\t\t<\/div>\n\t\t\t\t\t<\/div>\n\t\t<\/div>\n\t\t\t\t\t<\/div>\n\t\t<\/section>\n\t\t\t\t\t<\/div>\n\t\t<\/div>\n\t\t\t\t<div class=\"elementor-column elementor-col-50 elementor-top-column elementor-element elementor-element-6adac9ef\" data-id=\"6adac9ef\" data-element_type=\"column\" data-e-type=\"column\">\n\t\t\t<div class=\"elementor-widget-wrap elementor-element-populated\">\n\t\t\t\t\t\t<div class=\"elementor-element elementor-element-c3c2a7d elementor-widget elementor-widget-video\" data-id=\"c3c2a7d\" data-element_type=\"widget\" data-e-type=\"widget\" data-settings=\"{&quot;lazy_load&quot;:&quot;yes&quot;,&quot;show_image_overlay&quot;:&quot;yes&quot;,&quot;image_overlay&quot;:{&quot;url&quot;:&quot;https:\\\/\\\/staging.somnomed.com\\\/en\\\/wp-content\\\/uploads\\\/sites\\\/2\\\/2021\\\/06\\\/What-is-sleep-apnea-animation.png&quot;,&quot;id&quot;:&quot;1769&quot;,&quot;size&quot;:&quot;&quot;},&quot;video_type&quot;:&quot;vimeo&quot;}\" data-widget_type=\"video.default\">\n\t\t\t\t<div class=\"elementor-widget-container\">\n\t\t\t\t\t\t\t<div class=\"elementor-wrapper elementor-open-inline\">\n\t\t\t<iframe class=\"elementor-video-iframe\" allowfullscreen allow=\"clipboard-write\" title=\"vimeo-videosoitin\" data-lazy-load=\"https:\/\/player.vimeo.com\/video\/568781933?color&amp;autopause=0&amp;loop=0&amp;muted=0&amp;title=1&amp;portrait=1&amp;byline=1#t=\"><\/iframe>\t\t\t\t<div class=\"elementor-custom-embed-image-overlay\" style=\"background-image: url(https:\/\/somnomed.com\/fi\/wp-content\/uploads\/sites\/18\/2021\/06\/What-is-sleep-apnea-animation.png);\">\n\t\t\t\t\t\t\t\t\t\t\t\t\t\t\t\t<div class=\"elementor-custom-embed-play\" role=\"button\" aria-label=\"Katso video\" tabindex=\"0\">\n\t\t\t\t\t\t\t<i aria-hidden=\"true\" class=\"eicon-play\"><\/i>\t\t\t\t\t\t<\/div>\n\t\t\t\t\t\t\t\t\t<\/div>\n\t\t\t\t\t<\/div>\n\t\t\t\t\t\t<\/div>\n\t\t\t\t<\/div>\n\t\t\t\t\t<\/div>\n\t\t<\/div>\n\t\t\t\t\t<\/div>\n\t\t<\/section>\n\t\t\t\t<section data-particle_enable=\"false\" data-particle-mobile-disabled=\"false\" class=\"elementor-section elementor-top-section elementor-element elementor-element-2c23ce28 elementor-section-content-middle elementor-section-boxed elementor-section-height-default elementor-section-height-default\" data-id=\"2c23ce28\" data-element_type=\"section\" data-e-type=\"section\" data-settings=\"{&quot;background_background&quot;:&quot;classic&quot;}\">\n\t\t\t\t\t\t<div class=\"elementor-container elementor-column-gap-default\">\n\t\t\t\t\t<div class=\"elementor-column elementor-col-50 elementor-top-column elementor-element elementor-element-4fef3c95\" data-id=\"4fef3c95\" data-element_type=\"column\" data-e-type=\"column\">\n\t\t\t<div class=\"elementor-widget-wrap elementor-element-populated\">\n\t\t\t\t\t\t<div class=\"elementor-element elementor-element-67c18738 elementor-widget elementor-widget-image\" data-id=\"67c18738\" data-element_type=\"widget\" data-e-type=\"widget\" data-widget_type=\"image.default\">\n\t\t\t\t<div class=\"elementor-widget-container\">\n\t\t\t\t\t\t\t\t\t\t\t\t\t\t\t<img decoding=\"async\" src=\"https:\/\/somnomed.com\/fi\/wp-content\/uploads\/sites\/18\/elementor\/thumbs\/Union-5-1-pfsi5ud545xf8l26m50ylhzos6fy0wh4nprls5chfk.jpg\" title=\"Union 5\" alt=\"Union 5\" loading=\"lazy\" \/>\t\t\t\t\t\t\t\t\t\t\t\t\t\t\t<\/div>\n\t\t\t\t<\/div>\n\t\t\t\t\t<\/div>\n\t\t<\/div>\n\t\t\t\t<div class=\"elementor-column elementor-col-50 elementor-top-column elementor-element elementor-element-2c57e45c\" data-id=\"2c57e45c\" data-element_type=\"column\" data-e-type=\"column\">\n\t\t\t<div class=\"elementor-widget-wrap elementor-element-populated\">\n\t\t\t\t\t\t<section data-particle_enable=\"false\" data-particle-mobile-disabled=\"false\" class=\"elementor-section elementor-inner-section elementor-element elementor-element-3cd9590e elementor-section-full_width elementor-section-height-default elementor-section-height-default\" data-id=\"3cd9590e\" data-element_type=\"section\" data-e-type=\"section\">\n\t\t\t\t\t\t<div class=\"elementor-container elementor-column-gap-no\">\n\t\t\t\t\t<div class=\"elementor-column elementor-col-100 elementor-inner-column elementor-element elementor-element-1fcb3330\" data-id=\"1fcb3330\" data-element_type=\"column\" data-e-type=\"column\">\n\t\t\t<div class=\"elementor-widget-wrap elementor-element-populated\">\n\t\t\t\t\t\t<div class=\"elementor-element elementor-element-4e01c64f elementor-widget elementor-widget-heading\" data-id=\"4e01c64f\" data-element_type=\"widget\" data-e-type=\"widget\" data-widget_type=\"heading.default\">\n\t\t\t\t<div class=\"elementor-widget-container\">\n\t\t\t\t\t<h2 class=\"elementor-heading-title elementor-size-default\">Uniapnean oireet<\/h2>\t\t\t\t<\/div>\n\t\t\t\t<\/div>\n\t\t\t\t<div class=\"elementor-element elementor-element-3301b0f1 elementor-widget elementor-widget-text-editor\" data-id=\"3301b0f1\" data-element_type=\"widget\" data-e-type=\"widget\" data-widget_type=\"text-editor.default\">\n\t\t\t\t<div class=\"elementor-widget-container\">\n\t\t\t\t\t\t\t\t\t<p>Kuorsaus on yleisin uneen liittyv\u00e4 oire, jonka takia ihmiset hakeutuvat l\u00e4\u00e4k\u00e4rin hoitoon. Usein hoitoon hakeudutaankin kumppanin kehotuksesta.<\/p><p>Toinen obstruktiivisen uniapnean varhainen merkki on se, ett\u00e4 nukahtaa helposti p\u00e4iv\u00e4ll\u00e4 \u2013 esimerkiksi televisiota katsellessa tai julkisissa liikennev\u00e4lineiss\u00e4.<\/p><p><strong><span style=\"color: #00549d;\">Uniapnean muita oireita ovat mm.<\/span><\/strong><\/p>\t\t\t\t\t\t\t\t<\/div>\n\t\t\t\t<\/div>\n\t\t\t\t<div class=\"elementor-element elementor-element-3c104ee elementor-widget elementor-widget-text-editor\" data-id=\"3c104ee\" data-element_type=\"widget\" data-e-type=\"widget\" data-widget_type=\"text-editor.default\">\n\t\t\t\t<div class=\"elementor-widget-container\">\n\t\t\t\t\t\t\t\t\t<p><span style=\"color: #00549d;\">\u2022Keskittymisvaikeudet<\/span><br \/><span style=\"color: #00549d;\">\u2022Aamup\u00e4\u00e4ns\u00e4rky<\/span><br \/><span style=\"color: #00549d;\">\u2022Mielialan lasku<\/span><br \/><span style=\"color: #00549d;\">\u2022Painon nousu<\/span><br \/><span style=\"color: #00549d;\">\u2022Korkea verenpaine<\/span><br \/><span style=\"color: #00549d;\">\u2022Energisyyden puute<\/span><br \/><span style=\"color: #00549d;\">\u2022Unohteleminen<\/span><br \/><span style=\"color: #00549d;\">\u2022Seksuaalinen haluttomuus<\/span><br \/><span style=\"color: #00549d;\">\u2022Erektioh\u00e4iri\u00f6t<\/span><br \/><span style=\"color: #00549d;\">\u2022Y\u00f6hikoilu<\/span><br \/><span style=\"color: #00549d;\">\u2022Toistuva y\u00f6llinen virtsaamistarve<\/span><\/p>\t\t\t\t\t\t\t\t<\/div>\n\t\t\t\t<\/div>\n\t\t\t\t\t<\/div>\n\t\t<\/div>\n\t\t\t\t\t<\/div>\n\t\t<\/section>\n\t\t\t\t\t<\/div>\n\t\t<\/div>\n\t\t\t\t\t<\/div>\n\t\t<\/section>\n\t\t\t\t<section data-particle_enable=\"false\" data-particle-mobile-disabled=\"false\" class=\"elementor-section elementor-top-section elementor-element elementor-element-724d62d8 elementor-section-content-middle elementor-reverse-mobile elementor-section-boxed elementor-section-height-default elementor-section-height-default\" data-id=\"724d62d8\" data-element_type=\"section\" data-e-type=\"section\" data-settings=\"{&quot;background_background&quot;:&quot;classic&quot;}\">\n\t\t\t\t\t\t<div class=\"elementor-container elementor-column-gap-default\">\n\t\t\t\t\t<div class=\"elementor-column elementor-col-50 elementor-top-column elementor-element elementor-element-1d418162\" data-id=\"1d418162\" data-element_type=\"column\" data-e-type=\"column\">\n\t\t\t<div class=\"elementor-widget-wrap elementor-element-populated\">\n\t\t\t\t\t\t<section data-particle_enable=\"false\" data-particle-mobile-disabled=\"false\" class=\"elementor-section elementor-inner-section elementor-element elementor-element-1fcc20f1 elementor-section-full_width elementor-section-height-default elementor-section-height-default\" data-id=\"1fcc20f1\" data-element_type=\"section\" data-e-type=\"section\">\n\t\t\t\t\t\t<div class=\"elementor-container elementor-column-gap-no\">\n\t\t\t\t\t<div class=\"elementor-column elementor-col-100 elementor-inner-column elementor-element elementor-element-75a7a8c2\" data-id=\"75a7a8c2\" data-element_type=\"column\" data-e-type=\"column\">\n\t\t\t<div class=\"elementor-widget-wrap elementor-element-populated\">\n\t\t\t\t\t\t<div class=\"elementor-element elementor-element-2eaf329e elementor-widget elementor-widget-text-editor\" data-id=\"2eaf329e\" data-element_type=\"widget\" data-e-type=\"widget\" data-widget_type=\"text-editor.default\">\n\t\t\t\t<div class=\"elementor-widget-container\">\n\t\t\t\t\t\t\t\t\t<p>Obstruktiivinen uniapnea on vakava ja suhteellisen yleinen vaiva. Yli miljardi ihmist\u00e4 maailmassa saattaa k\u00e4rsi\u00e4 obstruktiivisesta uniapneasta, ja jopa 80 % siit\u00e4 k\u00e4rsivist\u00e4 potilaista voi j\u00e4\u00e4d\u00e4 ilman hoitoa. Hoitamaton uniapnea on yhdistetty mm.<\/p><p><span style=\"color: #00549d;\">\u2022Korkeaan verenpaineeseen<br \/>\u2022Syd\u00e4men rytmih\u00e4iri\u00f6ihin<br \/>\u2022Diabetekseen<br \/>\u2022Syd\u00e4nkohtauksiin<br \/>\u2022Liikenneonnettomuuksiin<br \/>\u2022Ty\u00f6tapaturmiin<br \/>\u2022Aivoverenkierron h\u00e4iri\u00f6ihin<br \/><\/span><\/p><p>Hyv\u00e4 uutinen on, ett\u00e4 oikea diagnoosi ja obstruktiivisen apnean onnistunut hoito voivat helpottaa oireita ja v\u00e4hent\u00e4\u00e4 pitk\u00e4n aikav\u00e4lin terveyshaittoja.<\/p><p>Lis\u00e4tietoa uniapneasta saat esimerkiksi <span style=\"text-decoration: underline;\"><a href=\"https:\/\/www.kaypahoito.fi\/hoi50088\" target=\"_blank\" rel=\"noopener\">t\u00e4\u00e4lt\u00e4<\/a><\/span>.<\/p>\t\t\t\t\t\t\t\t<\/div>\n\t\t\t\t<\/div>\n\t\t\t\t\t<\/div>\n\t\t<\/div>\n\t\t\t\t\t<\/div>\n\t\t<\/section>\n\t\t\t\t\t<\/div>\n\t\t<\/div>\n\t\t\t\t<div class=\"elementor-column elementor-col-50 elementor-top-column elementor-element elementor-element-888537d\" data-id=\"888537d\" data-element_type=\"column\" data-e-type=\"column\">\n\t\t\t<div class=\"elementor-widget-wrap elementor-element-populated\">\n\t\t\t\t\t\t<div class=\"elementor-element elementor-element-7ae356a7 elementor-widget elementor-widget-image\" data-id=\"7ae356a7\" data-element_type=\"widget\" data-e-type=\"widget\" data-widget_type=\"image.default\">\n\t\t\t\t<div class=\"elementor-widget-container\">\n\t\t\t\t\t\t\t\t\t\t\t\t\t\t\t<img decoding=\"async\" src=\"https:\/\/somnomed.com\/fi\/wp-content\/uploads\/sites\/18\/elementor\/thumbs\/Measuring-Blood-Pressure-e1625019307362-pfsi5ud545xf8l26m50ylhzos6fy0wh4nprls5chfk.jpg\" title=\"Measuring Blood Pressure\" alt=\"Measuring Blood Pressure\" loading=\"lazy\" \/>\t\t\t\t\t\t\t\t\t\t\t\t\t\t\t<\/div>\n\t\t\t\t<\/div>\n\t\t\t\t\t<\/div>\n\t\t<\/div>\n\t\t\t\t\t<\/div>\n\t\t<\/section>\n\t\t\t\t<section data-particle_enable=\"false\" data-particle-mobile-disabled=\"false\" class=\"elementor-section elementor-top-section elementor-element elementor-element-fbca781 elementor-section-boxed elementor-section-height-default elementor-section-height-default\" data-id=\"fbca781\" data-element_type=\"section\" data-e-type=\"section\" data-settings=\"{&quot;background_background&quot;:&quot;classic&quot;}\">\n\t\t\t\t\t\t<div class=\"elementor-container elementor-column-gap-default\">\n\t\t\t\t\t<div class=\"elementor-column elementor-col-100 elementor-top-column elementor-element elementor-element-1d4fe28\" data-id=\"1d4fe28\" data-element_type=\"column\" data-e-type=\"column\">\n\t\t\t<div class=\"elementor-widget-wrap\">\n\t\t\t\t\t\t\t<\/div>\n\t\t<\/div>\n\t\t\t\t\t<\/div>\n\t\t<\/section>\n\t\t\t\t<section data-particle_enable=\"false\" data-particle-mobile-disabled=\"false\" class=\"elementor-section elementor-top-section elementor-element elementor-element-c6e3199 elementor-section-boxed elementor-section-height-default elementor-section-height-default\" data-id=\"c6e3199\" data-element_type=\"section\" data-e-type=\"section\" data-settings=\"{&quot;background_background&quot;:&quot;classic&quot;}\">\n\t\t\t\t\t\t<div class=\"elementor-container elementor-column-gap-default\">\n\t\t\t\t\t<div class=\"elementor-column elementor-col-100 elementor-top-column elementor-element elementor-element-4205822\" data-id=\"4205822\" data-element_type=\"column\" data-e-type=\"column\">\n\t\t\t<div class=\"elementor-widget-wrap elementor-element-populated\">\n\t\t\t\t\t\t<div class=\"elementor-element elementor-element-e14f3ac elementor-widget elementor-widget-heading\" data-id=\"e14f3ac\" data-element_type=\"widget\" data-e-type=\"widget\" data-widget_type=\"heading.default\">\n\t\t\t\t<div class=\"elementor-widget-container\">\n\t\t\t\t\t<h2 class=\"elementor-heading-title elementor-size-default\">Uniapnean diagnosoiminen<\/h2>\t\t\t\t<\/div>\n\t\t\t\t<\/div>\n\t\t\t\t<div class=\"elementor-element elementor-element-e5a0b00 elementor-widget elementor-widget-Custom_El_Slider_Vertical\" data-id=\"e5a0b00\" data-element_type=\"widget\" data-e-type=\"widget\" data-widget_type=\"Custom_El_Slider_Vertical.default\">\n\t\t\t\t<div class=\"elementor-widget-container\">\n\t\t\t\t\t      <div id=\"el-slider-vertical-69e9064a898fc\" class=\"el-slider-vertical\">\r\n        <div class=\"row align-items-center \">\r\n          <div class=\"col-xl-6 pe-xl-5\">\r\n            <div class=\"el-slider-vertical__images\">\r\n                                                <div class=\"el-slider-vertical__image bg-center\" style=\"background-image:url('https:\/\/somnomed.com\/fi\/wp-content\/uploads\/sites\/18\/2022\/01\/Normaali-hengitystie.png')\"><\/div>\r\n                                                                <div class=\"el-slider-vertical__image bg-center\" style=\"background-image:url('https:\/\/somnomed.com\/fi\/wp-content\/uploads\/sites\/18\/2022\/01\/Normaali-hengitystie-2.png')\"><\/div>\r\n                                                                <div class=\"el-slider-vertical__image bg-center\" style=\"background-image:url('https:\/\/somnomed.com\/fi\/wp-content\/uploads\/sites\/18\/2022\/01\/Image-on-website.png')\"><\/div>\r\n                                          <\/div>\r\n          <\/div>\r\n\r\n          <div class=\"col-xl-6\">\r\n            <div class=\"row g-0 align-items-center \">\r\n              <div class=\"col-xl-4 text-center\">\r\n                                  <div class=\"el-slider-vertical__nav d-flex flex-wrap flex-xl-column py-4 align-items-center justify-content-center\">\r\n                    <a href=\"#\" class=\"el-slider-vertical__nav--prev px-3\">\r\n                      <img decoding=\"async\" src=\"https:\/\/somnomed.com\/fi\/wp-content\/themes\/somnomed-2021\/assets\/images\/chev-up.svg\" alt=\"Arrow\" class=\"img-fluid\" width=\"30\">\r\n                    <\/a>\r\n\r\n                    <span class=\"el-slider-vertical__nav--current\">01<\/span>\r\n\r\n                    <a href=\"#\" class=\"el-slider-vertical__nav--next px-3\">\r\n                      <img decoding=\"async\" src=\"https:\/\/somnomed.com\/fi\/wp-content\/themes\/somnomed-2021\/assets\/images\/chev-down.svg\" alt=\"Arrow\" class=\"img-fluid\" width=\"30\">\r\n                    <\/a>\r\n                  <\/div>\r\n                              <\/div>\r\n\r\n              <div class=\"col-xl-8\">\r\n                                  <h2 class=\"mb-4\">Uniapnean syyt<\/h2>\r\n                \r\n                <div class=\"el-slider-vertical__content\">\r\n                                      <div class=\"el-slider-vertical__content-inner\">\r\n                      <p>Uniapneaa on kahta p\u00e4\u00e4tyyppi\u00e4: obstruktiivinen uniapnea ja sentraalinen uniapnea. 85 %:lla uniapneapotilaista on obstruktiivinen apnea. L\u00e4\u00e4k\u00e4ri m\u00e4\u00e4ritt\u00e4\u00e4 apnean tyypin unirekister\u00f6innin perusteella.<\/p>\n<p>Obstruktiivinen uniapnea johtuu nielun takaosan lihasten rentoutumisesta, joka h\u00e4iritsee hengitt\u00e4mist\u00e4 nukkuessa.<\/p>\n<p>Kun nukahdat, nielun takaosan lihakset rentoutuvat. T\u00e4ll\u00f6in hengitystie voi hengitt\u00e4ess\u00e4 ahtautua tai jopa tukkiutua. Jos hengitystie on osin tukossa, alat kuorsata. Hengitystien tukkeutuessa t\u00e4ysin et saa keuhkoihisi ilmaa lainkaan, ja seurauksena on uniapnea.<\/p>\n\r\n                                          <\/div>\r\n                                      <div class=\"el-slider-vertical__content-inner\">\r\n                      <h5>Kapea hengitystie<\/h5>\n<p>Hengitystiesi saattaa ahtautua tai tukkeutua monta kertaa y\u00f6ss\u00e4 ilman, ett\u00e4 itse huomaat sit\u00e4. Voit luulla nukkuneesi koko y\u00f6n sike\u00e4sti. Mutta hengitystien toistuva ahtautuminen tai tukkeutuminen heikent\u00e4\u00e4 aivojen hapensaantia, mik\u00e4 tekee olosi seuraavana p\u00e4iv\u00e4n\u00e4 uniseksi ja voimattomaksi.<\/p>\n<p>Aivosi puolestaan reagoivat kehon v\u00e4h\u00e4iseen hapensaantiin her\u00e4tt\u00e4m\u00e4ll\u00e4 sinut hetkeksi, jotta saisit henke\u00e4. Kumppanisi korvaan saattaa kuulostaa, kuin haukkoisit henke\u00e4 tai olisit tukehtua, kun n\u00e4in tapahtuu. Toistuvat her\u00e4\u00e4miset pitkin y\u00f6t\u00e4 est\u00e4v\u00e4t syv\u00e4\u00e4n uneen vaipumisen, etk\u00e4 koskaan her\u00e4\u00e4 virke\u00e4n\u00e4 ja energisen\u00e4.<\/p>\n\r\n                                          <\/div>\r\n                                      <div class=\"el-slider-vertical__content-inner\">\r\n                      <h5>Tukkeutunut hengitystie<\/h5>\n<p>Kun hengitystiesi on kokonaan tukkeutunut, aivosi reagoivat veren alhaiseen happitasoon her\u00e4tt\u00e4m\u00e4ll\u00e4 sinut hetkeksi unesta, jotta voit hengitt\u00e4\u00e4.<\/p>\n<p>Kumppanisi saattaa huomata, ett\u00e4 sinusta kuuluu haukkovaa tai tukehtuvaa \u00e4\u00e4nt\u00e4, kun n\u00e4in tapahtuu.<\/p>\n<p>Jatkuva her\u00e4\u00e4minen y\u00f6ll\u00e4 tarkoittaa, ettet nuku syv\u00e4\u00e4 unta, joten et her\u00e4\u00e4 virke\u00e4n\u00e4 ja energisen\u00e4.<\/p>\n\r\n                                          <\/div>\r\n                                  <\/div>\r\n              <\/div>\r\n            <\/div>\r\n          <\/div>\r\n        <\/div>\r\n      <\/div>\r\n\r\n      <script>\r\n        jQuery(document).ready(function($) {\r\n          $('#el-slider-vertical-69e9064a898fc .el-slider-vertical__images').slick({\r\n            slidesToShow: 1,\r\n            slidesToScroll: 1,\r\n            arrows: false,\r\n            dots: false,\r\n            fade: true,\r\n            asNavFor: '#el-slider-vertical-69e9064a898fc .el-slider-vertical__content',\r\n            responsive: [\r\n              {\r\n                breakpoint: 1200,\r\n                settings: {\r\n                  fade: false,\r\n                }\r\n              }\r\n            ]\r\n          });\r\n\r\n          $('#el-slider-vertical-69e9064a898fc .el-slider-vertical__content').slick({\r\n            slidesToShow: 1,\r\n            slidesToScroll: 1,\r\n            asNavFor: '#el-slider-vertical-69e9064a898fc .el-slider-vertical__images',\r\n            prevArrow: '#el-slider-vertical-69e9064a898fc .el-slider-vertical__nav--prev',\r\n            nextArrow: '#el-slider-vertical-69e9064a898fc .el-slider-vertical__nav--next',\r\n            arrows: true,\r\n            fade: true,\r\n            dots: false,\r\n            responsive: [\r\n              {\r\n                breakpoint: 1200,\r\n                settings: {\r\n                  adaptiveHeight: true,\r\n                  fade: false,\r\n                }\r\n              }\r\n            ]\r\n          });\r\n\r\n          $('#el-slider-vertical-69e9064a898fc .el-slider-vertical__content').on('beforeChange', function(event, slick, currentSlide, nextSlide) {\r\n            $('#el-slider-vertical-69e9064a898fc .el-slider-vertical__nav--current').text('0' + (nextSlide + 1));\r\n          });\r\n        });\r\n      <\/script>\r\n        \t\t\t\t<\/div>\n\t\t\t\t<\/div>\n\t\t\t\t\t<\/div>\n\t\t<\/div>\n\t\t\t\t\t<\/div>\n\t\t<\/section>\n\t\t\t\t<\/div>\n\t\t","protected":false},"excerpt":{"rendered":"<p>Mit\u00e4 obstruktiivinen uniapnea tarkoittaa? Obstruktiivinen uniapnea on hengitysh\u00e4iri\u00f6, joka aiheuttaa lyhyit\u00e4, tahdosta riippumattomia hengityskatkoksia unen aikana. Syyn\u00e4 on yleens\u00e4 nielun takaosan hengitysteiden ahtautuminen. Hengityskatkoksia kutsutaan apneoiksi tai apneatapahtumiksi. Kuvaa napsauttamalla saat lyhyen tietopaketin obstruktiivisesta uniapneasta ja siit\u00e4, miten se voi vaikuttaa unenlaatuusi ja hyvinvointiisi.https:\/\/vimeo.com\/568781933 Uniapnean oireet Kuorsaus on yleisin uneen liittyv\u00e4 oire, jonka takia ihmiset &#8230;<\/p>\n","protected":false},"author":92,"featured_media":0,"parent":576,"menu_order":0,"comment_status":"closed","ping_status":"closed","template":"elementor_header_footer","meta":{"_acf_changed":false,"footnotes":""},"class_list":["post-322","page","type-page","status-publish","hentry"],"acf":[],"_links":{"self":[{"href":"https:\/\/somnomed.com\/fi\/wp-json\/wp\/v2\/pages\/322","targetHints":{"allow":["GET"]}}],"collection":[{"href":"https:\/\/somnomed.com\/fi\/wp-json\/wp\/v2\/pages"}],"about":[{"href":"https:\/\/somnomed.com\/fi\/wp-json\/wp\/v2\/types\/page"}],"author":[{"embeddable":true,"href":"https:\/\/somnomed.com\/fi\/wp-json\/wp\/v2\/users\/92"}],"replies":[{"embeddable":true,"href":"https:\/\/somnomed.com\/fi\/wp-json\/wp\/v2\/comments?post=322"}],"version-history":[{"count":0,"href":"https:\/\/somnomed.com\/fi\/wp-json\/wp\/v2\/pages\/322\/revisions"}],"up":[{"embeddable":true,"href":"https:\/\/somnomed.com\/fi\/wp-json\/wp\/v2\/pages\/576"}],"wp:attachment":[{"href":"https:\/\/somnomed.com\/fi\/wp-json\/wp\/v2\/media?parent=322"}],"curies":[{"name":"wp","href":"https:\/\/api.w.org\/{rel}","templated":true}]}}