{"id":1338,"date":"2021-06-15T23:13:08","date_gmt":"2021-06-16T03:13:08","guid":{"rendered":"http:\/\/somnomed.gsqtest1.com\/en\/?page_id=1338"},"modified":"2023-01-25T09:21:38","modified_gmt":"2023-01-25T08:21:38","slug":"sommorning-repositioner","status":"publish","type":"page","link":"https:\/\/somnomed.com\/fr\/dentists\/products\/sommorning-repositioner\/","title":{"rendered":"SomMorning Repositioner"},"content":{"rendered":"\t\t<div data-elementor-type=\"wp-page\" data-elementor-id=\"1338\" class=\"elementor elementor-1338\" data-elementor-post-type=\"page\">\n\t\t\t\t\t\t<section data-particle_enable=\"false\" data-particle-mobile-disabled=\"false\" class=\"elementor-section elementor-top-section elementor-element elementor-element-788f1747 elementor-section-content-middle elementor-section-full_width elementor-section-height-default elementor-section-height-default\" data-id=\"788f1747\" data-element_type=\"section\" data-e-type=\"section\">\n\t\t\t\t\t\t\t<div class=\"elementor-background-overlay\"><\/div>\n\t\t\t\t\t\t\t<div class=\"elementor-container elementor-column-gap-default\">\n\t\t\t\t\t<div class=\"elementor-column elementor-col-50 elementor-top-column elementor-element elementor-element-31901649\" data-id=\"31901649\" data-element_type=\"column\" data-e-type=\"column\">\n\t\t\t<div class=\"elementor-widget-wrap elementor-element-populated\">\n\t\t\t\t\t\t<div class=\"elementor-element elementor-element-7645becb elementor-widget elementor-widget-image\" data-id=\"7645becb\" data-element_type=\"widget\" data-e-type=\"widget\" data-widget_type=\"image.default\">\n\t\t\t\t<div class=\"elementor-widget-container\">\n\t\t\t\t\t\t\t\t\t\t\t\t\t\t\t<img decoding=\"async\" src=\"https:\/\/somnomed.com\/fr\/wp-content\/uploads\/sites\/7\/elementor\/thumbs\/KCP1268-1-pfm2eyewt5g3uf7q93ue56rqzemawz4n0zwfjrg8ls.jpg\" title=\"Patient wearing Morning Repositioner\" alt=\"Patient wearing Morning Repositioner\" loading=\"lazy\" \/>\t\t\t\t\t\t\t\t\t\t\t\t\t\t\t<\/div>\n\t\t\t\t<\/div>\n\t\t\t\t\t<\/div>\n\t\t<\/div>\n\t\t\t\t<div class=\"elementor-column elementor-col-50 elementor-top-column elementor-element elementor-element-5c7424d2 padding-col--right\" data-id=\"5c7424d2\" data-element_type=\"column\" data-e-type=\"column\">\n\t\t\t<div class=\"elementor-widget-wrap elementor-element-populated\">\n\t\t\t\t\t\t<section data-particle_enable=\"false\" data-particle-mobile-disabled=\"false\" class=\"elementor-section elementor-inner-section elementor-element elementor-element-79e633aa elementor-section-full_width elementor-section-height-default elementor-section-height-default\" data-id=\"79e633aa\" data-element_type=\"section\" data-e-type=\"section\">\n\t\t\t\t\t\t<div class=\"elementor-container elementor-column-gap-no\">\n\t\t\t\t\t<div class=\"elementor-column elementor-col-100 elementor-inner-column elementor-element elementor-element-34b87295\" data-id=\"34b87295\" data-element_type=\"column\" data-e-type=\"column\">\n\t\t\t<div class=\"elementor-widget-wrap elementor-element-populated\">\n\t\t\t\t\t\t<div class=\"elementor-element elementor-element-5e8fcacd elementor-widget elementor-widget-heading\" data-id=\"5e8fcacd\" data-element_type=\"widget\" data-e-type=\"widget\" data-widget_type=\"heading.default\">\n\t\t\t\t<div class=\"elementor-widget-container\">\n\t\t\t\t\t<h1 class=\"elementor-heading-title elementor-size-default\">SomMorning Repositioner<\/h1>\t\t\t\t<\/div>\n\t\t\t\t<\/div>\n\t\t\t\t<div class=\"elementor-element elementor-element-70ff0592 elementor-widget elementor-widget-text-editor\" data-id=\"70ff0592\" data-element_type=\"widget\" data-e-type=\"widget\" data-widget_type=\"text-editor.default\">\n\t\t\t\t<div class=\"elementor-widget-container\">\n\t\t\t\t\t\t\t\t\t<strong>est une goutti\u00e8re d\u2019exercice individuelle con\u00e7ue pour aider le patient \u00e0 retrouver rapidement sa position de repos.<\/strong>\t\t\t\t\t\t\t\t<\/div>\n\t\t\t\t<\/div>\n\t\t\t\t<div class=\"elementor-element elementor-element-e2a75d3 elementor-widget elementor-widget-text-editor\" data-id=\"e2a75d3\" data-element_type=\"widget\" data-e-type=\"widget\" data-widget_type=\"text-editor.default\">\n\t\t\t\t<div class=\"elementor-widget-container\">\n\t\t\t\t\t\t\t\t\t<p>La conception unique du SomMorning Repositioner de SomnoMed int\u00e8gre deux blocs sur\u00e9lev\u00e9s de mat\u00e9riau compressible strat\u00e9giquement plac\u00e9s directement au-dessus des pr\u00e9molaires, permettant de diriger toute la force de serrage vers le bas, vers la racine, plut\u00f4t que lat\u00e9ralement ou vers l\u2019avant sur les dents ant\u00e9rieures. Le seul point de contact doit \u00eatre au niveau de ces blocs sur\u00e9lev\u00e9s.<\/p>\t\t\t\t\t\t\t\t<\/div>\n\t\t\t\t<\/div>\n\t\t\t\t<div class=\"elementor-element elementor-element-8357064 elementor-widget elementor-widget-image\" data-id=\"8357064\" data-element_type=\"widget\" data-e-type=\"widget\" data-widget_type=\"image.default\">\n\t\t\t\t<div class=\"elementor-widget-container\">\n\t\t\t\t\t\t\t\t\t\t\t\t\t\t\t<img fetchpriority=\"high\" decoding=\"async\" width=\"1000\" height=\"149\" src=\"https:\/\/somnomed.com\/fr\/wp-content\/uploads\/sites\/7\/2021\/07\/sommorning-repositioner-logo-full-color-rgb-1000px@72ppi.png\" class=\"attachment-large size-large wp-image-3239\" alt=\"SomMorning repositioner logo\" srcset=\"https:\/\/somnomed.com\/fr\/wp-content\/uploads\/sites\/7\/2021\/07\/sommorning-repositioner-logo-full-color-rgb-1000px@72ppi.png 1000w, https:\/\/somnomed.com\/fr\/wp-content\/uploads\/sites\/7\/2021\/07\/sommorning-repositioner-logo-full-color-rgb-1000px@72ppi-300x45.png 300w, https:\/\/somnomed.com\/fr\/wp-content\/uploads\/sites\/7\/2021\/07\/sommorning-repositioner-logo-full-color-rgb-1000px@72ppi-768x114.png 768w\" sizes=\"(max-width: 1000px) 100vw, 1000px\" \/>\t\t\t\t\t\t\t\t\t\t\t\t\t\t\t<\/div>\n\t\t\t\t<\/div>\n\t\t\t\t<div class=\"elementor-element elementor-element-ed103c7 elementor-widget elementor-widget-button\" data-id=\"ed103c7\" data-element_type=\"widget\" data-e-type=\"widget\" data-widget_type=\"button.default\">\n\t\t\t\t<div class=\"elementor-widget-container\">\n\t\t\t\t\t\t\t\t\t<div class=\"elementor-button-wrapper\">\n\t\t\t\t\t<a class=\"elementor-button elementor-button-link elementor-size-sm\" href=\"https:\/\/somnomed.com\/fr\/dentists\/dentists-contact\/%20\" target=\"_blank\">\n\t\t\t\t\t\t<span class=\"elementor-button-content-wrapper\">\n\t\t\t\t\t\t\t\t\t<span class=\"elementor-button-text\">Obtenir plus d'informations<\/span>\n\t\t\t\t\t<\/span>\n\t\t\t\t\t<\/a>\n\t\t\t\t<\/div>\n\t\t\t\t\t\t\t\t<\/div>\n\t\t\t\t<\/div>\n\t\t\t\t\t<\/div>\n\t\t<\/div>\n\t\t\t\t\t<\/div>\n\t\t<\/section>\n\t\t\t\t\t<\/div>\n\t\t<\/div>\n\t\t\t\t\t<\/div>\n\t\t<\/section>\n\t\t\t\t<section data-particle_enable=\"false\" data-particle-mobile-disabled=\"false\" class=\"elementor-section elementor-top-section elementor-element elementor-element-d1ca12f elementor-section-boxed elementor-section-height-default elementor-section-height-default\" data-id=\"d1ca12f\" data-element_type=\"section\" data-e-type=\"section\">\n\t\t\t\t\t\t<div class=\"elementor-container elementor-column-gap-default\">\n\t\t\t\t\t<div class=\"elementor-column elementor-col-50 elementor-top-column elementor-element elementor-element-27a4b0c\" data-id=\"27a4b0c\" data-element_type=\"column\" data-e-type=\"column\">\n\t\t\t<div class=\"elementor-widget-wrap\">\n\t\t\t\t\t\t\t<\/div>\n\t\t<\/div>\n\t\t\t\t<div class=\"elementor-column elementor-col-50 elementor-top-column elementor-element elementor-element-87064ee\" data-id=\"87064ee\" data-element_type=\"column\" data-e-type=\"column\">\n\t\t\t<div class=\"elementor-widget-wrap\">\n\t\t\t\t\t\t\t<\/div>\n\t\t<\/div>\n\t\t\t\t\t<\/div>\n\t\t<\/section>\n\t\t\t\t<section data-particle_enable=\"false\" data-particle-mobile-disabled=\"false\" class=\"elementor-section elementor-top-section elementor-element elementor-element-79a325a elementor-section-content-middle elementor-reverse-mobile elementor-section-boxed elementor-section-height-default elementor-section-height-default\" data-id=\"79a325a\" data-element_type=\"section\" data-e-type=\"section\">\n\t\t\t\t\t\t<div class=\"elementor-container elementor-column-gap-default\">\n\t\t\t\t\t<div class=\"elementor-column elementor-col-50 elementor-top-column elementor-element elementor-element-5d07d7f6\" data-id=\"5d07d7f6\" data-element_type=\"column\" data-e-type=\"column\">\n\t\t\t<div class=\"elementor-widget-wrap elementor-element-populated\">\n\t\t\t\t\t\t<section data-particle_enable=\"false\" data-particle-mobile-disabled=\"false\" class=\"elementor-section elementor-inner-section elementor-element elementor-element-4bc41b0a elementor-section-full_width elementor-section-height-default elementor-section-height-default\" data-id=\"4bc41b0a\" data-element_type=\"section\" data-e-type=\"section\">\n\t\t\t\t\t\t<div class=\"elementor-container elementor-column-gap-no\">\n\t\t\t\t\t<div class=\"elementor-column elementor-col-100 elementor-inner-column elementor-element elementor-element-1ffea4e\" data-id=\"1ffea4e\" data-element_type=\"column\" data-e-type=\"column\">\n\t\t\t<div class=\"elementor-widget-wrap elementor-element-populated\">\n\t\t\t\t\t\t<div class=\"elementor-element elementor-element-248414c9 elementor-widget elementor-widget-heading\" data-id=\"248414c9\" data-element_type=\"widget\" data-e-type=\"widget\" data-widget_type=\"heading.default\">\n\t\t\t\t<div class=\"elementor-widget-container\">\n\t\t\t\t\t<h2 class=\"elementor-heading-title elementor-size-default\">How does SomMorning Repositioner work?<\/h2>\t\t\t\t<\/div>\n\t\t\t\t<\/div>\n\t\t\t\t<div class=\"elementor-element elementor-element-67ddb8e0 elementor-widget elementor-widget-text-editor\" data-id=\"67ddb8e0\" data-element_type=\"widget\" data-e-type=\"widget\" data-widget_type=\"text-editor.default\">\n\t\t\t\t<div class=\"elementor-widget-container\">\n\t\t\t\t\t\t\t\t\t<p>Cette goutti\u00e8re d\u2019exercice individuelle et personnalis\u00e9e est r\u00e9alis\u00e9e uniquement \u00e0 partir des empreintes dentaires transmises pour la fabrication de l\u2019orth\u00e8se d\u2019avanc\u00e9e mandibulaire.<\/p><p>En effectuant des s\u00e9ances de r\u00e9\u00e9ducation de l\u2019ATM tous les matins durant 5 minutes pendant les premi\u00e8res semaines de mise en place de l\u2019OAM, le patient devrait retrouver ses mouvements de mastication sans g\u00eane.<\/p><p><strong>\u00ab Les exercices de la m\u00e2choire pourraient aider \u00e0 soulager la raideur des muscles masticateurs et acc\u00e9l\u00e9rer le repositionnement de la mandibule en position normale, en plus d\u2019inhiber ou de minimiser les changements occlusaux chez les patients pr\u00e9dispos\u00e9s \u00bb<\/strong>\u00a0<\/p>\t\t\t\t\t\t\t\t<\/div>\n\t\t\t\t<\/div>\n\t\t\t\t<div class=\"elementor-element elementor-element-38c5f35 elementor-widget elementor-widget-text-editor\" data-id=\"38c5f35\" data-element_type=\"widget\" data-e-type=\"widget\" data-widget_type=\"text-editor.default\">\n\t\t\t\t<div class=\"elementor-widget-container\">\n\t\t\t\t\t\t\t\t\t&#8211; Ueda et. al 2009; Effect of Jaw Exercises on Occlusal Function in Patients with OSA during Oral Appliance Therapy: A Randomized Controlled Trial.\t\t\t\t\t\t\t\t<\/div>\n\t\t\t\t<\/div>\n\t\t\t\t<div class=\"elementor-element elementor-element-024d712 elementor-widget elementor-widget-button\" data-id=\"024d712\" data-element_type=\"widget\" data-e-type=\"widget\" data-widget_type=\"button.default\">\n\t\t\t\t<div class=\"elementor-widget-container\">\n\t\t\t\t\t\t\t\t\t<div class=\"elementor-button-wrapper\">\n\t\t\t\t\t<a class=\"elementor-button elementor-button-link elementor-size-sm\" href=\"https:\/\/somnomed.com\/fr\/dentists\/dentists-contact\/%20\" target=\"_blank\">\n\t\t\t\t\t\t<span class=\"elementor-button-content-wrapper\">\n\t\t\t\t\t\t\t\t\t<span class=\"elementor-button-text\">En savoir plus<\/span>\n\t\t\t\t\t<\/span>\n\t\t\t\t\t<\/a>\n\t\t\t\t<\/div>\n\t\t\t\t\t\t\t\t<\/div>\n\t\t\t\t<\/div>\n\t\t\t\t\t<\/div>\n\t\t<\/div>\n\t\t\t\t\t<\/div>\n\t\t<\/section>\n\t\t\t\t\t<\/div>\n\t\t<\/div>\n\t\t\t\t<div class=\"elementor-column elementor-col-50 elementor-top-column elementor-element elementor-element-212f93c9\" data-id=\"212f93c9\" data-element_type=\"column\" data-e-type=\"column\">\n\t\t\t<div class=\"elementor-widget-wrap elementor-element-populated\">\n\t\t\t\t\t\t<div class=\"elementor-element elementor-element-35cde928 elementor-widget elementor-widget-image\" data-id=\"35cde928\" data-element_type=\"widget\" data-e-type=\"widget\" data-widget_type=\"image.default\">\n\t\t\t\t<div class=\"elementor-widget-container\">\n\t\t\t\t\t\t\t\t\t\t\t\t\t\t\t<img decoding=\"async\" src=\"https:\/\/somnomed.com\/fr\/wp-content\/uploads\/sites\/7\/elementor\/thumbs\/SomTabs-and-Products-USA-17-pfm2eyet5l56y3kj7vp7msqphjh2afsga97tlzfghs.jpg\" title=\"SomMorning Repositioner on Typodont\" alt=\"SomMorning Repositioner on Typodont\" loading=\"lazy\" \/>\t\t\t\t\t\t\t\t\t\t\t\t\t\t\t<\/div>\n\t\t\t\t<\/div>\n\t\t\t\t\t<\/div>\n\t\t<\/div>\n\t\t\t\t\t<\/div>\n\t\t<\/section>\n\t\t\t\t<section data-particle_enable=\"false\" data-particle-mobile-disabled=\"false\" class=\"elementor-section elementor-top-section elementor-element elementor-element-8ead10d elementor-section-full_width elementor-section-height-default elementor-section-height-default\" data-id=\"8ead10d\" data-element_type=\"section\" data-e-type=\"section\">\n\t\t\t\t\t\t<div class=\"elementor-container elementor-column-gap-default\">\n\t\t\t\t\t<div class=\"elementor-column elementor-col-100 elementor-top-column elementor-element elementor-element-8225e07\" data-id=\"8225e07\" data-element_type=\"column\" data-e-type=\"column\">\n\t\t\t<div class=\"elementor-widget-wrap elementor-element-populated\">\n\t\t\t\t\t\t<div class=\"elementor-element elementor-element-2f95464 elementor-cta--skin-classic elementor-animated-content elementor-bg-transform elementor-bg-transform-zoom-in elementor-widget elementor-widget-call-to-action\" data-id=\"2f95464\" data-element_type=\"widget\" data-e-type=\"widget\" data-widget_type=\"call-to-action.default\">\n\t\t\t\t<div class=\"elementor-widget-container\">\n\t\t\t\t\t\t\t<div class=\"elementor-cta\">\n\t\t\t\t\t\t\t<div class=\"elementor-cta__content\">\n\t\t\t\t\n\t\t\t\t\t\t\t\t\t<h2 class=\"elementor-cta__title elementor-cta__content-item elementor-content-item\">\n\t\t\t\t\t\t<span style=\"color: var( --e-global-color-primary );background-color: var( --e-global-color-065506b )\">Brochure <\/span>SomMorning Repositioner \t\t\t\t\t<\/h2>\n\t\t\t\t\n\t\t\t\t\t\t\t\t\t<div class=\"elementor-cta__description elementor-cta__content-item elementor-content-item\">\n\t\t\t\t\t\tPour la visualiser ou en t\u00e9l\u00e9charger un exemplaire\t\t\t\t\t<\/div>\n\t\t\t\t\n\t\t\t\t\t\t\t\t\t<div class=\"elementor-cta__button-wrapper elementor-cta__content-item elementor-content-item \">\n\t\t\t\t\t<a class=\"elementor-cta__button elementor-button elementor-size-\" href=\"https:\/\/staging.somnomed.com\/au\/wp-content\/uploads\/sites\/4\/2021\/09\/MorningRepositionerInstructionsDL_Dentist.pdf\">\n\t\t\t\t\t\tCliquez ici\t\t\t\t\t<\/a>\n\t\t\t\t\t<\/div>\n\t\t\t\t\t\t\t<\/div>\n\t\t\t\t\t\t<\/div>\n\t\t\t\t\t\t<\/div>\n\t\t\t\t<\/div>\n\t\t\t\t\t<\/div>\n\t\t<\/div>\n\t\t\t\t\t<\/div>\n\t\t<\/section>\n\t\t\t\t<section data-particle_enable=\"false\" data-particle-mobile-disabled=\"false\" class=\"elementor-section elementor-top-section elementor-element elementor-element-c0b44a1 elementor-section-boxed elementor-section-height-default elementor-section-height-default\" data-id=\"c0b44a1\" data-element_type=\"section\" data-e-type=\"section\">\n\t\t\t\t\t\t<div class=\"elementor-container elementor-column-gap-default\">\n\t\t\t\t\t<div class=\"elementor-column elementor-col-100 elementor-top-column elementor-element elementor-element-4d56177\" data-id=\"4d56177\" data-element_type=\"column\" data-e-type=\"column\">\n\t\t\t<div class=\"elementor-widget-wrap elementor-element-populated\">\n\t\t\t\t\t\t<div class=\"elementor-element elementor-element-c93bb48 elementor-widget elementor-widget-spacer\" data-id=\"c93bb48\" data-element_type=\"widget\" data-e-type=\"widget\" data-widget_type=\"spacer.default\">\n\t\t\t\t<div class=\"elementor-widget-container\">\n\t\t\t\t\t\t\t<div class=\"elementor-spacer\">\n\t\t\t<div class=\"elementor-spacer-inner\"><\/div>\n\t\t<\/div>\n\t\t\t\t\t\t<\/div>\n\t\t\t\t<\/div>\n\t\t\t\t\t<\/div>\n\t\t<\/div>\n\t\t\t\t\t<\/div>\n\t\t<\/section>\n\t\t\t\t<\/div>\n\t\t","protected":false},"excerpt":{"rendered":"<p>SomMorning Repositioner est une goutti\u00e8re d\u2019exercice individuelle con\u00e7ue pour aider le patient \u00e0 retrouver rapidement sa position de repos. La conception unique du SomMorning Repositioner de SomnoMed int\u00e8gre deux blocs sur\u00e9lev\u00e9s de mat\u00e9riau compressible strat\u00e9giquement plac\u00e9s directement au-dessus des pr\u00e9molaires, permettant de diriger toute la force de serrage vers le bas, vers la racine, plut\u00f4t &#8230;<\/p>\n","protected":false},"author":104,"featured_media":0,"parent":3517,"menu_order":0,"comment_status":"closed","ping_status":"closed","template":"","meta":{"_acf_changed":false,"footnotes":""},"class_list":["post-1338","page","type-page","status-publish","hentry"],"acf":[],"_links":{"self":[{"href":"https:\/\/somnomed.com\/fr\/wp-json\/wp\/v2\/pages\/1338","targetHints":{"allow":["GET"]}}],"collection":[{"href":"https:\/\/somnomed.com\/fr\/wp-json\/wp\/v2\/pages"}],"about":[{"href":"https:\/\/somnomed.com\/fr\/wp-json\/wp\/v2\/types\/page"}],"author":[{"embeddable":true,"href":"https:\/\/somnomed.com\/fr\/wp-json\/wp\/v2\/users\/104"}],"replies":[{"embeddable":true,"href":"https:\/\/somnomed.com\/fr\/wp-json\/wp\/v2\/comments?post=1338"}],"version-history":[{"count":0,"href":"https:\/\/somnomed.com\/fr\/wp-json\/wp\/v2\/pages\/1338\/revisions"}],"up":[{"embeddable":true,"href":"https:\/\/somnomed.com\/fr\/wp-json\/wp\/v2\/pages\/3517"}],"wp:attachment":[{"href":"https:\/\/somnomed.com\/fr\/wp-json\/wp\/v2\/media?parent=1338"}],"curies":[{"name":"wp","href":"https:\/\/api.w.org\/{rel}","templated":true}]}}