{"id":428,"date":"2021-06-09T03:27:25","date_gmt":"2021-06-09T07:27:25","guid":{"rendered":"https:\/\/local.somnomed.com\/en\/?page_id=428"},"modified":"2025-02-28T10:38:58","modified_gmt":"2025-02-28T10:38:58","slug":"grinding-teeth","status":"publish","type":"page","link":"https:\/\/somnomed.com\/hr\/patients\/sleep\/grinding-teeth\/","title":{"rendered":"Grinding teeth"},"content":{"rendered":"\t\t<div data-elementor-type=\"wp-page\" data-elementor-id=\"428\" class=\"elementor elementor-428\" data-elementor-post-type=\"page\">\n\t\t\t\t\t\t<section data-particle_enable=\"false\" data-particle-mobile-disabled=\"false\" class=\"elementor-section elementor-top-section elementor-element elementor-element-4cc98bc0 elementor-section-content-top elementor-section-full_width elementor-reverse-mobile elementor-section-height-default elementor-section-height-default\" data-id=\"4cc98bc0\" data-element_type=\"section\" data-e-type=\"section\">\n\t\t\t\t\t\t<div class=\"elementor-container elementor-column-gap-default\">\n\t\t\t\t\t<div class=\"elementor-column elementor-col-50 elementor-top-column elementor-element elementor-element-a252b3c padding-col--left\" data-id=\"a252b3c\" data-element_type=\"column\" data-e-type=\"column\">\n\t\t\t<div class=\"elementor-widget-wrap elementor-element-populated\">\n\t\t\t\t\t\t<section data-particle_enable=\"false\" data-particle-mobile-disabled=\"false\" class=\"elementor-section elementor-inner-section elementor-element elementor-element-60389a66 elementor-section-full_width elementor-section-height-default elementor-section-height-default\" data-id=\"60389a66\" data-element_type=\"section\" data-e-type=\"section\">\n\t\t\t\t\t\t<div class=\"elementor-container elementor-column-gap-no\">\n\t\t\t\t\t<div class=\"elementor-column elementor-col-100 elementor-inner-column elementor-element elementor-element-2407d114\" data-id=\"2407d114\" data-element_type=\"column\" data-e-type=\"column\">\n\t\t\t<div class=\"elementor-widget-wrap elementor-element-populated\">\n\t\t\t\t\t\t<div class=\"elementor-element elementor-element-6f5cc42d elementor-widget elementor-widget-heading\" data-id=\"6f5cc42d\" data-element_type=\"widget\" data-e-type=\"widget\" data-widget_type=\"heading.default\">\n\t\t\t\t<div class=\"elementor-widget-container\">\n\t\t\t\t\t<h2 class=\"elementor-heading-title elementor-size-default\"><h1 data-elementor-setting-key=\"title\" data-pen-placeholder=\"Type Here...\">\u0160kripanje zubima<\/h1><\/h2>\t\t\t\t<\/div>\n\t\t\t\t<\/div>\n\t\t\t\t<div class=\"elementor-element elementor-element-45e291f9 elementor-widget elementor-widget-text-editor\" data-id=\"45e291f9\" data-element_type=\"widget\" data-e-type=\"widget\" data-widget_type=\"text-editor.default\">\n\t\t\t\t<div class=\"elementor-widget-container\">\n\t\t\t\t\t\t\t\t\t<div>\u0160kripanje zubima, medicinski poznat kao &#8220;Bruksizam&#8221;, odnosi se na nesvjesno stiskanje ili \u0161kripanje zubima. Vi\u0161e od 10 milijuna odraslih u Ujedinjenom Kraljevstvu \u0161kripi zubima ili sti\u0161\u0107e \u010deljust, bilo dok su budni ili tijekom spavanja, pritom ne shva\u0107aju\u0107i da to rade.<\/div><div>\u00a0<\/div><div>Ako se ovo stanje ne rije\u0161i, mo\u017ee dovesti do oslabljenih ili puknutih zuba, povla\u010denja desni, bolova u \u010deljusti, glavobolja i poreme\u0107enog sna. Povremeni bruksizam mo\u017eda nije \u0161tetan, ali kada se doga\u0111a \u010desto, preporuka je savjetovanje s medicinskim ili dentalnim stru\u010dnjakom.<\/div>\t\t\t\t\t\t\t\t<\/div>\n\t\t\t\t<\/div>\n\t\t\t\t\t<\/div>\n\t\t<\/div>\n\t\t\t\t\t<\/div>\n\t\t<\/section>\n\t\t\t\t\t<\/div>\n\t\t<\/div>\n\t\t\t\t<div class=\"elementor-column elementor-col-50 elementor-top-column elementor-element elementor-element-4e1bf333\" data-id=\"4e1bf333\" data-element_type=\"column\" data-e-type=\"column\">\n\t\t\t<div class=\"elementor-widget-wrap elementor-element-populated\">\n\t\t\t\t\t\t<div class=\"elementor-element elementor-element-3146b632 elementor-widget elementor-widget-image\" data-id=\"3146b632\" data-element_type=\"widget\" data-e-type=\"widget\" data-widget_type=\"image.default\">\n\t\t\t\t<div class=\"elementor-widget-container\">\n\t\t\t\t\t\t\t\t\t\t\t\t\t\t\t<img decoding=\"async\" src=\"https:\/\/somnomed.com\/hr\/wp-content\/uploads\/sites\/22\/elementor\/thumbs\/Man-Jaw-Pain-Bruxism-4-q2vmp909novjhbma1stc6ifonuk142lebizcy41768.jpg\" title=\"Man Jaw Pain (Bruxism) 4\" alt=\"Man Jaw Pain (Bruxism) 4\" loading=\"lazy\" \/>\t\t\t\t\t\t\t\t\t\t\t\t\t\t\t<\/div>\n\t\t\t\t<\/div>\n\t\t\t\t\t<\/div>\n\t\t<\/div>\n\t\t\t\t\t<\/div>\n\t\t<\/section>\n\t\t\t\t<section data-particle_enable=\"false\" data-particle-mobile-disabled=\"false\" class=\"elementor-section elementor-top-section elementor-element elementor-element-9fd6d39 elementor-section-content-middle elementor-section-boxed elementor-section-height-default elementor-section-height-default\" data-id=\"9fd6d39\" data-element_type=\"section\" data-e-type=\"section\" data-settings=\"{&quot;background_background&quot;:&quot;classic&quot;}\">\n\t\t\t\t\t\t<div class=\"elementor-container elementor-column-gap-default\">\n\t\t\t\t\t<div class=\"elementor-column elementor-col-50 elementor-top-column elementor-element elementor-element-146748f\" data-id=\"146748f\" data-element_type=\"column\" data-e-type=\"column\">\n\t\t\t<div class=\"elementor-widget-wrap elementor-element-populated\">\n\t\t\t\t\t\t<div class=\"elementor-element elementor-element-93cc063 elementor-widget elementor-widget-image\" data-id=\"93cc063\" data-element_type=\"widget\" data-e-type=\"widget\" data-widget_type=\"image.default\">\n\t\t\t\t<div class=\"elementor-widget-container\">\n\t\t\t\t\t\t\t\t\t\t\t\t\t\t\t<img decoding=\"async\" src=\"https:\/\/somnomed.com\/hr\/wp-content\/uploads\/sites\/22\/elementor\/thumbs\/African-man-jaw-pain-q2vmp90604kmkzz30ko5o4en5zeshj97ksar0c0f28.jpg\" title=\"African man jaw pain\" alt=\"African man jaw pain\" loading=\"lazy\" \/>\t\t\t\t\t\t\t\t\t\t\t\t\t\t\t<\/div>\n\t\t\t\t<\/div>\n\t\t\t\t\t<\/div>\n\t\t<\/div>\n\t\t\t\t<div class=\"elementor-column elementor-col-50 elementor-top-column elementor-element elementor-element-4b8eed9\" data-id=\"4b8eed9\" data-element_type=\"column\" data-e-type=\"column\">\n\t\t\t<div class=\"elementor-widget-wrap elementor-element-populated\">\n\t\t\t\t\t\t<section data-particle_enable=\"false\" data-particle-mobile-disabled=\"false\" class=\"elementor-section elementor-inner-section elementor-element elementor-element-bdb984c elementor-section-full_width elementor-section-height-default elementor-section-height-default\" data-id=\"bdb984c\" data-element_type=\"section\" data-e-type=\"section\">\n\t\t\t\t\t\t<div class=\"elementor-container elementor-column-gap-no\">\n\t\t\t\t\t<div class=\"elementor-column elementor-col-100 elementor-inner-column elementor-element elementor-element-9c2c98d\" data-id=\"9c2c98d\" data-element_type=\"column\" data-e-type=\"column\">\n\t\t\t<div class=\"elementor-widget-wrap elementor-element-populated\">\n\t\t\t\t\t\t<div class=\"elementor-element elementor-element-687dcf4 elementor-widget elementor-widget-heading\" data-id=\"687dcf4\" data-element_type=\"widget\" data-e-type=\"widget\" data-widget_type=\"heading.default\">\n\t\t\t\t<div class=\"elementor-widget-container\">\n\t\t\t\t\t<h2 class=\"elementor-heading-title elementor-size-default\">Kako mogu znati \u0161kripim li zubima?<\/h2>\t\t\t\t<\/div>\n\t\t\t\t<\/div>\n\t\t\t\t<div class=\"elementor-element elementor-element-6dbc2a9 elementor-widget elementor-widget-text-editor\" data-id=\"6dbc2a9\" data-element_type=\"widget\" data-e-type=\"widget\" data-widget_type=\"text-editor.default\">\n\t\t\t\t<div class=\"elementor-widget-container\">\n\t\t\t\t\t\t\t\t\t<div>Budu\u0107i da \u0161kripanje \u010desto nastupa tijekom spavanja, ve\u0107ina ljudi nije niti svjesna da to radi. Me\u0111utim, tupa, konstantni glavobolja ili bolna \u010deljust su o\u010diti simptomi. Oni koji \u0161kripe zubima to nerijetko saznaju od svog partnera.<\/div><div>\u00a0<\/div><div>Ako sumnjate da \u0161kripite zubima, preporuka su konzultacije sa doktorom dentalne medicine. Doktor dentalne medicine mo\u017ee pregledati va\u0161e zube, usta i \u010deljust kako bi prona\u0161li znakove bruksizma, poput osjetljive \u010deljusti i promjena na va\u0161im zubima.<\/div>\t\t\t\t\t\t\t\t<\/div>\n\t\t\t\t<\/div>\n\t\t\t\t\t<\/div>\n\t\t<\/div>\n\t\t\t\t\t<\/div>\n\t\t<\/section>\n\t\t\t\t\t<\/div>\n\t\t<\/div>\n\t\t\t\t\t<\/div>\n\t\t<\/section>\n\t\t\t\t<section data-particle_enable=\"false\" data-particle-mobile-disabled=\"false\" class=\"elementor-section elementor-top-section elementor-element elementor-element-3d59a62 elementor-section-content-middle elementor-reverse-mobile elementor-section-boxed elementor-section-height-default elementor-section-height-default\" data-id=\"3d59a62\" data-element_type=\"section\" data-e-type=\"section\" data-settings=\"{&quot;background_background&quot;:&quot;classic&quot;}\">\n\t\t\t\t\t\t<div class=\"elementor-container elementor-column-gap-default\">\n\t\t\t\t\t<div class=\"elementor-column elementor-col-50 elementor-top-column elementor-element elementor-element-865a8b4\" data-id=\"865a8b4\" data-element_type=\"column\" data-e-type=\"column\">\n\t\t\t<div class=\"elementor-widget-wrap elementor-element-populated\">\n\t\t\t\t\t\t<section data-particle_enable=\"false\" data-particle-mobile-disabled=\"false\" class=\"elementor-section elementor-inner-section elementor-element elementor-element-739c299 elementor-section-full_width elementor-section-height-default elementor-section-height-default\" data-id=\"739c299\" data-element_type=\"section\" data-e-type=\"section\">\n\t\t\t\t\t\t<div class=\"elementor-container elementor-column-gap-no\">\n\t\t\t\t\t<div class=\"elementor-column elementor-col-100 elementor-inner-column elementor-element elementor-element-84634ae\" data-id=\"84634ae\" data-element_type=\"column\" data-e-type=\"column\">\n\t\t\t<div class=\"elementor-widget-wrap elementor-element-populated\">\n\t\t\t\t\t\t<div class=\"elementor-element elementor-element-5cb5115 elementor-widget elementor-widget-heading\" data-id=\"5cb5115\" data-element_type=\"widget\" data-e-type=\"widget\" data-widget_type=\"heading.default\">\n\t\t\t\t<div class=\"elementor-widget-container\">\n\t\t\t\t\t<h2 class=\"elementor-heading-title elementor-size-default\">Je li bruksizam \u0161tetan?<\/h2>\t\t\t\t<\/div>\n\t\t\t\t<\/div>\n\t\t\t\t<div class=\"elementor-element elementor-element-8b993ca elementor-widget elementor-widget-text-editor\" data-id=\"8b993ca\" data-element_type=\"widget\" data-e-type=\"widget\" data-widget_type=\"text-editor.default\">\n\t\t\t\t<div class=\"elementor-widget-container\">\n\t\t\t\t\t\t\t\t\t<div>U nekim slu\u010dajevima, kroni\u010dno \u0161kripanje zubima mo\u017ee rezultirati puknu\u0107em, opu\u0161tanjem ili gubitkom zuba. Kroni\u010dno \u0161kripanje mo\u017ee s vremenom istro\u0161iti zube, smanjuju\u0107i tako sposobnost pravilnog \u017evakanja hrane. Ako su va\u0161i prirodni zubi o\u0161te\u0107eni i trebaju popravak ili zamjenu, u tom slu\u010daju mo\u017ee postojati potreba za slo\u017eenim dentalnim zahvatima kao \u0161to su ugradnje mostova, krunica, terapija korijenskim kanalima, implantati, parcijalne proteze pa \u010dak i potpune proteze.<\/div><div>\u00a0<\/div><div>\u0160kripanje zubima ne samo da mo\u017ee rezultirati gubitkom zuba u ozbiljnim slu\u010dajevima, ve\u0107 mo\u017ee uzrokovati bol u \u010deljusti, gubitak sluha pa \u010dak i promjenu izgleda va\u0161eg lica. \u0160kripanje zubima tijekom spavanja mo\u017ee biti i posljedica Sindroma Opstruktivne Apneje tijekom Spavanja.<\/div>\t\t\t\t\t\t\t\t<\/div>\n\t\t\t\t<\/div>\n\t\t\t\t\t<\/div>\n\t\t<\/div>\n\t\t\t\t\t<\/div>\n\t\t<\/section>\n\t\t\t\t\t<\/div>\n\t\t<\/div>\n\t\t\t\t<div class=\"elementor-column elementor-col-50 elementor-top-column elementor-element elementor-element-70928c2\" data-id=\"70928c2\" data-element_type=\"column\" data-e-type=\"column\">\n\t\t\t<div class=\"elementor-widget-wrap elementor-element-populated\">\n\t\t\t\t\t\t<div class=\"elementor-element elementor-element-8371ee3 elementor-widget elementor-widget-image\" data-id=\"8371ee3\" data-element_type=\"widget\" data-e-type=\"widget\" data-widget_type=\"image.default\">\n\t\t\t\t<div class=\"elementor-widget-container\">\n\t\t\t\t\t\t\t\t\t\t\t\t\t\t\t<img decoding=\"async\" src=\"https:\/\/somnomed.com\/hr\/wp-content\/uploads\/sites\/22\/elementor\/thumbs\/Union-67-q2vmp82btajc9e0g629j3mn6kljf9u5h8nn9j21t8g.jpg\" title=\"Union 67\" alt=\"Union 67\" loading=\"lazy\" \/>\t\t\t\t\t\t\t\t\t\t\t\t\t\t\t<\/div>\n\t\t\t\t<\/div>\n\t\t\t\t\t<\/div>\n\t\t<\/div>\n\t\t\t\t\t<\/div>\n\t\t<\/section>\n\t\t\t\t<section data-particle_enable=\"false\" data-particle-mobile-disabled=\"false\" class=\"elementor-section elementor-top-section elementor-element elementor-element-2c23ce28 elementor-section-content-middle elementor-section-boxed elementor-section-height-default elementor-section-height-default\" data-id=\"2c23ce28\" data-element_type=\"section\" data-e-type=\"section\" data-settings=\"{&quot;background_background&quot;:&quot;classic&quot;}\">\n\t\t\t\t\t\t<div class=\"elementor-container elementor-column-gap-default\">\n\t\t\t\t\t<div class=\"elementor-column elementor-col-50 elementor-top-column elementor-element elementor-element-4fef3c95\" data-id=\"4fef3c95\" data-element_type=\"column\" data-e-type=\"column\">\n\t\t\t<div class=\"elementor-widget-wrap elementor-element-populated\">\n\t\t\t\t\t\t<div class=\"elementor-element elementor-element-67c18738 elementor-widget elementor-widget-image\" data-id=\"67c18738\" data-element_type=\"widget\" data-e-type=\"widget\" data-widget_type=\"image.default\">\n\t\t\t\t<div class=\"elementor-widget-container\">\n\t\t\t\t\t\t\t\t\t\t\t\t\t\t\t<img decoding=\"async\" src=\"https:\/\/somnomed.com\/hr\/wp-content\/uploads\/sites\/22\/elementor\/thumbs\/Union-4-5-q2vmp82btajc9e0g629j3mn6kljf9u5h8nn9j21t8g.jpg\" title=\"Union 4\" alt=\"Union 4\" loading=\"lazy\" \/>\t\t\t\t\t\t\t\t\t\t\t\t\t\t\t<\/div>\n\t\t\t\t<\/div>\n\t\t\t\t\t<\/div>\n\t\t<\/div>\n\t\t\t\t<div class=\"elementor-column elementor-col-50 elementor-top-column elementor-element elementor-element-2c57e45c\" data-id=\"2c57e45c\" data-element_type=\"column\" data-e-type=\"column\">\n\t\t\t<div class=\"elementor-widget-wrap elementor-element-populated\">\n\t\t\t\t\t\t<section data-particle_enable=\"false\" data-particle-mobile-disabled=\"false\" class=\"elementor-section elementor-inner-section elementor-element elementor-element-3cd9590e elementor-section-full_width elementor-section-height-default elementor-section-height-default\" data-id=\"3cd9590e\" data-element_type=\"section\" data-e-type=\"section\">\n\t\t\t\t\t\t<div class=\"elementor-container elementor-column-gap-no\">\n\t\t\t\t\t<div class=\"elementor-column elementor-col-100 elementor-inner-column elementor-element elementor-element-1fcb3330\" data-id=\"1fcb3330\" data-element_type=\"column\" data-e-type=\"column\">\n\t\t\t<div class=\"elementor-widget-wrap elementor-element-populated\">\n\t\t\t\t\t\t<div class=\"elementor-element elementor-element-ceec4f8 elementor-widget elementor-widget-heading\" data-id=\"ceec4f8\" data-element_type=\"widget\" data-e-type=\"widget\" data-widget_type=\"heading.default\">\n\t\t\t\t<div class=\"elementor-widget-container\">\n\t\t\t\t\t<h2 class=\"elementor-heading-title elementor-size-default\">Kako se lije\u010di bruksizam?<\/h2>\t\t\t\t<\/div>\n\t\t\t\t<\/div>\n\t\t\t\t<div class=\"elementor-element elementor-element-3301b0f1 elementor-widget elementor-widget-text-editor\" data-id=\"3301b0f1\" data-element_type=\"widget\" data-e-type=\"widget\" data-widget_type=\"text-editor.default\">\n\t\t\t\t<div class=\"elementor-widget-container\">\n\t\t\t\t\t\t\t\t\t<div>Preporu\u010deni tretmani za \u0161kripanje zubima uklju\u010duju terapije pona\u0161anja i kori\u0161tenje oralnih ure\u0111aja.<\/div><div>\u00a0<\/div><div>Terapije pona\u0161anja su vje\u017ebe opu\u0161tanja mi\u0161i\u0107a namijenjene opu\u0161tanju \u010deljusti i sprje\u010davanju no\u0107nog \u0161kripanja zubima koje mo\u017ee preporu\u010diti va\u0161 doktor dentalne medicine ili fizioterapeut.<\/div><div>\u00a0<\/div><div>SomnoBrux<sup>\u2122<\/sup> ure\u0111aji izra\u0111eni su po mjeri od modernih dentalnih materijala, pru\u017eaju\u0107i vam precizno pristajanje, \u0161tite\u0107i va\u0161e zube od tro\u0161enja \u0161kripanjem.<\/div>\t\t\t\t\t\t\t\t<\/div>\n\t\t\t\t<\/div>\n\t\t\t\t<div class=\"elementor-element elementor-element-260443f elementor-align-left elementor-widget elementor-widget-button\" data-id=\"260443f\" data-element_type=\"widget\" data-e-type=\"widget\" data-widget_type=\"button.default\">\n\t\t\t\t<div class=\"elementor-widget-container\">\n\t\t\t\t\t\t\t\t\t<div class=\"elementor-button-wrapper\">\n\t\t\t\t\t<a class=\"elementor-button elementor-button-link elementor-size-sm\" href=\"https:\/\/somnomed.com\/hr\/patients\/products\/somnobrux\/\" target=\"_blank\" id=\"View Products\">\n\t\t\t\t\t\t<span class=\"elementor-button-content-wrapper\">\n\t\t\t\t\t\t\t\t\t<span class=\"elementor-button-text\">View products<\/span>\n\t\t\t\t\t<\/span>\n\t\t\t\t\t<\/a>\n\t\t\t\t<\/div>\n\t\t\t\t\t\t\t\t<\/div>\n\t\t\t\t<\/div>\n\t\t\t\t\t<\/div>\n\t\t<\/div>\n\t\t\t\t\t<\/div>\n\t\t<\/section>\n\t\t\t\t\t<\/div>\n\t\t<\/div>\n\t\t\t\t\t<\/div>\n\t\t<\/section>\n\t\t\t\t<\/div>\n\t\t","protected":false},"excerpt":{"rendered":"<p>\u0160kripanje zubima \u0160kripanje zubima, medicinski poznat kao &#8220;Bruksizam&#8221;, odnosi se na nesvjesno stiskanje ili \u0161kripanje zubima. Vi\u0161e od 10 milijuna odraslih u Ujedinjenom Kraljevstvu \u0161kripi zubima ili sti\u0161\u0107e \u010deljust, bilo dok su budni ili tijekom spavanja, pritom ne shva\u0107aju\u0107i da to rade.\u00a0Ako se ovo stanje ne rije\u0161i, mo\u017ee dovesti do oslabljenih ili puknutih zuba, povla\u010denja &#8230;<\/p>\n","protected":false},"author":1,"featured_media":0,"parent":576,"menu_order":0,"comment_status":"closed","ping_status":"closed","template":"","meta":{"_acf_changed":false,"footnotes":""},"class_list":["post-428","page","type-page","status-publish","hentry"],"acf":[],"_links":{"self":[{"href":"https:\/\/somnomed.com\/hr\/wp-json\/wp\/v2\/pages\/428","targetHints":{"allow":["GET"]}}],"collection":[{"href":"https:\/\/somnomed.com\/hr\/wp-json\/wp\/v2\/pages"}],"about":[{"href":"https:\/\/somnomed.com\/hr\/wp-json\/wp\/v2\/types\/page"}],"author":[{"embeddable":true,"href":"https:\/\/somnomed.com\/hr\/wp-json\/wp\/v2\/users\/1"}],"replies":[{"embeddable":true,"href":"https:\/\/somnomed.com\/hr\/wp-json\/wp\/v2\/comments?post=428"}],"version-history":[{"count":3,"href":"https:\/\/somnomed.com\/hr\/wp-json\/wp\/v2\/pages\/428\/revisions"}],"predecessor-version":[{"id":13967,"href":"https:\/\/somnomed.com\/hr\/wp-json\/wp\/v2\/pages\/428\/revisions\/13967"}],"up":[{"embeddable":true,"href":"https:\/\/somnomed.com\/hr\/wp-json\/wp\/v2\/pages\/576"}],"wp:attachment":[{"href":"https:\/\/somnomed.com\/hr\/wp-json\/wp\/v2\/media?parent=428"}],"curies":[{"name":"wp","href":"https:\/\/api.w.org\/{rel}","templated":true}]}}