{"id":12891,"date":"2022-11-04T10:00:32","date_gmt":"2022-11-03T23:00:32","guid":{"rendered":"https:\/\/somnomed.com\/no\/?page_id=12891"},"modified":"2024-10-14T11:19:43","modified_gmt":"2024-10-14T09:19:43","slug":"somtabs-bestillingsskjema","status":"publish","type":"page","link":"https:\/\/somnomed.com\/no\/patients\/somtabs-bestillingsskjema\/","title":{"rendered":"SomTabs Bestillingsskjema"},"content":{"rendered":"\t\t<div data-elementor-type=\"wp-page\" data-elementor-id=\"12891\" class=\"elementor elementor-12891\" data-elementor-post-type=\"page\">\n\t\t\t\t\t\t<section data-particle_enable=\"false\" data-particle-mobile-disabled=\"false\" class=\"elementor-section elementor-top-section elementor-element elementor-element-ef49994 elementor-section-boxed elementor-section-height-default elementor-section-height-default\" data-id=\"ef49994\" data-element_type=\"section\" data-e-type=\"section\">\n\t\t\t\t\t\t<div class=\"elementor-container elementor-column-gap-default\">\n\t\t\t\t\t<div class=\"elementor-column elementor-col-100 elementor-top-column elementor-element elementor-element-9f6065b\" data-id=\"9f6065b\" data-element_type=\"column\" data-e-type=\"column\">\n\t\t\t<div class=\"elementor-widget-wrap elementor-element-populated\">\n\t\t\t\t\t\t<div class=\"elementor-element elementor-element-c15485d elementor-widget elementor-widget-heading\" data-id=\"c15485d\" data-element_type=\"widget\" data-e-type=\"widget\" data-widget_type=\"heading.default\">\n\t\t\t\t<div class=\"elementor-widget-container\">\n\t\t\t\t\t<h2 class=\"elementor-heading-title elementor-size-default\">SomTabs<\/h2>\t\t\t\t<\/div>\n\t\t\t\t<\/div>\n\t\t\t\t\t<\/div>\n\t\t<\/div>\n\t\t\t\t\t<\/div>\n\t\t<\/section>\n\t\t\t\t<section data-particle_enable=\"false\" data-particle-mobile-disabled=\"false\" class=\"elementor-section elementor-top-section elementor-element elementor-element-a7fb19e elementor-section-boxed elementor-section-height-default elementor-section-height-default\" data-id=\"a7fb19e\" data-element_type=\"section\" data-e-type=\"section\">\n\t\t\t\t\t\t<div class=\"elementor-container elementor-column-gap-default\">\n\t\t\t\t\t<div class=\"elementor-column elementor-col-100 elementor-top-column elementor-element elementor-element-2a3ae3b\" data-id=\"2a3ae3b\" data-element_type=\"column\" data-e-type=\"column\">\n\t\t\t<div class=\"elementor-widget-wrap elementor-element-populated\">\n\t\t\t\t\t\t<div class=\"elementor-element elementor-element-0b77306 elementor-widget elementor-widget-text-editor\" data-id=\"0b77306\" data-element_type=\"widget\" data-e-type=\"widget\" data-widget_type=\"text-editor.default\">\n\t\t\t\t<div class=\"elementor-widget-container\">\n\t\t\t\t\t\t\t\t\t<p><span style=\"color: #00549d;\">N\u00e5 er SomTabs igjen tilgjengelig for salg i Norge gjennom samarbeid med Dentalspar A\/S. Klikk p\u00e5 linkene nedenfor for \u00e5 komme til deres hjemmeside og for \u00e5 bestille SomTabs<\/span><\/p>\t\t\t\t\t\t\t\t<\/div>\n\t\t\t\t<\/div>\n\t\t\t\t\t<\/div>\n\t\t<\/div>\n\t\t\t\t\t<\/div>\n\t\t<\/section>\n\t\t\t\t<section data-particle_enable=\"false\" data-particle-mobile-disabled=\"false\" class=\"elementor-section elementor-top-section elementor-element elementor-element-0109842 elementor-section-boxed elementor-section-height-default elementor-section-height-default\" data-id=\"0109842\" data-element_type=\"section\" data-e-type=\"section\">\n\t\t\t\t\t\t<div class=\"elementor-container elementor-column-gap-default\">\n\t\t\t\t\t<div class=\"elementor-column elementor-col-50 elementor-top-column elementor-element elementor-element-8d7ee30\" data-id=\"8d7ee30\" data-element_type=\"column\" data-e-type=\"column\">\n\t\t\t<div class=\"elementor-widget-wrap elementor-element-populated\">\n\t\t\t\t\t\t<div class=\"elementor-element elementor-element-16d91aa2 elementor-widget elementor-widget-image\" data-id=\"16d91aa2\" data-element_type=\"widget\" data-e-type=\"widget\" data-widget_type=\"image.default\">\n\t\t\t\t<div class=\"elementor-widget-container\">\n\t\t\t\t\t\t\t\t\t\t\t\t\t\t\t\t<a href=\"https:\/\/www.hygi.no\/tannhelseprodukter\/spesialprodukter\/spesialprodukter\/somtabs-rengjoringstabletter-til-skinner-30-stk\" target=\"_blank\" rel=\"noopener\">\n\t\t\t\t\t\t\t<img fetchpriority=\"high\" decoding=\"async\" width=\"768\" height=\"265\" src=\"https:\/\/somnomed.com\/no\/wp-content\/uploads\/sites\/15\/2024\/10\/SomTabs-Norway-website-changes-768x265.jpg\" class=\"attachment-medium_large size-medium_large wp-image-14359\" alt=\"\" srcset=\"https:\/\/somnomed.com\/no\/wp-content\/uploads\/sites\/15\/2024\/10\/SomTabs-Norway-website-changes-768x265.jpg 768w, https:\/\/somnomed.com\/no\/wp-content\/uploads\/sites\/15\/2024\/10\/SomTabs-Norway-website-changes-300x104.jpg 300w, https:\/\/somnomed.com\/no\/wp-content\/uploads\/sites\/15\/2024\/10\/SomTabs-Norway-website-changes-1024x353.jpg 1024w, https:\/\/somnomed.com\/no\/wp-content\/uploads\/sites\/15\/2024\/10\/SomTabs-Norway-website-changes.jpg 1463w\" sizes=\"(max-width: 768px) 100vw, 768px\" \/>\t\t\t\t\t\t\t\t<\/a>\n\t\t\t\t\t\t\t\t\t\t\t\t\t\t\t<\/div>\n\t\t\t\t<\/div>\n\t\t\t\t\t<\/div>\n\t\t<\/div>\n\t\t\t\t<div class=\"elementor-column elementor-col-50 elementor-top-column elementor-element elementor-element-5e59a6d\" data-id=\"5e59a6d\" data-element_type=\"column\" data-e-type=\"column\">\n\t\t\t<div class=\"elementor-widget-wrap elementor-element-populated\">\n\t\t\t\t\t\t<section data-particle_enable=\"false\" data-particle-mobile-disabled=\"false\" class=\"elementor-section elementor-inner-section elementor-element elementor-element-631be129 elementor-section-boxed elementor-section-height-default elementor-section-height-default\" data-id=\"631be129\" data-element_type=\"section\" data-e-type=\"section\">\n\t\t\t\t\t\t<div class=\"elementor-container elementor-column-gap-default\">\n\t\t\t\t\t<div class=\"elementor-column elementor-col-100 elementor-inner-column elementor-element elementor-element-7faa2660\" data-id=\"7faa2660\" data-element_type=\"column\" data-e-type=\"column\">\n\t\t\t<div class=\"elementor-widget-wrap elementor-element-populated\">\n\t\t\t\t\t\t<div class=\"elementor-element elementor-element-12f481e6 elementor-widget elementor-widget-image\" data-id=\"12f481e6\" data-element_type=\"widget\" data-e-type=\"widget\" data-widget_type=\"image.default\">\n\t\t\t\t<div class=\"elementor-widget-container\">\n\t\t\t\t\t\t\t\t\t\t\t\t\t\t\t\t<a href=\"https:\/\/www.dentalspar.no\/\" target=\"_blank\" rel=\"noopener\">\n\t\t\t\t\t\t\t<img decoding=\"async\" width=\"300\" height=\"156\" src=\"https:\/\/somnomed.com\/no\/wp-content\/uploads\/sites\/15\/2024\/10\/SomTabs-Norway-website-changes-2.jpg\" class=\"attachment-medium_large size-medium_large wp-image-14365\" alt=\"\" \/>\t\t\t\t\t\t\t\t<\/a>\n\t\t\t\t\t\t\t\t\t\t\t\t\t\t\t<\/div>\n\t\t\t\t<\/div>\n\t\t\t\t\t<\/div>\n\t\t<\/div>\n\t\t\t\t\t<\/div>\n\t\t<\/section>\n\t\t\t\t\t<\/div>\n\t\t<\/div>\n\t\t\t\t\t<\/div>\n\t\t<\/section>\n\t\t\t\t<section data-particle_enable=\"false\" data-particle-mobile-disabled=\"false\" class=\"elementor-section elementor-top-section elementor-element elementor-element-85c35df elementor-section-boxed elementor-section-height-default elementor-section-height-default\" data-id=\"85c35df\" data-element_type=\"section\" data-e-type=\"section\">\n\t\t\t\t\t\t<div class=\"elementor-container elementor-column-gap-default\">\n\t\t\t\t\t<div class=\"elementor-column elementor-col-100 elementor-top-column elementor-element elementor-element-c28d00b\" data-id=\"c28d00b\" data-element_type=\"column\" data-e-type=\"column\">\n\t\t\t<div class=\"elementor-widget-wrap elementor-element-populated\">\n\t\t\t\t\t\t<section data-particle_enable=\"false\" data-particle-mobile-disabled=\"false\" class=\"elementor-section elementor-inner-section elementor-element elementor-element-5cb8b34 elementor-section-boxed elementor-section-height-default elementor-section-height-default\" data-id=\"5cb8b34\" data-element_type=\"section\" data-e-type=\"section\">\n\t\t\t\t\t\t<div class=\"elementor-container elementor-column-gap-default\">\n\t\t\t\t\t<div class=\"elementor-column elementor-col-50 elementor-inner-column elementor-element elementor-element-9fa8104\" data-id=\"9fa8104\" data-element_type=\"column\" data-e-type=\"column\">\n\t\t\t<div class=\"elementor-widget-wrap elementor-element-populated\">\n\t\t\t\t\t\t<section data-particle_enable=\"false\" data-particle-mobile-disabled=\"false\" class=\"elementor-section elementor-inner-section elementor-element elementor-element-12a1eba elementor-section-boxed elementor-section-height-default elementor-section-height-default\" data-id=\"12a1eba\" data-element_type=\"section\" data-e-type=\"section\">\n\t\t\t\t\t\t<div class=\"elementor-container elementor-column-gap-default\">\n\t\t\t\t\t<div class=\"elementor-column elementor-col-100 elementor-inner-column elementor-element elementor-element-2442075\" data-id=\"2442075\" data-element_type=\"column\" data-e-type=\"column\">\n\t\t\t<div class=\"elementor-widget-wrap elementor-element-populated\">\n\t\t\t\t\t\t<div class=\"elementor-element elementor-element-3a79c61 elementor-widget elementor-widget-heading\" data-id=\"3a79c61\" data-element_type=\"widget\" data-e-type=\"widget\" data-widget_type=\"heading.default\">\n\t\t\t\t<div class=\"elementor-widget-container\">\n\t\t\t\t\t<h2 class=\"elementor-heading-title elementor-size-default\"><a href=\"https:\/\/www.hygi.no\/tannhelseprodukter\/spesialprodukter\/spesialprodukter\/somtabs-rengjoringstabletter-til-skinner-30-stk\" target=\"_blank\" rel=\"noopener\">SomTabs Pasienter<\/a><\/h2>\t\t\t\t<\/div>\n\t\t\t\t<\/div>\n\t\t\t\t\t<\/div>\n\t\t<\/div>\n\t\t\t\t\t<\/div>\n\t\t<\/section>\n\t\t\t\t\t<\/div>\n\t\t<\/div>\n\t\t\t\t<div class=\"elementor-column elementor-col-50 elementor-inner-column elementor-element elementor-element-9d1aab0\" data-id=\"9d1aab0\" data-element_type=\"column\" data-e-type=\"column\">\n\t\t\t<div class=\"elementor-widget-wrap elementor-element-populated\">\n\t\t\t\t\t\t<div class=\"elementor-element elementor-element-01611d4 elementor-absolute elementor-widget elementor-widget-heading\" data-id=\"01611d4\" data-element_type=\"widget\" data-e-type=\"widget\" data-settings=\"{&quot;_position&quot;:&quot;absolute&quot;}\" data-widget_type=\"heading.default\">\n\t\t\t\t<div class=\"elementor-widget-container\">\n\t\t\t\t\t<h2 class=\"elementor-heading-title elementor-size-default\"><a href=\"https:\/\/www.dentalspar.no\/\" target=\"_blank\" rel=\"noopener\">SomTabs Klinikk<\/a><\/h2>\t\t\t\t<\/div>\n\t\t\t\t<\/div>\n\t\t\t\t\t<\/div>\n\t\t<\/div>\n\t\t\t\t\t<\/div>\n\t\t<\/section>\n\t\t\t\t\t<\/div>\n\t\t<\/div>\n\t\t\t\t\t<\/div>\n\t\t<\/section>\n\t\t\t\t<section data-particle_enable=\"false\" data-particle-mobile-disabled=\"false\" class=\"elementor-section elementor-top-section elementor-element elementor-element-bac74af elementor-section-boxed elementor-section-height-default elementor-section-height-default\" data-id=\"bac74af\" data-element_type=\"section\" data-e-type=\"section\">\n\t\t\t\t\t\t<div class=\"elementor-container elementor-column-gap-default\">\n\t\t\t\t\t<div class=\"elementor-column elementor-col-100 elementor-top-column elementor-element elementor-element-46ac6a7\" data-id=\"46ac6a7\" data-element_type=\"column\" data-e-type=\"column\">\n\t\t\t<div class=\"elementor-widget-wrap elementor-element-populated\">\n\t\t\t\t\t\t<div class=\"elementor-element elementor-element-278afae elementor-widget elementor-widget-text-editor\" data-id=\"278afae\" data-element_type=\"widget\" data-e-type=\"widget\" data-widget_type=\"text-editor.default\">\n\t\t\t\t<div class=\"elementor-widget-container\">\n\t\t\t\t\t\t\t\t\t<p><span style=\"color: #00549d;\">Privatpersoner kan enten handle p\u00e5 Hygi.no eller kontakte oss p\u00e5 kundeservice:<\/span><br \/><span style=\"color: #00549d;\">Kundeservice, hverdager kl. 08-16<\/span><br \/><span style=\"color: #00549d;\">Telefon: 31 90 78 00<\/span><br \/><span style=\"color: #00549d;\">E-post: post@hygi.no<\/span><\/p>\t\t\t\t\t\t\t\t<\/div>\n\t\t\t\t<\/div>\n\t\t\t\t\t<\/div>\n\t\t<\/div>\n\t\t\t\t\t<\/div>\n\t\t<\/section>\n\t\t\t\t<\/div>\n\t\t","protected":false},"excerpt":{"rendered":"<p>SomTabs N\u00e5 er SomTabs igjen tilgjengelig for salg i Norge gjennom samarbeid med Dentalspar A\/S. Klikk p\u00e5 linkene nedenfor for \u00e5 komme til deres hjemmeside og for \u00e5 bestille SomTabs SomTabs Pasienter SomTabs Klinikk Privatpersoner kan enten handle p\u00e5 Hygi.no eller kontakte oss p\u00e5 kundeservice:Kundeservice, hverdager kl. 08-16Telefon: 31 90 78 00E-post: post@hygi.no<\/p>\n","protected":false},"author":23,"featured_media":0,"parent":1044,"menu_order":0,"comment_status":"closed","ping_status":"closed","template":"","meta":{"_acf_changed":false,"footnotes":""},"class_list":["post-12891","page","type-page","status-publish","hentry"],"acf":[],"_links":{"self":[{"href":"https:\/\/somnomed.com\/no\/wp-json\/wp\/v2\/pages\/12891","targetHints":{"allow":["GET"]}}],"collection":[{"href":"https:\/\/somnomed.com\/no\/wp-json\/wp\/v2\/pages"}],"about":[{"href":"https:\/\/somnomed.com\/no\/wp-json\/wp\/v2\/types\/page"}],"author":[{"embeddable":true,"href":"https:\/\/somnomed.com\/no\/wp-json\/wp\/v2\/users\/23"}],"replies":[{"embeddable":true,"href":"https:\/\/somnomed.com\/no\/wp-json\/wp\/v2\/comments?post=12891"}],"version-history":[{"count":3,"href":"https:\/\/somnomed.com\/no\/wp-json\/wp\/v2\/pages\/12891\/revisions"}],"predecessor-version":[{"id":14377,"href":"https:\/\/somnomed.com\/no\/wp-json\/wp\/v2\/pages\/12891\/revisions\/14377"}],"up":[{"embeddable":true,"href":"https:\/\/somnomed.com\/no\/wp-json\/wp\/v2\/pages\/1044"}],"wp:attachment":[{"href":"https:\/\/somnomed.com\/no\/wp-json\/wp\/v2\/media?parent=12891"}],"curies":[{"name":"wp","href":"https:\/\/api.w.org\/{rel}","templated":true}]}}