{"id":379,"date":"2021-06-09T03:12:59","date_gmt":"2021-06-09T07:12:59","guid":{"rendered":"https:\/\/local.somnomed.com\/en\/?page_id=379"},"modified":"2025-11-21T09:48:52","modified_gmt":"2025-11-21T08:48:52","slug":"snoring","status":"publish","type":"page","link":"https:\/\/somnomed.com\/se\/patients\/sleep\/snoring\/","title":{"rendered":"Snarkningar"},"content":{"rendered":"\t\t<div data-elementor-type=\"wp-page\" data-elementor-id=\"379\" class=\"elementor elementor-379\" data-elementor-post-type=\"page\">\n\t\t\t\t\t\t<section data-particle_enable=\"false\" data-particle-mobile-disabled=\"false\" class=\"elementor-section elementor-top-section elementor-element elementor-element-4ed0627b elementor-section-content-middle elementor-section-full_width elementor-reverse-mobile elementor-section-height-default elementor-section-height-default\" data-id=\"4ed0627b\" data-element_type=\"section\" data-e-type=\"section\">\n\t\t\t\t\t\t<div class=\"elementor-container elementor-column-gap-default\">\n\t\t\t\t\t<div class=\"elementor-column elementor-col-50 elementor-top-column elementor-element elementor-element-729a920a padding-col--left\" data-id=\"729a920a\" data-element_type=\"column\" data-e-type=\"column\">\n\t\t\t<div class=\"elementor-widget-wrap elementor-element-populated\">\n\t\t\t\t\t\t<section data-particle_enable=\"false\" data-particle-mobile-disabled=\"false\" class=\"elementor-section elementor-inner-section elementor-element elementor-element-57331af6 elementor-section-full_width elementor-section-height-default elementor-section-height-default\" data-id=\"57331af6\" data-element_type=\"section\" data-e-type=\"section\">\n\t\t\t\t\t\t<div class=\"elementor-container elementor-column-gap-no\">\n\t\t\t\t\t<div class=\"elementor-column elementor-col-100 elementor-inner-column elementor-element elementor-element-7f0dfbd5\" data-id=\"7f0dfbd5\" data-element_type=\"column\" data-e-type=\"column\">\n\t\t\t<div class=\"elementor-widget-wrap elementor-element-populated\">\n\t\t\t\t\t\t<div class=\"elementor-element elementor-element-349fc121 elementor-widget elementor-widget-heading\" data-id=\"349fc121\" data-element_type=\"widget\" data-e-type=\"widget\" data-widget_type=\"heading.default\">\n\t\t\t\t<div class=\"elementor-widget-container\">\n\t\t\t\t\t<h1 class=\"elementor-heading-title elementor-size-default\">Snarkningar<\/h1>\t\t\t\t<\/div>\n\t\t\t\t<\/div>\n\t\t\t\t<div class=\"elementor-element elementor-element-4319eb08 elementor-widget elementor-widget-text-editor\" data-id=\"4319eb08\" data-element_type=\"widget\" data-e-type=\"widget\" data-widget_type=\"text-editor.default\">\n\t\t\t\t<div class=\"elementor-widget-container\">\n\t\t\t\t\t\t\t\t\t<p>Medan du sover kan snarkningar uppst\u00e5 n\u00e4r de mjuka v\u00e4vnaderna i din tunga och svalg slappnar av, vilket g\u00f6r luftv\u00e4garna smalnar av.<\/p>\n<p>N\u00e4r luftv\u00e4garna blir smalare och du f\u00f6rs\u00f6ker andas in, b\u00f6rjar den mjuka v\u00e4vnaden i halsen att vibrera, och ljudet som bildas \u00e4r snarkning.<\/p>\n<p>Snarkning uppst\u00e5r om du sover p\u00e5 rygg och med \u00f6ppen mun.<\/p>\t\t\t\t\t\t\t\t<\/div>\n\t\t\t\t<\/div>\n\t\t\t\t\t<\/div>\n\t\t<\/div>\n\t\t\t\t\t<\/div>\n\t\t<\/section>\n\t\t\t\t\t<\/div>\n\t\t<\/div>\n\t\t\t\t<div class=\"elementor-column elementor-col-50 elementor-top-column elementor-element elementor-element-6adac9ef\" data-id=\"6adac9ef\" data-element_type=\"column\" data-e-type=\"column\">\n\t\t\t<div class=\"elementor-widget-wrap elementor-element-populated\">\n\t\t\t\t\t\t<div class=\"elementor-element elementor-element-5b75355 elementor-widget elementor-widget-image\" data-id=\"5b75355\" data-element_type=\"widget\" data-e-type=\"widget\" data-widget_type=\"image.default\">\n\t\t\t\t<div class=\"elementor-widget-container\">\n\t\t\t\t\t\t\t\t\t\t\t\t\t\t\t<img decoding=\"async\" src=\"https:\/\/somnomed.com\/se\/wp-content\/uploads\/sites\/12\/elementor\/thumbs\/Man-snoring-and-woman-holding-pillow-to-hear-ears-2-pfsfq1a0bw11ka91dwrsojpkj8dslc80buiasdk8sw.jpg\" title=\"Man snoring and woman holding pillow to hear ears 2\" alt=\"Man snoring and woman holding pillow to hear ears 2\" loading=\"lazy\" \/>\t\t\t\t\t\t\t\t\t\t\t\t\t\t\t<\/div>\n\t\t\t\t<\/div>\n\t\t\t\t\t<\/div>\n\t\t<\/div>\n\t\t\t\t\t<\/div>\n\t\t<\/section>\n\t\t\t\t<section data-particle_enable=\"false\" data-particle-mobile-disabled=\"false\" class=\"elementor-section elementor-top-section elementor-element elementor-element-9fd6d39 elementor-section-content-middle elementor-section-boxed elementor-section-height-default elementor-section-height-default\" data-id=\"9fd6d39\" data-element_type=\"section\" data-e-type=\"section\" data-settings=\"{&quot;background_background&quot;:&quot;classic&quot;}\">\n\t\t\t\t\t\t<div class=\"elementor-container elementor-column-gap-default\">\n\t\t\t\t\t<div class=\"elementor-column elementor-col-50 elementor-top-column elementor-element elementor-element-146748f\" data-id=\"146748f\" data-element_type=\"column\" data-e-type=\"column\">\n\t\t\t<div class=\"elementor-widget-wrap elementor-element-populated\">\n\t\t\t\t\t\t<div class=\"elementor-element elementor-element-93cc063 elementor-widget elementor-widget-image\" data-id=\"93cc063\" data-element_type=\"widget\" data-e-type=\"widget\" data-widget_type=\"image.default\">\n\t\t\t\t<div class=\"elementor-widget-container\">\n\t\t\t\t\t\t\t\t\t\t\t\t\t\t\t<img decoding=\"async\" src=\"https:\/\/somnomed.com\/se\/wp-content\/uploads\/sites\/12\/elementor\/thumbs\/Depositphotos_219035320_ds-pfsfq0c2hhouccn7i67zlnx2fzd6r3s38z67dbkuv4.jpg\" title=\"Depositphotos_219035320_ds\" alt=\"Depositphotos_219035320_ds\" loading=\"lazy\" \/>\t\t\t\t\t\t\t\t\t\t\t\t\t\t\t<\/div>\n\t\t\t\t<\/div>\n\t\t\t\t\t<\/div>\n\t\t<\/div>\n\t\t\t\t<div class=\"elementor-column elementor-col-50 elementor-top-column elementor-element elementor-element-4b8eed9\" data-id=\"4b8eed9\" data-element_type=\"column\" data-e-type=\"column\">\n\t\t\t<div class=\"elementor-widget-wrap elementor-element-populated\">\n\t\t\t\t\t\t<section data-particle_enable=\"false\" data-particle-mobile-disabled=\"false\" class=\"elementor-section elementor-inner-section elementor-element elementor-element-bdb984c elementor-section-full_width elementor-section-height-default elementor-section-height-default\" data-id=\"bdb984c\" data-element_type=\"section\" data-e-type=\"section\">\n\t\t\t\t\t\t<div class=\"elementor-container elementor-column-gap-no\">\n\t\t\t\t\t<div class=\"elementor-column elementor-col-100 elementor-inner-column elementor-element elementor-element-9c2c98d\" data-id=\"9c2c98d\" data-element_type=\"column\" data-e-type=\"column\">\n\t\t\t<div class=\"elementor-widget-wrap elementor-element-populated\">\n\t\t\t\t\t\t<div class=\"elementor-element elementor-element-6dbc2a9 elementor-widget elementor-widget-text-editor\" data-id=\"6dbc2a9\" data-element_type=\"widget\" data-e-type=\"widget\" data-widget_type=\"text-editor.default\">\n\t\t\t\t<div class=\"elementor-widget-container\">\n\t\t\t\t\t\t\t\t\t<p>Allt som begr\u00e4nsar dina luftv\u00e4gar kan orsaka snarkning, inklusive:<\/p>\t\t\t\t\t\t\t\t<\/div>\n\t\t\t\t<\/div>\n\t\t\t\t<div class=\"elementor-element elementor-element-f9abd1e elementor-widget elementor-widget-text-editor\" data-id=\"f9abd1e\" data-element_type=\"widget\" data-e-type=\"widget\" data-widget_type=\"text-editor.default\">\n\t\t\t\t<div class=\"elementor-widget-container\">\n\t\t\t\t\t\t\t\t\t<ul>\n \t<li><span style=\"color: #00549d;\"><strong>Stora tonsiller<\/strong><\/span><\/li>\n \t<li><span style=\"color: #00549d;\"><strong>En f\u00f6rstorad uvula (gomspenen l\u00e4ngst bak i munnen) <\/strong><\/span><\/li>\n \t<li><span style=\"color: #00549d;\"><strong>En avvikande septum (den tunna v\u00e4ggen mellan dina n\u00e4sborrar \u00e4r sned)<\/strong><\/span><\/li>\n \t<li><span style=\"color: #00549d;\"><strong>N\u00e4st\u00e4ppa<\/strong><\/span><\/li>\n \t<li><span style=\"color: #00549d;\"><strong>\u00d6vervikt<\/strong><\/span><\/li>\n \t<li><span style=\"color: #00549d;\"><strong>Alkohol<\/strong><\/span><\/li>\n<\/ul>\t\t\t\t\t\t\t\t<\/div>\n\t\t\t\t<\/div>\n\t\t\t\t<div class=\"elementor-element elementor-element-f086c36 elementor-widget elementor-widget-text-editor\" data-id=\"f086c36\" data-element_type=\"widget\" data-e-type=\"widget\" data-widget_type=\"text-editor.default\">\n\t\t\t\t<div class=\"elementor-widget-container\">\n\t\t\t\t\t\t\t\t\t<p>\u00c4ven om snarkningar \u00e4r mycket irriterande f\u00f6r din s\u00f6mnpartner, \u00e4r det i de flesta fall ett godartat (inte allvarligt) problem. Men i cirka 20 % av fallen \u00e4r snarkning ett symptom p\u00e5 obstruktiv s\u00f6mnapn\u00e9 (klicka h\u00e4r f\u00f6r att l\u00e4sa mer om obstruktiv s\u00f6mnapn\u00e9) som \u00e4r ett medicinskt tillst\u00e5nd som kan ge konsekvenser f\u00f6r din h\u00e4lsa.<\/p>\t\t\t\t\t\t\t\t<\/div>\n\t\t\t\t<\/div>\n\t\t\t\t\t<\/div>\n\t\t<\/div>\n\t\t\t\t\t<\/div>\n\t\t<\/section>\n\t\t\t\t\t<\/div>\n\t\t<\/div>\n\t\t\t\t\t<\/div>\n\t\t<\/section>\n\t\t\t\t<section data-particle_enable=\"false\" data-particle-mobile-disabled=\"false\" class=\"elementor-section elementor-top-section elementor-element elementor-element-724d62d8 elementor-section-content-middle elementor-reverse-mobile elementor-section-boxed elementor-section-height-default elementor-section-height-default\" data-id=\"724d62d8\" data-element_type=\"section\" data-e-type=\"section\" data-settings=\"{&quot;background_background&quot;:&quot;classic&quot;}\">\n\t\t\t\t\t\t<div class=\"elementor-container elementor-column-gap-default\">\n\t\t\t\t\t<div class=\"elementor-column elementor-col-50 elementor-top-column elementor-element elementor-element-1d418162\" data-id=\"1d418162\" data-element_type=\"column\" data-e-type=\"column\">\n\t\t\t<div class=\"elementor-widget-wrap elementor-element-populated\">\n\t\t\t\t\t\t<section data-particle_enable=\"false\" data-particle-mobile-disabled=\"false\" class=\"elementor-section elementor-inner-section elementor-element elementor-element-1fcc20f1 elementor-section-full_width elementor-section-height-default elementor-section-height-default\" data-id=\"1fcc20f1\" data-element_type=\"section\" data-e-type=\"section\">\n\t\t\t\t\t\t<div class=\"elementor-container elementor-column-gap-no\">\n\t\t\t\t\t<div class=\"elementor-column elementor-col-100 elementor-inner-column elementor-element elementor-element-75a7a8c2\" data-id=\"75a7a8c2\" data-element_type=\"column\" data-e-type=\"column\">\n\t\t\t<div class=\"elementor-widget-wrap elementor-element-populated\">\n\t\t\t\t\t\t<div class=\"elementor-element elementor-element-ae09570 elementor-widget elementor-widget-heading\" data-id=\"ae09570\" data-element_type=\"widget\" data-e-type=\"widget\" data-widget_type=\"heading.default\">\n\t\t\t\t<div class=\"elementor-widget-container\">\n\t\t\t\t\t<h2 class=\"elementor-heading-title elementor-size-default\">Kan snarkningar behandlas?<\/h2>\t\t\t\t<\/div>\n\t\t\t\t<\/div>\n\t\t\t\t<div class=\"elementor-element elementor-element-2eaf329e elementor-widget elementor-widget-text-editor\" data-id=\"2eaf329e\" data-element_type=\"widget\" data-e-type=\"widget\" data-widget_type=\"text-editor.default\">\n\t\t\t\t<div class=\"elementor-widget-container\">\n\t\t\t\t\t\t\t\t\t<p>Sj\u00e4lvklart kan det behandlas! Kirurgi kan vara en l\u00f6sning f\u00f6r stora tonsiller, en f\u00f6rstorad uvula eller en avvikande septum. Din familjel\u00e4kare eller \u00f6ron-, n\u00e4s- och halsspecialist kan ge dig r\u00e5d om dessa alternativ \u00e4r r\u00e4tt f\u00f6r dig.<\/p><p>L\u00e4kare rekommenderar ocks\u00e5 ofta livsstilsf\u00f6r\u00e4ndringar som att avst\u00e5 fr\u00e5n alkohol och g\u00e5 ner i vikt f\u00f6r att hj\u00e4lpa kroniska snarkare att minska sina snarkningar.<\/p><p>Ett annat alternativ kan vara en SomnoMed<sup>\u00ae<\/sup> s\u00f6mnapn\u00e9skena. Den s\u00f6mnapn\u00e9skena drar din underk\u00e4ke fram\u00e5t, str\u00e4cker ut musklerna runt din tunga och \u00f6ppnar upp luftv\u00e4garna s\u00e5 att den inte vibrerar l\u00e4ngre. F\u00f6r mer information om produkter fr\u00e5n SomnoMed, klicka nedan.<\/p>\t\t\t\t\t\t\t\t<\/div>\n\t\t\t\t<\/div>\n\t\t\t\t<div class=\"elementor-element elementor-element-8d91814 elementor-widget elementor-widget-button\" data-id=\"8d91814\" data-element_type=\"widget\" data-e-type=\"widget\" data-widget_type=\"button.default\">\n\t\t\t\t<div class=\"elementor-widget-container\">\n\t\t\t\t\t\t\t\t\t<div class=\"elementor-button-wrapper\">\n\t\t\t\t\t<a class=\"elementor-button elementor-button-link elementor-size-sm\" href=\"https:\/\/somnomed.com\/se\/patients\/products\/somnodent\/\">\n\t\t\t\t\t\t<span class=\"elementor-button-content-wrapper\">\n\t\t\t\t\t\t\t\t\t<span class=\"elementor-button-text\">Se produkter<\/span>\n\t\t\t\t\t<\/span>\n\t\t\t\t\t<\/a>\n\t\t\t\t<\/div>\n\t\t\t\t\t\t\t\t<\/div>\n\t\t\t\t<\/div>\n\t\t\t\t\t<\/div>\n\t\t<\/div>\n\t\t\t\t\t<\/div>\n\t\t<\/section>\n\t\t\t\t\t<\/div>\n\t\t<\/div>\n\t\t\t\t<div class=\"elementor-column elementor-col-50 elementor-top-column elementor-element elementor-element-888537d\" data-id=\"888537d\" data-element_type=\"column\" data-e-type=\"column\">\n\t\t\t<div class=\"elementor-widget-wrap elementor-element-populated\">\n\t\t\t\t\t\t<div class=\"elementor-element elementor-element-883f6d5 elementor-widget__width-initial elementor-widget elementor-widget-image\" data-id=\"883f6d5\" data-element_type=\"widget\" data-e-type=\"widget\" data-widget_type=\"image.default\">\n\t\t\t\t<div class=\"elementor-widget-container\">\n\t\t\t\t\t\t\t\t\t\t\t\t\t\t\t<img fetchpriority=\"high\" decoding=\"async\" width=\"640\" height=\"740\" src=\"https:\/\/somnomed.com\/se\/wp-content\/uploads\/sites\/12\/2025\/11\/item_58097.jpg\" class=\"attachment-1536x1536 size-1536x1536 wp-image-15567\" alt=\"En kvinna ler medan hon cyklar utomhus och k\u00e4nner sig full av energi efter en god natts s\u00f6mn.\" srcset=\"https:\/\/somnomed.com\/se\/wp-content\/uploads\/sites\/12\/2025\/11\/item_58097.jpg 640w, https:\/\/somnomed.com\/se\/wp-content\/uploads\/sites\/12\/2025\/11\/item_58097-259x300.jpg 259w\" sizes=\"(max-width: 640px) 100vw, 640px\" \/>\t\t\t\t\t\t\t\t\t\t\t\t\t\t\t<\/div>\n\t\t\t\t<\/div>\n\t\t\t\t\t<\/div>\n\t\t<\/div>\n\t\t\t\t\t<\/div>\n\t\t<\/section>\n\t\t\t\t<section data-particle_enable=\"false\" data-particle-mobile-disabled=\"false\" class=\"elementor-section elementor-top-section elementor-element elementor-element-2c23ce28 elementor-section-content-middle elementor-section-boxed elementor-section-height-default elementor-section-height-default\" data-id=\"2c23ce28\" data-element_type=\"section\" data-e-type=\"section\" data-settings=\"{&quot;background_background&quot;:&quot;classic&quot;}\">\n\t\t\t\t\t\t<div class=\"elementor-container elementor-column-gap-default\">\n\t\t\t\t\t<div class=\"elementor-column elementor-col-50 elementor-top-column elementor-element elementor-element-4fef3c95\" data-id=\"4fef3c95\" data-element_type=\"column\" data-e-type=\"column\">\n\t\t\t<div class=\"elementor-widget-wrap elementor-element-populated\">\n\t\t\t\t\t\t<div class=\"elementor-element elementor-element-67c18738 elementor-widget elementor-widget-image\" data-id=\"67c18738\" data-element_type=\"widget\" data-e-type=\"widget\" data-widget_type=\"image.default\">\n\t\t\t\t<div class=\"elementor-widget-container\">\n\t\t\t\t\t\t\t\t\t\t\t\t\t\t\t<img decoding=\"async\" src=\"https:\/\/somnomed.com\/se\/wp-content\/uploads\/sites\/12\/elementor\/thumbs\/Union-4-4-pfsfq0c2hhouccn7i67zlnx2fzd6r3s38z67dbkuv4.jpg\" title=\"Union 4\" alt=\"Union 4\" loading=\"lazy\" \/>\t\t\t\t\t\t\t\t\t\t\t\t\t\t\t<\/div>\n\t\t\t\t<\/div>\n\t\t\t\t\t<\/div>\n\t\t<\/div>\n\t\t\t\t<div class=\"elementor-column elementor-col-50 elementor-top-column elementor-element elementor-element-2c57e45c\" data-id=\"2c57e45c\" data-element_type=\"column\" data-e-type=\"column\">\n\t\t\t<div class=\"elementor-widget-wrap elementor-element-populated\">\n\t\t\t\t\t\t<section data-particle_enable=\"false\" data-particle-mobile-disabled=\"false\" class=\"elementor-section elementor-inner-section elementor-element elementor-element-3cd9590e elementor-section-full_width elementor-section-height-default elementor-section-height-default\" data-id=\"3cd9590e\" data-element_type=\"section\" data-e-type=\"section\">\n\t\t\t\t\t\t<div class=\"elementor-container elementor-column-gap-no\">\n\t\t\t\t\t<div class=\"elementor-column elementor-col-100 elementor-inner-column elementor-element elementor-element-1fcb3330\" data-id=\"1fcb3330\" data-element_type=\"column\" data-e-type=\"column\">\n\t\t\t<div class=\"elementor-widget-wrap elementor-element-populated\">\n\t\t\t\t\t\t<div class=\"elementor-element elementor-element-ceec4f8 elementor-widget elementor-widget-heading\" data-id=\"ceec4f8\" data-element_type=\"widget\" data-e-type=\"widget\" data-widget_type=\"heading.default\">\n\t\t\t\t<div class=\"elementor-widget-container\">\n\t\t\t\t\t<h2 class=\"elementor-heading-title elementor-size-default\">Vem ska jag tr\u00e4ffa ang\u00e5ende mina snarkningar?<\/h2>\t\t\t\t<\/div>\n\t\t\t\t<\/div>\n\t\t\t\t<div class=\"elementor-element elementor-element-3301b0f1 elementor-widget elementor-widget-text-editor\" data-id=\"3301b0f1\" data-element_type=\"widget\" data-e-type=\"widget\" data-widget_type=\"text-editor.default\">\n\t\t\t\t<div class=\"elementor-widget-container\">\n\t\t\t\t\t\t\t\t\t<p>Om din partner ber dig att g\u00f6ra n\u00e5got \u00e5t din snarkning, \u00e4r det b\u00e4st att prata med din husl\u00e4kare eller familjel\u00e4kare.<br \/><br \/>Eftersom snarkning \u00e4r relaterat till s\u00f6mnapn\u00e9 hos cirka 20 % av patienterna, \u00e4r det v\u00e4rt att be din l\u00e4kare om ett s\u00f6mntest f\u00f6r att kontrollera om du har detta allvarliga medicinska tillst\u00e5nd. Din l\u00e4kare kan ocks\u00e5 h\u00e4nvisa dig till en specialist f\u00f6r att avg\u00f6ra om du \u00e4r l\u00e4mplig f\u00f6r operation.<br \/><br \/>Om din l\u00e4kare beslutar att operation inte \u00e4r l\u00e4mplig f\u00f6r dig, kan du h\u00e4nvisas till en tandl\u00e4kare f\u00f6r en s\u00f6mnapn\u00e9skena.<\/p>\t\t\t\t\t\t\t\t<\/div>\n\t\t\t\t<\/div>\n\t\t\t\t\t<\/div>\n\t\t<\/div>\n\t\t\t\t\t<\/div>\n\t\t<\/section>\n\t\t\t\t\t<\/div>\n\t\t<\/div>\n\t\t\t\t\t<\/div>\n\t\t<\/section>\n\t\t\t\t<\/div>\n\t\t","protected":false},"excerpt":{"rendered":"<p>Snarkningar Medan du sover kan snarkningar uppst\u00e5 n\u00e4r de mjuka v\u00e4vnaderna i din tunga och svalg slappnar av, vilket g\u00f6r luftv\u00e4garna smalnar av. N\u00e4r luftv\u00e4garna blir smalare och du f\u00f6rs\u00f6ker andas in, b\u00f6rjar den mjuka v\u00e4vnaden i halsen att vibrera, och ljudet som bildas \u00e4r snarkning. Snarkning uppst\u00e5r om du sover p\u00e5 rygg och med &#8230;<\/p>\n","protected":false},"author":98,"featured_media":0,"parent":576,"menu_order":0,"comment_status":"closed","ping_status":"closed","template":"","meta":{"_acf_changed":false,"footnotes":""},"class_list":["post-379","page","type-page","status-publish","hentry"],"acf":[],"_links":{"self":[{"href":"https:\/\/somnomed.com\/se\/wp-json\/wp\/v2\/pages\/379","targetHints":{"allow":["GET"]}}],"collection":[{"href":"https:\/\/somnomed.com\/se\/wp-json\/wp\/v2\/pages"}],"about":[{"href":"https:\/\/somnomed.com\/se\/wp-json\/wp\/v2\/types\/page"}],"author":[{"embeddable":true,"href":"https:\/\/somnomed.com\/se\/wp-json\/wp\/v2\/users\/98"}],"replies":[{"embeddable":true,"href":"https:\/\/somnomed.com\/se\/wp-json\/wp\/v2\/comments?post=379"}],"version-history":[{"count":6,"href":"https:\/\/somnomed.com\/se\/wp-json\/wp\/v2\/pages\/379\/revisions"}],"predecessor-version":[{"id":15571,"href":"https:\/\/somnomed.com\/se\/wp-json\/wp\/v2\/pages\/379\/revisions\/15571"}],"up":[{"embeddable":true,"href":"https:\/\/somnomed.com\/se\/wp-json\/wp\/v2\/pages\/576"}],"wp:attachment":[{"href":"https:\/\/somnomed.com\/se\/wp-json\/wp\/v2\/media?parent=379"}],"curies":[{"name":"wp","href":"https:\/\/api.w.org\/{rel}","templated":true}]}}